{"id":4945,"date":"2024-10-08T14:31:16","date_gmt":"2024-10-08T14:31:16","guid":{"rendered":"https:\/\/ralkont.al\/product\/menteshe-dere-per-soba\/"},"modified":"2024-11-27T14:10:57","modified_gmt":"2024-11-27T14:10:57","slug":"menteshe-dere-per-soba","status":"publish","type":"product","link":"https:\/\/ralkont.al\/sq\/sample-product\/menteshe-dere-per-soba\/","title":{"rendered":"MENTESHE DERE PER SOBA"},"content":{"rendered":"<p>MENTESHE DERE PER SOBA<\/p>\n<p>Pjes\u00ebt e k\u00ebmbimit p\u00ebr pajisjet si frigorifer\u00ebt, lavatricet, pajisjet e vogla dhe veglat e pun\u00ebs jan\u00eb thelb\u00ebsore p\u00ebr riparimin dhe mir\u00ebmbajtjen e tyre. Ato p\u00ebrfshijn\u00eb komponente si kompresor\u00eb, termostate, rezistenca, pompa uji, motor\u00eb, filtra, kabllo, mekanizma dhe aksesor\u00eb t\u00eb tjer\u00eb. K\u00ebto pjes\u00eb sigurojn\u00eb funksionimin optimal t\u00eb pajisjeve dhe zgjasin jet\u00ebgjat\u00ebsin\u00eb e tyre. P\u00ebrdorimi i pjes\u00ebve t\u00eb kualitetit t\u00eb lart\u00eb rrit efikasitetin dhe p\u00ebrformanc\u00ebn e pajisjeve, duke ulur kostot e mir\u00ebmbajtjes dhe p\u00ebrmir\u00ebsuar p\u00ebrvoj\u00ebn e p\u00ebrdoruesit.<\/p>","protected":false},"excerpt":{"rendered":"<p>MENTESHE DERE PER SOBA<\/p>","protected":false},"featured_media":6177,"template":"","meta":[],"product_brand":[],"product_cat":[386,373],"product_tag":[],"class_list":{"0":"post-4945","1":"product","2":"type-product","3":"status-publish","4":"has-post-thumbnail","6":"product_cat-mentesha","7":"product_cat-soba","9":"first","10":"instock","11":"purchasable","12":"product-type-simple"},"_links":{"self":[{"href":"https:\/\/ralkont.al\/sq\/wp-json\/wp\/v2\/product\/4945","targetHints":{"allow":["GET"]}}],"collection":[{"href":"https:\/\/ralkont.al\/sq\/wp-json\/wp\/v2\/product"}],"about":[{"href":"https:\/\/ralkont.al\/sq\/wp-json\/wp\/v2\/types\/product"}],"wp:featuredmedia":[{"embeddable":true,"href":"https:\/\/ralkont.al\/sq\/wp-json\/wp\/v2\/media\/6177"}],"wp:attachment":[{"href":"https:\/\/ralkont.al\/sq\/wp-json\/wp\/v2\/media?parent=4945"}],"wp:term":[{"taxonomy":"product_brand","embeddable":true,"href":"https:\/\/ralkont.al\/sq\/wp-json\/wp\/v2\/product_brand?post=4945"},{"taxonomy":"product_cat","embeddable":true,"href":"https:\/\/ralkont.al\/sq\/wp-json\/wp\/v2\/product_cat?post=4945"},{"taxonomy":"product_tag","embeddable":true,"href":"https:\/\/ralkont.al\/sq\/wp-json\/wp\/v2\/product_tag?post=4945"}],"curies":[{"name":"wp","href":"https:\/\/api.w.org\/{rel}","templated":true}]}}