{"id":4923,"date":"2024-10-08T14:31:10","date_gmt":"2024-10-08T14:31:10","guid":{"rendered":"https:\/\/ralkont.al\/product\/rezistence-sobe-beko-1100w\/"},"modified":"2026-02-24T11:45:26","modified_gmt":"2026-02-24T11:45:26","slug":"rezistence-sobe-beko-1100w","status":"publish","type":"product","link":"https:\/\/ralkont.al\/sq\/sample-product\/rezistence-sobe-beko-1100w\/","title":{"rendered":"REZISTENCE SOBE BEKO"},"content":{"rendered":"<h3 data-start=\"75\" data-end=\"130\">\ud83d\udd27 RESISTENC\u00cb\u00a0 DOPIO BEKO \/ ARCELIK \u2013 IRCA<\/h3>\n<p data-start=\"132\" data-end=\"182\"><strong data-start=\"132\" data-end=\"151\">Kod Alternativ:<\/strong> ARCELIK<br data-start=\"159\" data-end=\"162\" \/><strong data-start=\"162\" data-end=\"182\">Kode Origjinale:<\/strong><\/p>\n<ul data-start=\"183\" data-end=\"289\">\n<li data-start=\"183\" data-end=\"218\">\n<p data-start=\"185\" data-end=\"218\"><strong data-start=\"185\" data-end=\"194\">BEKO:<\/strong> 262900064 \u2013 C00912539<\/p>\n<\/li>\n<li data-start=\"219\" data-end=\"257\">\n<p data-start=\"221\" data-end=\"257\"><strong data-start=\"221\" data-end=\"233\">INDESIT:<\/strong> C00408866 \u2013 C00912539<\/p>\n<\/li>\n<li data-start=\"258\" data-end=\"289\">\n<p data-start=\"260\" data-end=\"289\"><strong data-start=\"260\" data-end=\"274\">WHIRLPOOL:<\/strong> 482000004603<\/p>\n<\/li>\n<\/ul>\n<p data-start=\"291\" data-end=\"328\"><strong data-start=\"291\" data-end=\"304\">Prodhues:<\/strong> IRCA<br data-start=\"309\" data-end=\"312\" \/><strong data-start=\"312\" data-end=\"328\">Specifikime:<\/strong><\/p>\n<ul data-start=\"329\" data-end=\"502\">\n<li data-start=\"329\" data-end=\"363\">\n<p data-start=\"331\" data-end=\"363\">Tipi: Rezistenc\u00eb Grill (sip\u00ebrme)<\/p>\n<\/li>\n<li data-start=\"364\" data-end=\"401\">\n<p data-start=\"366\" data-end=\"401\">Fuqia: 1100W + 1100W (Totali 2200W)<\/p>\n<\/li>\n<li data-start=\"402\" data-end=\"420\">\n<p data-start=\"404\" data-end=\"420\">Tensioni: 230V<\/p>\n<\/li>\n<li data-start=\"421\" data-end=\"449\">\n<p data-start=\"423\" data-end=\"449\">Dimensione: 308 x 295 mm<\/p>\n<\/li>\n<li data-start=\"450\" data-end=\"472\">\n<p data-start=\"452\" data-end=\"472\">Traversina: 270 mm<\/p>\n<\/li>\n<li data-start=\"473\" data-end=\"502\">\n<p data-start=\"475\" data-end=\"502\">Staffa (mbajt\u00ebsja): 85 mm<\/p>\n<\/li>\n<\/ul>\n<p>Pjes\u00ebt e k\u00ebmbimit p\u00ebr pajisjet si frigorifer\u00ebt, lavatricet, pajisjet e vogla dhe veglat e pun\u00ebs jan\u00eb thelb\u00ebsore p\u00ebr riparimin dhe mir\u00ebmbajtjen e tyre. Ato p\u00ebrfshijn\u00eb komponente si kompresor\u00eb, termostate, rezistenca, pompa uji, motor\u00eb, filtra, kabllo, mekanizma dhe aksesor\u00eb t\u00eb tjer\u00eb. K\u00ebto pjes\u00eb sigurojn\u00eb funksionimin optimal t\u00eb pajisjeve dhe zgjasin jet\u00ebgjat\u00ebsin\u00eb e tyre. P\u00ebrdorimi i pjes\u00ebve t\u00eb kualitetit t\u00eb lart\u00eb rrit efikasitetin dhe p\u00ebrformanc\u00ebn e pajisjeve, duke ulur kostot e mir\u00ebmbajtjes dhe p\u00ebrmir\u00ebsuar p\u00ebrvoj\u00ebn e p\u00ebrdoruesit.<\/p>\n<p>&nbsp;<\/p>\n<p>312cu162<\/p>","protected":false},"excerpt":{"rendered":"<p>REZISTENCE SOBE BEKO 1100W<\/p>","protected":false},"featured_media":6203,"template":"","meta":[],"product_brand":[],"product_cat":[374,373],"product_tag":[],"class_list":{"0":"post-4923","1":"product","2":"type-product","3":"status-publish","4":"has-post-thumbnail","6":"product_cat-rezistenca-soba","7":"product_cat-soba","9":"first","10":"instock","11":"purchasable","12":"product-type-simple"},"_links":{"self":[{"href":"https:\/\/ralkont.al\/sq\/wp-json\/wp\/v2\/product\/4923","targetHints":{"allow":["GET"]}}],"collection":[{"href":"https:\/\/ralkont.al\/sq\/wp-json\/wp\/v2\/product"}],"about":[{"href":"https:\/\/ralkont.al\/sq\/wp-json\/wp\/v2\/types\/product"}],"wp:featuredmedia":[{"embeddable":true,"href":"https:\/\/ralkont.al\/sq\/wp-json\/wp\/v2\/media\/6203"}],"wp:attachment":[{"href":"https:\/\/ralkont.al\/sq\/wp-json\/wp\/v2\/media?parent=4923"}],"wp:term":[{"taxonomy":"product_brand","embeddable":true,"href":"https:\/\/ralkont.al\/sq\/wp-json\/wp\/v2\/product_brand?post=4923"},{"taxonomy":"product_cat","embeddable":true,"href":"https:\/\/ralkont.al\/sq\/wp-json\/wp\/v2\/product_cat?post=4923"},{"taxonomy":"product_tag","embeddable":true,"href":"https:\/\/ralkont.al\/sq\/wp-json\/wp\/v2\/product_tag?post=4923"}],"curies":[{"name":"wp","href":"https:\/\/api.w.org\/{rel}","templated":true}]}}