{"id":4887,"date":"2024-10-08T14:31:04","date_gmt":"2024-10-08T14:31:04","guid":{"rendered":"https:\/\/ralkont.al\/product\/rezistence-lavatrice-me-vrime-me-pature-1950w-zanusi\/"},"modified":"2025-10-30T17:03:17","modified_gmt":"2025-10-30T17:03:17","slug":"rezistence-lavatrice-me-vrime-me-pature-1950w-zanusi","status":"publish","type":"product","link":"https:\/\/ralkont.al\/sq\/sample-product\/rezistence-lavatrice-me-vrime-me-pature-1950w-zanusi\/","title":{"rendered":"REZISTENCE LAVATRICE ME VRIME ME PATURE 1950W ZANUSI"},"content":{"rendered":"<p>REZISTENCE LAVATRICE ME VRIME ME PATURE 1950W ZANUSI<\/p>\n<p data-start=\"86\" data-end=\"194\">Me vrim\u00eb .<br data-start=\"126\" data-end=\"129\" \/>Fuqia: <strong data-start=\"136\" data-end=\"145\">1950W<\/strong>, Tensioni: <strong data-start=\"157\" data-end=\"165\">230V<\/strong><br data-start=\"165\" data-end=\"168\" \/>Gjat\u00ebsia: <strong data-start=\"178\" data-end=\"194\">231 x 175 mm<\/strong><\/p>\n<p data-start=\"196\" data-end=\"388\"><strong data-start=\"196\" data-end=\"206\">Marka:<\/strong> ZANUSSI<br data-start=\"214\" data-end=\"217\" \/><strong data-start=\"217\" data-end=\"231\">Prodhuesi:<\/strong> THERMOWATT<br data-start=\"242\" data-end=\"245\" \/><strong data-start=\"245\" data-end=\"258\">Origjina:<\/strong> ITALI<br data-start=\"285\" data-end=\"288\" \/><strong data-start=\"288\" data-end=\"304\">Prodhuar n\u00eb:<\/strong> MADE IN ITALY<br data-start=\"318\" data-end=\"321\" \/><strong data-start=\"321\" data-end=\"342\">Kodet Origjinale:<\/strong> 132180710, 1325347001, 146321800, 146361800<\/p>\n<p>htr008zn<\/p>\n<p>zn5132<\/p>\n<p>&nbsp;<\/p>\n<p>Pjes\u00ebt e k\u00ebmbimit p\u00ebr pajisjet si frigorifer\u00ebt, lavatricet, pajisjet e vogla dhe veglat e pun\u00ebs jan\u00eb thelb\u00ebsore p\u00ebr riparimin dhe mir\u00ebmbajtjen e tyre. Ato p\u00ebrfshijn\u00eb komponente si kompresor\u00eb, termostate, rezistenca, pompa uji, motor\u00eb, filtra, kabllo, mekanizma dhe aksesor\u00eb t\u00eb tjer\u00eb. K\u00ebto pjes\u00eb sigurojn\u00eb funksionimin optimal t\u00eb pajisjeve dhe zgjasin jet\u00ebgjat\u00ebsin\u00eb e tyre. P\u00ebrdorimi i pjes\u00ebve t\u00eb kualitetit t\u00eb lart\u00eb rrit efikasitetin dhe p\u00ebrformanc\u00ebn e pajisjeve, duke ulur kostot e mir\u00ebmbajtjes dhe p\u00ebrmir\u00ebsuar p\u00ebrvoj\u00ebn e p\u00ebrdoruesit.<\/p>","protected":false},"excerpt":{"rendered":"<p>REZISTENCE LAVATRICE ME VRIME ME PATURE 1950W ZANUSI<\/p>","protected":false},"featured_media":7706,"template":"","meta":[],"product_brand":[],"product_cat":[346,353],"product_tag":[],"class_list":{"0":"post-4887","1":"product","2":"type-product","3":"status-publish","4":"has-post-thumbnail","6":"product_cat-larje","7":"product_cat-rezistenca","9":"first","10":"instock","11":"purchasable","12":"product-type-simple"},"_links":{"self":[{"href":"https:\/\/ralkont.al\/sq\/wp-json\/wp\/v2\/product\/4887","targetHints":{"allow":["GET"]}}],"collection":[{"href":"https:\/\/ralkont.al\/sq\/wp-json\/wp\/v2\/product"}],"about":[{"href":"https:\/\/ralkont.al\/sq\/wp-json\/wp\/v2\/types\/product"}],"wp:featuredmedia":[{"embeddable":true,"href":"https:\/\/ralkont.al\/sq\/wp-json\/wp\/v2\/media\/7706"}],"wp:attachment":[{"href":"https:\/\/ralkont.al\/sq\/wp-json\/wp\/v2\/media?parent=4887"}],"wp:term":[{"taxonomy":"product_brand","embeddable":true,"href":"https:\/\/ralkont.al\/sq\/wp-json\/wp\/v2\/product_brand?post=4887"},{"taxonomy":"product_cat","embeddable":true,"href":"https:\/\/ralkont.al\/sq\/wp-json\/wp\/v2\/product_cat?post=4887"},{"taxonomy":"product_tag","embeddable":true,"href":"https:\/\/ralkont.al\/sq\/wp-json\/wp\/v2\/product_tag?post=4887"}],"curies":[{"name":"wp","href":"https:\/\/api.w.org\/{rel}","templated":true}]}}