{"id":10255,"date":"2026-05-11T15:33:01","date_gmt":"2026-05-11T15:33:01","guid":{"rendered":"https:\/\/ralkont.al\/?post_type=product&#038;p=10255"},"modified":"2026-05-11T15:40:33","modified_gmt":"2026-05-11T15:40:33","slug":"doreze-dere-lavatrice-zanussi-13","status":"publish","type":"product","link":"https:\/\/ralkont.al\/sq\/sample-product\/doreze-dere-lavatrice-zanussi-13\/","title":{"rendered":"DOREZE DERE LAVATRICE ZANUSSI"},"content":{"rendered":"<div class=\"\" data-turn-id-container=\"request-WEB:e6021dc2-46cd-4a4f-9b45-ae21f513b8a4-7\" data-is-intersecting=\"true\">\n<div class=\"relative w-full overflow-visible\">\n<section class=\"text-token-text-primary w-full focus:outline-none [--shadow-height:45px] has-data-writing-block:pointer-events-none has-data-writing-block:-mt-(--shadow-height) has-data-writing-block:pt-(--shadow-height) [&amp;:has([data-writing-block])&gt;*]:pointer-events-auto R6Vx5W_threadScrollVars scroll-mb-[calc(var(--scroll-root-safe-area-inset-bottom,0px)+var(--thread-response-height))] scroll-mt-[calc(var(--header-height)+min(200px,max(70px,20svh)))]\" dir=\"auto\" data-turn-id=\"request-WEB:e6021dc2-46cd-4a4f-9b45-ae21f513b8a4-7\" data-turn-id-container=\"request-WEB:e6021dc2-46cd-4a4f-9b45-ae21f513b8a4-7\" data-testid=\"conversation-turn-16\" data-scroll-anchor=\"false\" data-turn=\"assistant\">\n<div class=\"text-base my-auto mx-auto pb-10 [--thread-content-margin:var(--thread-content-margin-xs,calc(var(--spacing)*4))] @w-sm\/main:[--thread-content-margin:var(--thread-content-margin-sm,calc(var(--spacing)*6))] @w-lg\/main:[--thread-content-margin:var(--thread-content-margin-lg,calc(var(--spacing)*16))] px-(--thread-content-margin)\">\n<div class=\"[--thread-content-max-width:40rem] @w-lg\/main:[--thread-content-max-width:48rem] mx-auto max-w-(--thread-content-max-width) flex-1 group\/turn-messages focus-visible:outline-hidden relative flex w-full min-w-0 flex-col agent-turn\">\n<div class=\"flex max-w-full flex-col gap-4 grow\">\n<div class=\"min-h-8 text-message relative flex w-full flex-col items-end gap-2 text-start break-words whitespace-normal outline-none keyboard-focused:focus-ring [.text-message+&amp;]:mt-1\" dir=\"auto\" tabindex=\"0\" data-message-author-role=\"assistant\" data-message-id=\"561c71e2-39bb-45ed-b446-de026047684a\" data-message-model-slug=\"gpt-5-5\" data-turn-start-message=\"true\">\n<div class=\"flex w-full flex-col gap-1 empty:hidden\">\n<div class=\"markdown prose dark:prose-invert wrap-break-word w-full light markdown-new-styling\">\n<div class=\"\" data-turn-id-container=\"50257fa3-7023-47e8-beb6-52f33d6e277e\" data-is-intersecting=\"true\">\n<div class=\"relative w-full overflow-visible\">\n<section class=\"text-token-text-primary w-full focus:outline-none [--shadow-height:45px] has-data-writing-block:pointer-events-none has-data-writing-block:-mt-(--shadow-height) has-data-writing-block:pt-(--shadow-height) [&amp;:has([data-writing-block])&gt;*]:pointer-events-auto R6Vx5W_threadScrollVars scroll-mb-[calc(var(--scroll-root-safe-area-inset-bottom,0px)+var(--thread-response-height))] scroll-mt-(--header-height)\" dir=\"auto\" data-turn-id=\"50257fa3-7023-47e8-beb6-52f33d6e277e\" data-turn-id-container=\"50257fa3-7023-47e8-beb6-52f33d6e277e\" data-testid=\"conversation-turn-3\" data-scroll-anchor=\"false\" data-turn=\"user\"><\/section>\n<div class=\"contents\">\n<div class=\"\" data-turn-id-container=\"fe841325-a80f-483f-8818-463fba276aa2\" data-is-intersecting=\"true\">\n<div class=\"relative w-full overflow-visible\">\n<section class=\"text-token-text-primary w-full focus:outline-none [--shadow-height:45px] has-data-writing-block:pointer-events-none has-data-writing-block:-mt-(--shadow-height) has-data-writing-block:pt-(--shadow-height) [&amp;:has([data-writing-block])&gt;*]:pointer-events-auto R6Vx5W_threadScrollVars scroll-mb-[calc(var(--scroll-root-safe-area-inset-bottom,0px)+var(--thread-response-height))] scroll-mt-(--header-height)\" dir=\"auto\" data-turn-id=\"fe841325-a80f-483f-8818-463fba276aa2\" data-turn-id-container=\"fe841325-a80f-483f-8818-463fba276aa2\" data-testid=\"conversation-turn-5\" data-scroll-anchor=\"false\" data-turn=\"user\"><\/section>\n<div class=\"contents\">\n<div class=\"\" data-turn-id-container=\"e8bedc1b-84a3-43c1-996e-ffce131a86d9\" data-is-intersecting=\"true\">\n<div class=\"relative w-full overflow-visible\">\n<div class=\"qMYqUG_convSearchResultHighlightRoot\">\n<div class=\"\" data-turn-id-container=\"request-WEB:8837e5e6-3222-4473-87c7-a0ceeff8f7fa-5\" data-is-intersecting=\"true\">\n<div class=\"relative w-full overflow-visible\">\n<section class=\"text-token-text-primary w-full focus:outline-none [--shadow-height:45px] has-data-writing-block:pointer-events-none has-data-writing-block:-mt-(--shadow-height) has-data-writing-block:pt-(--shadow-height) [&amp;:has([data-writing-block])&gt;*]:pointer-events-auto R6Vx5W_threadScrollVars scroll-mb-[calc(var(--scroll-root-safe-area-inset-bottom,0px)+var(--thread-response-height))] scroll-mt-[calc(var(--header-height)+min(200px,max(70px,20svh)))]\" dir=\"auto\" data-turn-id=\"request-WEB:8837e5e6-3222-4473-87c7-a0ceeff8f7fa-5\" data-turn-id-container=\"request-WEB:8837e5e6-3222-4473-87c7-a0ceeff8f7fa-5\" data-testid=\"conversation-turn-12\" data-scroll-anchor=\"false\" data-turn=\"assistant\">\n<div class=\"text-base my-auto mx-auto pb-10 [--thread-content-margin:var(--thread-content-margin-xs,calc(var(--spacing)*4))] @w-sm\/main:[--thread-content-margin:var(--thread-content-margin-sm,calc(var(--spacing)*6))] @w-lg\/main:[--thread-content-margin:var(--thread-content-margin-lg,calc(var(--spacing)*16))] px-(--thread-content-margin)\">\n<div class=\"[--thread-content-max-width:40rem] @w-lg\/main:[--thread-content-max-width:48rem] mx-auto max-w-(--thread-content-max-width) flex-1 group\/turn-messages focus-visible:outline-hidden relative flex w-full min-w-0 flex-col agent-turn\">\n<div class=\"flex max-w-full flex-col gap-4 grow\">\n<div class=\"min-h-8 text-message relative flex w-full flex-col items-end gap-2 text-start break-words whitespace-normal outline-none keyboard-focused:focus-ring [.text-message+&amp;]:mt-1\" dir=\"auto\" tabindex=\"0\" data-message-author-role=\"assistant\" data-message-id=\"c4c91c90-f9e0-470d-b23a-23aa778e823a\" data-message-model-slug=\"gpt-5-5\" data-turn-start-message=\"true\">\n<div class=\"flex w-full flex-col gap-1 empty:hidden\">\n<div class=\"markdown prose dark:prose-invert wrap-break-word w-full light markdown-new-styling\">\n<p data-start=\"0\" data-end=\"116\"><strong data-start=\"0\" data-end=\"94\">Kit Komplet Doreze Dere Lavatrice Electrolux Jo Origjinale (Kit Completo Maniglietta Obl\u00f2)<\/strong><br data-start=\"94\" data-end=\"97\" \/><strong data-start=\"97\" data-end=\"106\">Kodi:<\/strong> 139ZN61<\/p>\n<p data-start=\"118\" data-end=\"141\"><strong data-start=\"118\" data-end=\"139\">Kodet Origjinale:<\/strong><\/p>\n<ul data-start=\"142\" data-end=\"214\">\n<li data-section-id=\"1chldbo\" data-start=\"142\" data-end=\"187\">1327920185 \u2013 1327920011 (Doreza \/ Handle)<\/li>\n<li data-section-id=\"17axpp8\" data-start=\"188\" data-end=\"214\">4055137402 (Kit komplet)<\/li>\n<\/ul>\n<p data-start=\"216\" data-end=\"517\">Kit komplet doreze dere p\u00ebr lavatri\u00e7e kompatibile me <span class=\"hover:entity-accent entity-underline inline cursor-pointer align-baseline\"><span class=\"whitespace-normal\">Electrolux<\/span><\/span>, <span class=\"hover:entity-accent entity-underline inline cursor-pointer align-baseline\"><span class=\"whitespace-normal\">IKEA<\/span><\/span> dhe <span class=\"hover:entity-accent entity-underline inline cursor-pointer align-baseline\"><span class=\"whitespace-normal\">Zanussi<\/span><\/span>. Version jo origjinal (aftermarket) me cil\u00ebsi t\u00eb mir\u00eb p\u00ebr z\u00ebvend\u00ebsimin e mekanizmit t\u00eb d\u00ebmtuar t\u00eb dorez\u00ebs s\u00eb der\u00ebs s\u00eb lavatri\u00e7es.<\/p>\n<p data-start=\"519\" data-end=\"656\">Kompleti p\u00ebrfshin pjes\u00ebt kryesore t\u00eb mekanizmit t\u00eb dorez\u00ebs, duke rikthyer funksionimin korrekt t\u00eb der\u00ebs dhe mbylljen e sigurt t\u00eb obligut.<\/p>\n<p data-start=\"658\" data-end=\"728\"><strong data-start=\"658\" data-end=\"669\">Sh\u00ebnim:<\/strong><br data-start=\"669\" data-end=\"672\" \/>KIT COMPLETO MANIGLIETTA OBLO\u2019 \u2013 Kit komplet doreze dere<\/p>\n<h3 data-section-id=\"1oh4ajl\" data-start=\"730\" data-end=\"798\">Problemet q\u00eb shfaq lavatri\u00e7ja kur d\u00ebmtohet doreza ose mekanizmi:<\/h3>\n<ul data-start=\"799\" data-end=\"1111\" data-is-last-node=\"\" data-is-only-node=\"\">\n<li data-section-id=\"suab21\" data-start=\"799\" data-end=\"844\">Dera nuk hapet ose nuk mbyllet normalisht<\/li>\n<li data-section-id=\"ri2k1\" data-start=\"845\" data-end=\"892\">Doreza \u00ebsht\u00eb e thyer ose nuk kap mekanizmin<\/li>\n<li data-section-id=\"1ijxnmq\" data-start=\"893\" data-end=\"959\">Lavatri\u00e7ja nuk nis programin p\u00ebr shkak t\u00eb mosmbylljes s\u00eb der\u00ebs<\/li>\n<li data-section-id=\"18pmxl\" data-start=\"960\" data-end=\"1014\">Mekanizmi i bllokimit nuk funksionon korrekt\u00ebsisht<\/li>\n<li data-section-id=\"kfp19h\" data-start=\"1015\" data-end=\"1048\">Hapje me v\u00ebshtir\u00ebsi e obligut<\/li>\n<li data-section-id=\"cdtzv\" data-start=\"1049\" data-end=\"1111\" data-is-last-node=\"\">Dera mbetet e lirshme ose nuk fiksohet mir\u00eb gjat\u00eb p\u00ebrdorimit<\/li>\n<\/ul>\n<\/div>\n<\/div>\n<\/div>\n<\/div>\n<\/div>\n<\/div>\n<\/section>\n<\/div>\n<\/div>\n<\/div>\n<div class=\"pointer-events-none -mt-px h-px translate-y-[calc(var(--scroll-root-safe-area-inset-bottom)-14*var(--spacing))]\" aria-hidden=\"true\"><\/div>\n<\/div>\n<\/div>\n<\/div>\n<\/div>\n<\/div>\n<\/div>\n<\/div>\n<\/div>\n<\/div>\n<\/div>\n<\/div>\n<\/div>\n<\/div>\n<\/div>\n<\/section>\n<\/div>\n<\/div>\n<div class=\"pointer-events-none -mt-px h-px translate-y-[calc(var(--scroll-root-safe-area-inset-bottom)-14*var(--spacing))]\" aria-hidden=\"true\"><\/div>","protected":false},"excerpt":{"rendered":"<p>Kit Komplet Doreze Dere Lavatrice Electrolux Jo Origjinale (Kit Completo Maniglietta Obl\u00f2)Kodi: 139ZN61 Kodet Origjinale: 1327920185 \u2013 1327920011 (Doreza \/ Handle) 4055137402 (Kit komplet) Kit komplet doreze dere p\u00ebr lavatri\u00e7e kompatibile me Electrolux, IKEA dhe Zanussi. Version jo origjinal (aftermarket) me cil\u00ebsi t\u00eb mir\u00eb p\u00ebr z\u00ebvend\u00ebsimin e mekanizmit t\u00eb d\u00ebmtuar t\u00eb dorez\u00ebs s\u00eb der\u00ebs s\u00eb<\/p>\n<div class=\"klb-readmore button\"><a class=\"btn link\" href=\"https:\/\/ralkont.al\/sq\/sample-product\/doreze-dere-lavatrice-zanussi-13\/\">Read More <i class=\"klbth-icon-right-arrow\"><\/i><\/a><\/div>","protected":false},"featured_media":10256,"template":"","meta":[],"product_brand":[],"product_cat":[350,346],"product_tag":[],"class_list":{"0":"post-10255","1":"product","2":"type-product","3":"status-publish","4":"has-post-thumbnail","6":"product_cat-doreza","7":"product_cat-larje","9":"first","10":"instock","11":"taxable","12":"shipping-taxable","13":"purchasable","14":"product-type-simple"},"_links":{"self":[{"href":"https:\/\/ralkont.al\/sq\/wp-json\/wp\/v2\/product\/10255","targetHints":{"allow":["GET"]}}],"collection":[{"href":"https:\/\/ralkont.al\/sq\/wp-json\/wp\/v2\/product"}],"about":[{"href":"https:\/\/ralkont.al\/sq\/wp-json\/wp\/v2\/types\/product"}],"wp:featuredmedia":[{"embeddable":true,"href":"https:\/\/ralkont.al\/sq\/wp-json\/wp\/v2\/media\/10256"}],"wp:attachment":[{"href":"https:\/\/ralkont.al\/sq\/wp-json\/wp\/v2\/media?parent=10255"}],"wp:term":[{"taxonomy":"product_brand","embeddable":true,"href":"https:\/\/ralkont.al\/sq\/wp-json\/wp\/v2\/product_brand?post=10255"},{"taxonomy":"product_cat","embeddable":true,"href":"https:\/\/ralkont.al\/sq\/wp-json\/wp\/v2\/product_cat?post=10255"},{"taxonomy":"product_tag","embeddable":true,"href":"https:\/\/ralkont.al\/sq\/wp-json\/wp\/v2\/product_tag?post=10255"}],"curies":[{"name":"wp","href":"https:\/\/api.w.org\/{rel}","templated":true}]}}