{"id":10249,"date":"2026-05-11T14:24:44","date_gmt":"2026-05-11T14:24:44","guid":{"rendered":"https:\/\/ralkont.al\/?post_type=product&#038;p=10249"},"modified":"2026-05-11T15:09:25","modified_gmt":"2026-05-11T15:09:25","slug":"doreze-dere-lavatrice-zanussi-10","status":"publish","type":"product","link":"https:\/\/ralkont.al\/sq\/sample-product\/doreze-dere-lavatrice-zanussi-10\/","title":{"rendered":"DOREZE DERE LAVATRICE ZANUSSI"},"content":{"rendered":"<div class=\"\" data-turn-id-container=\"request-WEB:e6021dc2-46cd-4a4f-9b45-ae21f513b8a4-7\" data-is-intersecting=\"true\">\n<div class=\"relative w-full overflow-visible\">\n<section class=\"text-token-text-primary w-full focus:outline-none [--shadow-height:45px] has-data-writing-block:pointer-events-none has-data-writing-block:-mt-(--shadow-height) has-data-writing-block:pt-(--shadow-height) [&amp;:has([data-writing-block])&gt;*]:pointer-events-auto R6Vx5W_threadScrollVars scroll-mb-[calc(var(--scroll-root-safe-area-inset-bottom,0px)+var(--thread-response-height))] scroll-mt-[calc(var(--header-height)+min(200px,max(70px,20svh)))]\" dir=\"auto\" data-turn-id=\"request-WEB:e6021dc2-46cd-4a4f-9b45-ae21f513b8a4-7\" data-turn-id-container=\"request-WEB:e6021dc2-46cd-4a4f-9b45-ae21f513b8a4-7\" data-testid=\"conversation-turn-16\" data-scroll-anchor=\"false\" data-turn=\"assistant\">\n<div class=\"text-base my-auto mx-auto pb-10 [--thread-content-margin:var(--thread-content-margin-xs,calc(var(--spacing)*4))] @w-sm\/main:[--thread-content-margin:var(--thread-content-margin-sm,calc(var(--spacing)*6))] @w-lg\/main:[--thread-content-margin:var(--thread-content-margin-lg,calc(var(--spacing)*16))] px-(--thread-content-margin)\">\n<div class=\"[--thread-content-max-width:40rem] @w-lg\/main:[--thread-content-max-width:48rem] mx-auto max-w-(--thread-content-max-width) flex-1 group\/turn-messages focus-visible:outline-hidden relative flex w-full min-w-0 flex-col agent-turn\">\n<div class=\"flex max-w-full flex-col gap-4 grow\">\n<div class=\"min-h-8 text-message relative flex w-full flex-col items-end gap-2 text-start break-words whitespace-normal outline-none keyboard-focused:focus-ring [.text-message+&amp;]:mt-1\" dir=\"auto\" tabindex=\"0\" data-message-author-role=\"assistant\" data-message-id=\"561c71e2-39bb-45ed-b446-de026047684a\" data-message-model-slug=\"gpt-5-5\" data-turn-start-message=\"true\">\n<div class=\"flex w-full flex-col gap-1 empty:hidden\">\n<div class=\"markdown prose dark:prose-invert wrap-break-word w-full light markdown-new-styling\">\n<div class=\"\" data-turn-id-container=\"50257fa3-7023-47e8-beb6-52f33d6e277e\" data-is-intersecting=\"true\">\n<div class=\"relative w-full overflow-visible\">\n<section class=\"text-token-text-primary w-full focus:outline-none [--shadow-height:45px] has-data-writing-block:pointer-events-none has-data-writing-block:-mt-(--shadow-height) has-data-writing-block:pt-(--shadow-height) [&amp;:has([data-writing-block])&gt;*]:pointer-events-auto R6Vx5W_threadScrollVars scroll-mb-[calc(var(--scroll-root-safe-area-inset-bottom,0px)+var(--thread-response-height))] scroll-mt-(--header-height)\" dir=\"auto\" data-turn-id=\"50257fa3-7023-47e8-beb6-52f33d6e277e\" data-turn-id-container=\"50257fa3-7023-47e8-beb6-52f33d6e277e\" data-testid=\"conversation-turn-3\" data-scroll-anchor=\"false\" data-turn=\"user\"><\/section>\n<div class=\"contents\">\n<div class=\"\" data-turn-id-container=\"fe841325-a80f-483f-8818-463fba276aa2\" data-is-intersecting=\"true\">\n<div class=\"relative w-full overflow-visible\">\n<section class=\"text-token-text-primary w-full focus:outline-none [--shadow-height:45px] has-data-writing-block:pointer-events-none has-data-writing-block:-mt-(--shadow-height) has-data-writing-block:pt-(--shadow-height) [&amp;:has([data-writing-block])&gt;*]:pointer-events-auto R6Vx5W_threadScrollVars scroll-mb-[calc(var(--scroll-root-safe-area-inset-bottom,0px)+var(--thread-response-height))] scroll-mt-(--header-height)\" dir=\"auto\" data-turn-id=\"fe841325-a80f-483f-8818-463fba276aa2\" data-turn-id-container=\"fe841325-a80f-483f-8818-463fba276aa2\" data-testid=\"conversation-turn-5\" data-scroll-anchor=\"false\" data-turn=\"user\"><\/section>\n<div class=\"contents\">\n<div class=\"\" data-turn-id-container=\"e8bedc1b-84a3-43c1-996e-ffce131a86d9\" data-is-intersecting=\"true\">\n<div class=\"relative w-full overflow-visible\">\n<div class=\"qMYqUG_convSearchResultHighlightRoot\">\n<div class=\"\" data-turn-id-container=\"request-WEB:8837e5e6-3222-4473-87c7-a0ceeff8f7fa-5\" data-is-intersecting=\"true\">\n<div class=\"relative w-full overflow-visible\">\n<section class=\"text-token-text-primary w-full focus:outline-none [--shadow-height:45px] has-data-writing-block:pointer-events-none has-data-writing-block:-mt-(--shadow-height) has-data-writing-block:pt-(--shadow-height) [&amp;:has([data-writing-block])&gt;*]:pointer-events-auto R6Vx5W_threadScrollVars scroll-mb-[calc(var(--scroll-root-safe-area-inset-bottom,0px)+var(--thread-response-height))] scroll-mt-[calc(var(--header-height)+min(200px,max(70px,20svh)))]\" dir=\"auto\" data-turn-id=\"request-WEB:8837e5e6-3222-4473-87c7-a0ceeff8f7fa-5\" data-turn-id-container=\"request-WEB:8837e5e6-3222-4473-87c7-a0ceeff8f7fa-5\" data-testid=\"conversation-turn-12\" data-scroll-anchor=\"false\" data-turn=\"assistant\">\n<div class=\"text-base my-auto mx-auto pb-10 [--thread-content-margin:var(--thread-content-margin-xs,calc(var(--spacing)*4))] @w-sm\/main:[--thread-content-margin:var(--thread-content-margin-sm,calc(var(--spacing)*6))] @w-lg\/main:[--thread-content-margin:var(--thread-content-margin-lg,calc(var(--spacing)*16))] px-(--thread-content-margin)\">\n<div class=\"[--thread-content-max-width:40rem] @w-lg\/main:[--thread-content-max-width:48rem] mx-auto max-w-(--thread-content-max-width) flex-1 group\/turn-messages focus-visible:outline-hidden relative flex w-full min-w-0 flex-col agent-turn\">\n<div class=\"flex max-w-full flex-col gap-4 grow\">\n<div class=\"min-h-8 text-message relative flex w-full flex-col items-end gap-2 text-start break-words whitespace-normal outline-none keyboard-focused:focus-ring [.text-message+&amp;]:mt-1\" dir=\"auto\" tabindex=\"0\" data-message-author-role=\"assistant\" data-message-id=\"c4c91c90-f9e0-470d-b23a-23aa778e823a\" data-message-model-slug=\"gpt-5-5\" data-turn-start-message=\"true\">\n<div class=\"flex w-full flex-col gap-1 empty:hidden\">\n<div class=\"markdown prose dark:prose-invert wrap-break-word w-full light markdown-new-styling\"><\/div>\n<\/div>\n<\/div>\n<\/div>\n<div class=\"mt-3 w-full empty:hidden\">\n<div class=\"text-center\">\n<p data-start=\"0\" data-end=\"136\"><strong data-start=\"0\" data-end=\"81\">Dorez\u00eb Dere Lavatrice (Maniglietta Obl\u00f2) p\u00ebr AEG \/ Electrolux \/ Rex \/ Zanussi<\/strong><br data-start=\"81\" data-end=\"84\" \/><strong data-start=\"84\" data-end=\"93\">Kodi:<\/strong> 139ZN54<br data-start=\"101\" data-end=\"104\" \/><strong data-start=\"104\" data-end=\"123\">Kodi Origjinal:<\/strong> 1325185013<\/p>\n<p data-start=\"138\" data-end=\"495\">Dorez\u00eb dere kompatibile p\u00ebr lavatri\u00e7e <span class=\"hover:entity-accent entity-underline inline cursor-pointer align-baseline\"><span class=\"whitespace-normal\">AEG<\/span><\/span>, <span class=\"hover:entity-accent entity-underline inline cursor-pointer align-baseline\"><span class=\"whitespace-normal\">Electrolux<\/span><\/span>, <span class=\"hover:entity-accent entity-underline inline cursor-pointer align-baseline\"><span class=\"whitespace-normal\">Rex<\/span><\/span> dhe <span class=\"hover:entity-accent entity-underline inline cursor-pointer align-baseline\"><span class=\"whitespace-normal\">Zanussi<\/span><\/span>. Produkt cil\u00ebsor p\u00ebr z\u00ebvend\u00ebsimin e dorez\u00ebs s\u00eb d\u00ebmtuar ose t\u00eb konsumuar t\u00eb der\u00ebs s\u00eb lavatri\u00e7es, duke garantuar funksionim korrekt dhe mbyllje t\u00eb sigurt t\u00eb der\u00ebs.<\/p>\n<p data-start=\"497\" data-end=\"569\">Kompatib\u00ebl me modele t\u00eb ndryshme q\u00eb p\u00ebrdorin kodin origjinal 1325185013.<\/p>\n<h3 data-section-id=\"10683\" data-start=\"571\" data-end=\"625\">Problemet q\u00eb shfaq lavatri\u00e7ja kur d\u00ebmtohet doreza:<\/h3>\n<ul data-start=\"626\" data-end=\"897\" data-is-last-node=\"\" data-is-only-node=\"\">\n<li data-section-id=\"1ntkhyx\" data-start=\"626\" data-end=\"670\">Dera nuk hapet ose nuk mbyllet si\u00e7 duhet<\/li>\n<li data-section-id=\"19nz9jj\" data-start=\"671\" data-end=\"709\">Doreza \u00ebsht\u00eb e thyer ose e lirshme<\/li>\n<li data-section-id=\"1ijxnmq\" data-start=\"710\" data-end=\"776\">Lavatri\u00e7ja nuk nis programin p\u00ebr shkak t\u00eb mosmbylljes s\u00eb der\u00ebs<\/li>\n<li data-section-id=\"5nbbu3\" data-start=\"777\" data-end=\"821\">Probleme me mekanizmin e kapjes s\u00eb der\u00ebs<\/li>\n<li data-section-id=\"kfp19h\" data-start=\"822\" data-end=\"855\">Hapje me v\u00ebshtir\u00ebsi e obligut<\/li>\n<li data-section-id=\"1xo1izw\" data-start=\"856\" data-end=\"897\" data-is-last-node=\"\">Dera nuk fiksohet mir\u00eb gjat\u00eb p\u00ebrdorimit<\/li>\n<\/ul>\n<\/div>\n<\/div>\n<\/div>\n<\/div>\n<\/section>\n<div class=\"contents\"><\/div>\n<\/div>\n<\/div>\n<\/div>\n<div class=\"pointer-events-none -mt-px h-px translate-y-[calc(var(--scroll-root-safe-area-inset-bottom)-14*var(--spacing))]\" aria-hidden=\"true\"><\/div>\n<\/div>\n<\/div>\n<\/div>\n<\/div>\n<\/div>\n<\/div>\n<\/div>\n<\/div>\n<\/div>\n<\/div>\n<\/div>\n<\/div>\n<\/div>\n<\/div>\n<\/section>\n<\/div>\n<\/div>\n<div class=\"pointer-events-none -mt-px h-px translate-y-[calc(var(--scroll-root-safe-area-inset-bottom)-14*var(--spacing))]\" aria-hidden=\"true\"><\/div>","protected":false},"excerpt":{"rendered":"<p>Dorez\u00eb Dere Lavatrice (Maniglietta Obl\u00f2) p\u00ebr AEG \/ Electrolux \/ Rex \/ ZanussiKodi: 139ZN54Kodi Origjinal: 1325185013 Dorez\u00eb dere kompatibile p\u00ebr lavatri\u00e7e AEG, Electrolux, Rex dhe Zanussi. Produkt cil\u00ebsor p\u00ebr z\u00ebvend\u00ebsimin e dorez\u00ebs s\u00eb d\u00ebmtuar ose t\u00eb konsumuar t\u00eb der\u00ebs s\u00eb lavatri\u00e7es, duke garantuar funksionim korrekt dhe mbyllje t\u00eb sigurt t\u00eb der\u00ebs. Kompatib\u00ebl me modele t\u00eb<\/p>\n<div class=\"klb-readmore button\"><a class=\"btn link\" href=\"https:\/\/ralkont.al\/sq\/sample-product\/doreze-dere-lavatrice-zanussi-10\/\">Read More <i class=\"klbth-icon-right-arrow\"><\/i><\/a><\/div>","protected":false},"featured_media":10250,"template":"","meta":[],"product_brand":[],"product_cat":[350,346],"product_tag":[],"class_list":{"0":"post-10249","1":"product","2":"type-product","3":"status-publish","4":"has-post-thumbnail","6":"product_cat-doreza","7":"product_cat-larje","9":"first","10":"instock","11":"taxable","12":"shipping-taxable","13":"purchasable","14":"product-type-simple"},"_links":{"self":[{"href":"https:\/\/ralkont.al\/sq\/wp-json\/wp\/v2\/product\/10249","targetHints":{"allow":["GET"]}}],"collection":[{"href":"https:\/\/ralkont.al\/sq\/wp-json\/wp\/v2\/product"}],"about":[{"href":"https:\/\/ralkont.al\/sq\/wp-json\/wp\/v2\/types\/product"}],"wp:featuredmedia":[{"embeddable":true,"href":"https:\/\/ralkont.al\/sq\/wp-json\/wp\/v2\/media\/10250"}],"wp:attachment":[{"href":"https:\/\/ralkont.al\/sq\/wp-json\/wp\/v2\/media?parent=10249"}],"wp:term":[{"taxonomy":"product_brand","embeddable":true,"href":"https:\/\/ralkont.al\/sq\/wp-json\/wp\/v2\/product_brand?post=10249"},{"taxonomy":"product_cat","embeddable":true,"href":"https:\/\/ralkont.al\/sq\/wp-json\/wp\/v2\/product_cat?post=10249"},{"taxonomy":"product_tag","embeddable":true,"href":"https:\/\/ralkont.al\/sq\/wp-json\/wp\/v2\/product_tag?post=10249"}],"curies":[{"name":"wp","href":"https:\/\/api.w.org\/{rel}","templated":true}]}}