{"id":10158,"date":"2026-04-24T13:29:59","date_gmt":"2026-04-24T13:29:59","guid":{"rendered":"https:\/\/ralkont.al\/?post_type=product&#038;p=10158"},"modified":"2026-05-11T11:14:08","modified_gmt":"2026-05-11T11:14:08","slug":"guarnicion-gomine-dere-lavatrice-12","status":"publish","type":"product","link":"https:\/\/ralkont.al\/sq\/sample-product\/guarnicion-gomine-dere-lavatrice-12\/","title":{"rendered":"GUARNICION (GOMINE) DERE LAVATRICE BEKO"},"content":{"rendered":"<p data-start=\"51\" data-end=\"138\"><strong data-start=\"51\" data-end=\"60\">Kodi:<\/strong> 117AC20<br data-start=\"68\" data-end=\"71\" \/><strong data-start=\"71\" data-end=\"86\">P\u00ebrshkrimi:<\/strong> Guarnicion dere (soffietto oblo) p\u00ebr lavatri\u00e7e BEKO<\/p>\n<hr data-start=\"140\" data-end=\"143\" \/>\n<p data-start=\"145\" data-end=\"166\"><strong data-start=\"145\" data-end=\"166\">Kodet origjinale:<\/strong><\/p>\n<p data-start=\"168\" data-end=\"184\"><strong data-start=\"168\" data-end=\"180\">ARCELIK:<\/strong> \u2014<\/p>\n<p data-start=\"186\" data-end=\"220\"><strong data-start=\"186\" data-end=\"195\">BEKO:<\/strong> 1400810100, 2466300329<\/p>\n<p data-start=\"222\" data-end=\"257\"><strong data-start=\"222\" data-end=\"234\">INDESIT:<\/strong> C00869862, C00864790<\/p>\n<hr data-start=\"259\" data-end=\"262\" \/>\n<p data-start=\"264\" data-end=\"293\"><strong data-start=\"264\" data-end=\"293\">T\u00eb dh\u00ebna t\u00eb p\u00ebrgjithshme:<\/strong><\/p>\n<ul data-start=\"294\" data-end=\"352\">\n<li data-section-id=\"1az7637\" data-start=\"294\" data-end=\"329\">Tipi: Guarnicion dere (soffietto)<\/li>\n<li data-section-id=\"2z9xdk\" data-start=\"330\" data-end=\"352\">P\u00ebrdorimi: Lavatri\u00e7e<\/li>\n<\/ul>\n<hr data-start=\"354\" data-end=\"357\" \/>\n<p data-start=\"359\" data-end=\"379\"><strong data-start=\"359\" data-end=\"379\">Sh\u00ebnime teknike:<\/strong><\/p>\n<ul data-start=\"380\" data-end=\"393\">\n<li data-section-id=\"1x3xooh\" data-start=\"380\" data-end=\"393\">Door gasket<\/li>\n<\/ul>\n<hr data-start=\"395\" data-end=\"398\" \/>\n<p data-start=\"400\" data-end=\"445\"><strong data-start=\"400\" data-end=\"445\">Probleme q\u00eb shkakton kur \u00ebsht\u00eb i d\u00ebmtuar:<\/strong><\/p>\n<ul data-start=\"446\" data-end=\"652\">\n<li data-section-id=\"12y3xl5\" data-start=\"446\" data-end=\"484\">Rrjedhje uji nga dera e lavatri\u00e7es<\/li>\n<li data-section-id=\"1g90d5q\" data-start=\"485\" data-end=\"526\">Dera nuk mbyllet mir\u00eb \/ humb izolimin<\/li>\n<li data-section-id=\"rv8gp4\" data-start=\"527\" data-end=\"563\">Formim myku dhe er\u00eb e pak\u00ebndshme<\/li>\n<li data-section-id=\"1fwyxn6\" data-start=\"564\" data-end=\"593\">Lag\u00ebshtir\u00eb rreth pajisjes<\/li>\n<li data-section-id=\"39vlv1\" data-start=\"594\" data-end=\"652\">Rrezik p\u00ebr d\u00ebmtim t\u00eb komponent\u00ebve t\u00eb brendsh\u00ebm nga uji<\/li>\n<\/ul>","protected":false},"excerpt":{"rendered":"<p>Kodi: 117AC20P\u00ebrshkrimi: Guarnicion dere (soffietto oblo) p\u00ebr lavatri\u00e7e BEKO Kodet origjinale: ARCELIK: \u2014 BEKO: 1400810100, 2466300329 INDESIT: C00869862, C00864790 T\u00eb dh\u00ebna t\u00eb p\u00ebrgjithshme: Tipi: Guarnicion dere (soffietto) P\u00ebrdorimi: Lavatri\u00e7e Sh\u00ebnime teknike: Door gasket Probleme q\u00eb shkakton kur \u00ebsht\u00eb i d\u00ebmtuar: Rrjedhje uji nga dera e lavatri\u00e7es Dera nuk mbyllet mir\u00eb \/ humb izolimin Formim myku<\/p>\n<div class=\"klb-readmore button\"><a class=\"btn link\" href=\"https:\/\/ralkont.al\/sq\/sample-product\/guarnicion-gomine-dere-lavatrice-12\/\">Read More <i class=\"klbth-icon-right-arrow\"><\/i><\/a><\/div>","protected":false},"featured_media":10159,"template":"","meta":[],"product_brand":[],"product_cat":[349,346],"product_tag":[],"class_list":{"0":"post-10158","1":"product","2":"type-product","3":"status-publish","4":"has-post-thumbnail","6":"product_cat-guarnicion-dere","7":"product_cat-larje","9":"first","10":"instock","11":"taxable","12":"shipping-taxable","13":"purchasable","14":"product-type-simple"},"_links":{"self":[{"href":"https:\/\/ralkont.al\/sq\/wp-json\/wp\/v2\/product\/10158","targetHints":{"allow":["GET"]}}],"collection":[{"href":"https:\/\/ralkont.al\/sq\/wp-json\/wp\/v2\/product"}],"about":[{"href":"https:\/\/ralkont.al\/sq\/wp-json\/wp\/v2\/types\/product"}],"wp:featuredmedia":[{"embeddable":true,"href":"https:\/\/ralkont.al\/sq\/wp-json\/wp\/v2\/media\/10159"}],"wp:attachment":[{"href":"https:\/\/ralkont.al\/sq\/wp-json\/wp\/v2\/media?parent=10158"}],"wp:term":[{"taxonomy":"product_brand","embeddable":true,"href":"https:\/\/ralkont.al\/sq\/wp-json\/wp\/v2\/product_brand?post=10158"},{"taxonomy":"product_cat","embeddable":true,"href":"https:\/\/ralkont.al\/sq\/wp-json\/wp\/v2\/product_cat?post=10158"},{"taxonomy":"product_tag","embeddable":true,"href":"https:\/\/ralkont.al\/sq\/wp-json\/wp\/v2\/product_tag?post=10158"}],"curies":[{"name":"wp","href":"https:\/\/api.w.org\/{rel}","templated":true}]}}