{"id":10144,"date":"2026-04-24T11:09:16","date_gmt":"2026-04-24T11:09:16","guid":{"rendered":"https:\/\/ralkont.al\/?post_type=product&#038;p=10144"},"modified":"2026-05-11T11:14:26","modified_gmt":"2026-05-11T11:14:26","slug":"guarnicion-gomine-dere-lavatrice-9","status":"publish","type":"product","link":"https:\/\/ralkont.al\/sq\/sample-product\/guarnicion-gomine-dere-lavatrice-9\/","title":{"rendered":"GUARNICION (GOMINE) DERE LAVATRICE BEKO"},"content":{"rendered":"<p data-start=\"51\" data-end=\"156\"><strong data-start=\"51\" data-end=\"60\">Kodi:<\/strong> 117AC16<br data-start=\"68\" data-end=\"71\" \/><strong data-start=\"71\" data-end=\"86\">P\u00ebrshkrimi:<\/strong> Guarnicion dere (soffietto oblo) p\u00ebr lavatri\u00e7e-thar\u00ebse BEKO \/ ARCELIK<\/p>\n<hr data-start=\"158\" data-end=\"161\" \/>\n<p data-start=\"163\" data-end=\"184\"><strong data-start=\"163\" data-end=\"184\">Kodet origjinale:<\/strong><\/p>\n<p data-start=\"186\" data-end=\"202\"><strong data-start=\"186\" data-end=\"198\">ARCELIK:<\/strong> \u2014<\/p>\n<p data-start=\"204\" data-end=\"238\"><strong data-start=\"204\" data-end=\"213\">BEKO:<\/strong> 2856910200, 2845240100<\/p>\n<hr data-start=\"240\" data-end=\"243\" \/>\n<p data-start=\"245\" data-end=\"274\"><strong data-start=\"245\" data-end=\"274\">T\u00eb dh\u00ebna t\u00eb p\u00ebrgjithshme:<\/strong><\/p>\n<ul data-start=\"275\" data-end=\"356\">\n<li data-section-id=\"1az7637\" data-start=\"275\" data-end=\"310\">Tipi: Guarnicion dere (soffietto)<\/li>\n<li data-section-id=\"1d43tic\" data-start=\"311\" data-end=\"356\">P\u00ebrdorimi: Lavatri\u00e7e-thar\u00ebse (washer dryer)<\/li>\n<\/ul>\n<hr data-start=\"358\" data-end=\"361\" \/>\n<p data-start=\"363\" data-end=\"383\"><strong data-start=\"363\" data-end=\"383\">Sh\u00ebnime teknike:<\/strong><\/p>\n<ul data-start=\"384\" data-end=\"423\">\n<li data-section-id=\"qxtw2\" data-start=\"384\" data-end=\"423\">Guarnicion dere p\u00ebr lavatri\u00e7e-thar\u00ebse<\/li>\n<\/ul>\n<hr data-start=\"425\" data-end=\"428\" \/>\n<p data-start=\"430\" data-end=\"475\"><strong data-start=\"430\" data-end=\"475\">Probleme q\u00eb shkakton kur \u00ebsht\u00eb i d\u00ebmtuar:<\/strong><\/p>\n<ul data-start=\"476\" data-end=\"707\">\n<li data-section-id=\"3q8i8y\" data-start=\"476\" data-end=\"505\">Rrjedhje uji gjat\u00eb larjes<\/li>\n<li data-section-id=\"1m28j5x\" data-start=\"506\" data-end=\"536\">Dalje avulli gjat\u00eb tharjes<\/li>\n<li data-section-id=\"txrzl6\" data-start=\"537\" data-end=\"570\">Dera nuk mbyllet hermetikisht<\/li>\n<li data-section-id=\"rv8gp4\" data-start=\"571\" data-end=\"607\">Formim myku dhe er\u00eb e pak\u00ebndshme<\/li>\n<li data-section-id=\"1jhx07v\" data-start=\"608\" data-end=\"641\">Ulje e performanc\u00ebs n\u00eb tharje<\/li>\n<li data-section-id=\"32q5bj\" data-start=\"642\" data-end=\"707\">Rrezik p\u00ebr d\u00ebmtim t\u00eb komponent\u00ebve t\u00eb brendsh\u00ebm nga lag\u00ebshtira<\/li>\n<\/ul>","protected":false},"excerpt":{"rendered":"<p>Kodi: 117AC16P\u00ebrshkrimi: Guarnicion dere (soffietto oblo) p\u00ebr lavatri\u00e7e-thar\u00ebse BEKO \/ ARCELIK Kodet origjinale: ARCELIK: \u2014 BEKO: 2856910200, 2845240100 T\u00eb dh\u00ebna t\u00eb p\u00ebrgjithshme: Tipi: Guarnicion dere (soffietto) P\u00ebrdorimi: Lavatri\u00e7e-thar\u00ebse (washer dryer) Sh\u00ebnime teknike: Guarnicion dere p\u00ebr lavatri\u00e7e-thar\u00ebse Probleme q\u00eb shkakton kur \u00ebsht\u00eb i d\u00ebmtuar: Rrjedhje uji gjat\u00eb larjes Dalje avulli gjat\u00eb tharjes Dera nuk mbyllet hermetikisht<\/p>\n<div class=\"klb-readmore button\"><a class=\"btn link\" href=\"https:\/\/ralkont.al\/sq\/sample-product\/guarnicion-gomine-dere-lavatrice-9\/\">Read More <i class=\"klbth-icon-right-arrow\"><\/i><\/a><\/div>","protected":false},"featured_media":10146,"template":"","meta":[],"product_brand":[],"product_cat":[349,346],"product_tag":[],"class_list":{"0":"post-10144","1":"product","2":"type-product","3":"status-publish","4":"has-post-thumbnail","6":"product_cat-guarnicion-dere","7":"product_cat-larje","9":"first","10":"instock","11":"taxable","12":"shipping-taxable","13":"purchasable","14":"product-type-simple"},"_links":{"self":[{"href":"https:\/\/ralkont.al\/sq\/wp-json\/wp\/v2\/product\/10144","targetHints":{"allow":["GET"]}}],"collection":[{"href":"https:\/\/ralkont.al\/sq\/wp-json\/wp\/v2\/product"}],"about":[{"href":"https:\/\/ralkont.al\/sq\/wp-json\/wp\/v2\/types\/product"}],"wp:featuredmedia":[{"embeddable":true,"href":"https:\/\/ralkont.al\/sq\/wp-json\/wp\/v2\/media\/10146"}],"wp:attachment":[{"href":"https:\/\/ralkont.al\/sq\/wp-json\/wp\/v2\/media?parent=10144"}],"wp:term":[{"taxonomy":"product_brand","embeddable":true,"href":"https:\/\/ralkont.al\/sq\/wp-json\/wp\/v2\/product_brand?post=10144"},{"taxonomy":"product_cat","embeddable":true,"href":"https:\/\/ralkont.al\/sq\/wp-json\/wp\/v2\/product_cat?post=10144"},{"taxonomy":"product_tag","embeddable":true,"href":"https:\/\/ralkont.al\/sq\/wp-json\/wp\/v2\/product_tag?post=10144"}],"curies":[{"name":"wp","href":"https:\/\/api.w.org\/{rel}","templated":true}]}}