{"id":10129,"date":"2026-04-23T10:34:53","date_gmt":"2026-04-23T10:34:53","guid":{"rendered":"https:\/\/ralkont.al\/?post_type=product&#038;p=10129"},"modified":"2026-05-11T11:14:58","modified_gmt":"2026-05-11T11:14:58","slug":"guarnicion-gomine-dere-lavatrice-5","status":"publish","type":"product","link":"https:\/\/ralkont.al\/sq\/sample-product\/guarnicion-gomine-dere-lavatrice-5\/","title":{"rendered":"GUARNICION (GOMINE) DERE LAVATRICE BEKO"},"content":{"rendered":"<p data-start=\"62\" data-end=\"150\"><strong data-start=\"62\" data-end=\"71\">Kodi:<\/strong> 117AC12<br data-start=\"79\" data-end=\"82\" \/><strong data-start=\"82\" data-end=\"97\">P\u00ebrshkrimi:<\/strong> <strong data-start=\"98\" data-end=\"148\">Guarnicion dere p\u00ebr lavatri\u00e7e (soffietto oblo)<\/strong><\/p>\n<p data-start=\"152\" data-end=\"328\"><strong data-start=\"152\" data-end=\"181\">T\u00eb dh\u00ebna t\u00eb p\u00ebrgjithshme:<\/strong><br data-start=\"181\" data-end=\"184\" \/>Guarnicioni i der\u00ebs siguron izolim hermetik gjat\u00eb funksionimit t\u00eb lavatri\u00e7es, duke parandaluar rrjedhjen e ujit dhe daljen e lag\u00ebshtir\u00ebs jasht\u00eb.<\/p>\n<p data-start=\"330\" data-end=\"461\"><strong data-start=\"330\" data-end=\"350\">Kode origjinale:<\/strong><br data-start=\"350\" data-end=\"353\" \/><strong data-start=\"353\" data-end=\"364\">Arcelik<\/strong><br data-start=\"364\" data-end=\"367\" \/><strong data-start=\"367\" data-end=\"376\">Beko:<\/strong> 2827083100, 2827083900, 2827084300, 2946502300, 2946500700, 2881300100, 2827081100<\/p>\n<p data-start=\"463\" data-end=\"507\"><strong data-start=\"463\" data-end=\"489\">P\u00ebrshtatet p\u00ebr markat:<\/strong><br data-start=\"489\" data-end=\"492\" \/>Beko, Arcelik<\/p>\n<p data-start=\"509\" data-end=\"557\"><strong data-start=\"509\" data-end=\"555\">Problemet kur prishet guarnicioni i der\u00ebs:<\/strong><\/p>\n<ul data-start=\"558\" data-end=\"740\">\n<li data-section-id=\"1c4ewe0\" data-start=\"558\" data-end=\"596\">Rrjedhje uji nga dera gjat\u00eb larjes<\/li>\n<li data-section-id=\"rv8gp4\" data-start=\"597\" data-end=\"633\">Formim myku dhe er\u00eb e pak\u00ebndshme<\/li>\n<li data-section-id=\"1jflkj7\" data-start=\"634\" data-end=\"664\">Mbyllje jo e plot\u00eb e der\u00ebs<\/li>\n<li data-section-id=\"9z6c12\" data-start=\"665\" data-end=\"699\">Zhurma ose vibrime gjat\u00eb pun\u00ebs<\/li>\n<li data-section-id=\"1nwfbdw\" data-start=\"700\" data-end=\"740\">\u00c7arje, deformim ose konsumim i gom\u00ebs<\/li>\n<\/ul>\n<p data-start=\"742\" data-end=\"860\" data-is-last-node=\"\" data-is-only-node=\"\"><strong data-start=\"742\" data-end=\"760\">Sh\u00ebnim teknik:<\/strong><br data-start=\"760\" data-end=\"763\" \/>Rekomandohet z\u00ebvend\u00ebsimi n\u00eb koh\u00eb p\u00ebr t\u00eb shmangur rrjedhje dhe d\u00ebmtime t\u00eb m\u00ebtejshme t\u00eb lavatri\u00e7es.<\/p>","protected":false},"excerpt":{"rendered":"<p>Kodi: 117AC12P\u00ebrshkrimi: Guarnicion dere p\u00ebr lavatri\u00e7e (soffietto oblo) T\u00eb dh\u00ebna t\u00eb p\u00ebrgjithshme:Guarnicioni i der\u00ebs siguron izolim hermetik gjat\u00eb funksionimit t\u00eb lavatri\u00e7es, duke parandaluar rrjedhjen e ujit dhe daljen e lag\u00ebshtir\u00ebs jasht\u00eb. Kode origjinale:ArcelikBeko: 2827083100, 2827083900, 2827084300, 2946502300, 2946500700, 2881300100, 2827081100 P\u00ebrshtatet p\u00ebr markat:Beko, Arcelik Problemet kur prishet guarnicioni i der\u00ebs: Rrjedhje uji nga dera gjat\u00eb<\/p>\n<div class=\"klb-readmore button\"><a class=\"btn link\" href=\"https:\/\/ralkont.al\/sq\/sample-product\/guarnicion-gomine-dere-lavatrice-5\/\">Read More <i class=\"klbth-icon-right-arrow\"><\/i><\/a><\/div>","protected":false},"featured_media":10131,"template":"","meta":[],"product_brand":[],"product_cat":[349,346],"product_tag":[],"class_list":{"0":"post-10129","1":"product","2":"type-product","3":"status-publish","4":"has-post-thumbnail","6":"product_cat-guarnicion-dere","7":"product_cat-larje","9":"first","10":"instock","11":"taxable","12":"shipping-taxable","13":"purchasable","14":"product-type-simple"},"_links":{"self":[{"href":"https:\/\/ralkont.al\/sq\/wp-json\/wp\/v2\/product\/10129","targetHints":{"allow":["GET"]}}],"collection":[{"href":"https:\/\/ralkont.al\/sq\/wp-json\/wp\/v2\/product"}],"about":[{"href":"https:\/\/ralkont.al\/sq\/wp-json\/wp\/v2\/types\/product"}],"wp:featuredmedia":[{"embeddable":true,"href":"https:\/\/ralkont.al\/sq\/wp-json\/wp\/v2\/media\/10131"}],"wp:attachment":[{"href":"https:\/\/ralkont.al\/sq\/wp-json\/wp\/v2\/media?parent=10129"}],"wp:term":[{"taxonomy":"product_brand","embeddable":true,"href":"https:\/\/ralkont.al\/sq\/wp-json\/wp\/v2\/product_brand?post=10129"},{"taxonomy":"product_cat","embeddable":true,"href":"https:\/\/ralkont.al\/sq\/wp-json\/wp\/v2\/product_cat?post=10129"},{"taxonomy":"product_tag","embeddable":true,"href":"https:\/\/ralkont.al\/sq\/wp-json\/wp\/v2\/product_tag?post=10129"}],"curies":[{"name":"wp","href":"https:\/\/api.w.org\/{rel}","templated":true}]}}