{"id":10123,"date":"2026-04-23T09:32:29","date_gmt":"2026-04-23T09:32:29","guid":{"rendered":"https:\/\/ralkont.al\/?post_type=product&#038;p=10123"},"modified":"2026-05-11T11:15:26","modified_gmt":"2026-05-11T11:15:26","slug":"guarnicion-gomine-dere-lavatrice-3","status":"publish","type":"product","link":"https:\/\/ralkont.al\/sq\/sample-product\/guarnicion-gomine-dere-lavatrice-3\/","title":{"rendered":"GUARNICION (GOMINE) DERE LAVATRICE BEKO"},"content":{"rendered":"<section class=\"text-token-text-primary w-full focus:outline-none [--shadow-height:45px] has-data-writing-block:pointer-events-none has-data-writing-block:-mt-(--shadow-height) has-data-writing-block:pt-(--shadow-height) [&amp;:has([data-writing-block])&gt;*]:pointer-events-auto [content-visibility:auto] supports-[content-visibility:auto]:[contain-intrinsic-size:auto_100lvh] R6Vx5W_threadScrollVars scroll-mb-[calc(var(--scroll-root-safe-area-inset-bottom,0px)+var(--thread-response-height))] scroll-mt-[calc(var(--header-height)+min(200px,max(70px,20svh)))]\" dir=\"auto\" data-turn-id=\"request-WEB:74f73d53-06d8-4ac7-ae1a-b015e6c5edb5-4\" data-testid=\"conversation-turn-10\" data-scroll-anchor=\"false\" data-turn=\"assistant\">\n<div class=\"text-base my-auto mx-auto pb-10 [--thread-content-margin:var(--thread-content-margin-xs,calc(var(--spacing)*4))] @w-sm\/main:[--thread-content-margin:var(--thread-content-margin-sm,calc(var(--spacing)*6))] @w-lg\/main:[--thread-content-margin:var(--thread-content-margin-lg,calc(var(--spacing)*16))] px-(--thread-content-margin)\">\n<div class=\"[--thread-content-max-width:40rem] @w-lg\/main:[--thread-content-max-width:48rem] mx-auto max-w-(--thread-content-max-width) flex-1 group\/turn-messages focus-visible:outline-hidden relative flex w-full min-w-0 flex-col agent-turn\">\n<div class=\"flex max-w-full flex-col gap-4 grow\">\n<div class=\"min-h-8 text-message relative flex w-full flex-col items-end gap-2 text-start break-words whitespace-normal outline-none keyboard-focused:focus-ring [.text-message+&amp;]:mt-1\" dir=\"auto\" tabindex=\"0\" data-message-author-role=\"assistant\" data-message-id=\"0eba7b4a-669b-42c2-9531-45ee7d49bb8c\" data-message-model-slug=\"gpt-5-3\" data-turn-start-message=\"true\">\n<div class=\"flex w-full flex-col gap-1 empty:hidden\">\n<div class=\"markdown prose dark:prose-invert w-full wrap-break-word light markdown-new-styling\">\n<p data-start=\"62\" data-end=\"150\"><strong data-start=\"62\" data-end=\"71\">Kodi:<\/strong> 117AC09<br data-start=\"79\" data-end=\"82\" \/><strong data-start=\"82\" data-end=\"97\">P\u00ebrshkrimi:<\/strong> <strong data-start=\"98\" data-end=\"148\">Guarnicion dere p\u00ebr lavatri\u00e7e (soffietto oblo)<\/strong><\/p>\n<p data-start=\"152\" data-end=\"328\"><strong data-start=\"152\" data-end=\"181\">T\u00eb dh\u00ebna t\u00eb p\u00ebrgjithshme:<\/strong><br data-start=\"181\" data-end=\"184\" \/>Guarnicioni i der\u00ebs siguron izolim hermetik gjat\u00eb funksionimit t\u00eb lavatri\u00e7es, duke parandaluar rrjedhjen e ujit dhe daljen e lag\u00ebshtir\u00ebs jasht\u00eb.<\/p>\n<p data-start=\"330\" data-end=\"522\"><strong data-start=\"330\" data-end=\"350\">Kode origjinale:<\/strong><br data-start=\"350\" data-end=\"353\" \/><strong data-start=\"353\" data-end=\"364\">Arcelik<\/strong><br data-start=\"364\" data-end=\"367\" \/><strong data-start=\"367\" data-end=\"379\">Ariston:<\/strong> C00864792, ex C00967424, C00933702, C00921875<br data-start=\"425\" data-end=\"428\" \/><strong data-start=\"428\" data-end=\"437\">Beko:<\/strong> 2904520100, 2904525100, 2905572500, 2466300302, 2904522600, 2904523600, 2904524600<\/p>\n<p data-start=\"524\" data-end=\"619\"><strong data-start=\"524\" data-end=\"549\">Sh\u00ebnim \/ Interchange:<\/strong><br data-start=\"549\" data-end=\"552\" \/>E z\u00ebvend\u00ebsueshme me: 2904523600, 2904524100<br data-start=\"595\" data-end=\"598\" \/><strong data-start=\"598\" data-end=\"607\">Smeg:<\/strong> 757850020<\/p>\n<p data-start=\"621\" data-end=\"680\"><strong data-start=\"621\" data-end=\"647\">P\u00ebrshtatet p\u00ebr markat:<\/strong><br data-start=\"647\" data-end=\"650\" \/>Beko, Arcelik, Ariston, Smeg<\/p>\n<p data-start=\"682\" data-end=\"730\"><strong data-start=\"682\" data-end=\"728\">Problemet kur prishet guarnicioni i der\u00ebs:<\/strong><\/p>\n<ul data-start=\"731\" data-end=\"913\">\n<li data-section-id=\"1c4ewe0\" data-start=\"731\" data-end=\"769\">Rrjedhje uji nga dera gjat\u00eb larjes<\/li>\n<li data-section-id=\"rv8gp4\" data-start=\"770\" data-end=\"806\">Formim myku dhe er\u00eb e pak\u00ebndshme<\/li>\n<li data-section-id=\"1jflkj7\" data-start=\"807\" data-end=\"837\">Mbyllje jo e plot\u00eb e der\u00ebs<\/li>\n<li data-section-id=\"13tv5cm\" data-start=\"838\" data-end=\"872\">Zhurma dhe vibrime gjat\u00eb pun\u00ebs<\/li>\n<li data-section-id=\"1nwfbdw\" data-start=\"873\" data-end=\"913\">\u00c7arje, deformim ose konsumim i gom\u00ebs<\/li>\n<\/ul>\n<p data-start=\"915\" data-end=\"1060\" data-is-last-node=\"\" data-is-only-node=\"\"><strong data-start=\"915\" data-end=\"933\">Sh\u00ebnim teknik:<\/strong><br data-start=\"933\" data-end=\"936\" \/>Rekomandohet z\u00ebvend\u00ebsimi n\u00eb koh\u00eb p\u00ebr t\u00eb shmangur d\u00ebmtime m\u00eb t\u00eb m\u00ebdha dhe p\u00ebr t\u00eb ruajtur performanc\u00ebn optimale t\u00eb lavatri\u00e7es.<\/p>\n<\/div>\n<\/div>\n<\/div>\n<\/div>\n<div class=\"z-0 flex min-h-[46px] justify-start\"><\/div>\n<div class=\"mt-3 w-full empty:hidden\">\n<div class=\"text-center\"><\/div>\n<\/div>\n<\/div>\n<\/div>\n<\/section>\n<div class=\"pointer-events-none -mt-px h-px translate-y-[calc(var(--scroll-root-safe-area-inset-bottom)-14*var(--spacing))]\" aria-hidden=\"true\"><\/div>","protected":false},"excerpt":{"rendered":"<p>Kodi: 117AC09P\u00ebrshkrimi: Guarnicion dere p\u00ebr lavatri\u00e7e (soffietto oblo) T\u00eb dh\u00ebna t\u00eb p\u00ebrgjithshme:Guarnicioni i der\u00ebs siguron izolim hermetik gjat\u00eb funksionimit t\u00eb lavatri\u00e7es, duke parandaluar rrjedhjen e ujit dhe daljen e lag\u00ebshtir\u00ebs jasht\u00eb. Kode origjinale:ArcelikAriston: C00864792, ex C00967424, C00933702, C00921875Beko: 2904520100, 2904525100, 2905572500, 2466300302, 2904522600, 2904523600, 2904524600 Sh\u00ebnim \/ Interchange:E z\u00ebvend\u00ebsueshme me: 2904523600, 2904524100Smeg: 757850020 P\u00ebrshtatet p\u00ebr<\/p>\n<div class=\"klb-readmore button\"><a class=\"btn link\" href=\"https:\/\/ralkont.al\/sq\/sample-product\/guarnicion-gomine-dere-lavatrice-3\/\">Read More <i class=\"klbth-icon-right-arrow\"><\/i><\/a><\/div>","protected":false},"featured_media":10125,"template":"","meta":[],"product_brand":[],"product_cat":[349,346],"product_tag":[],"class_list":{"0":"post-10123","1":"product","2":"type-product","3":"status-publish","4":"has-post-thumbnail","6":"product_cat-guarnicion-dere","7":"product_cat-larje","9":"first","10":"instock","11":"taxable","12":"shipping-taxable","13":"purchasable","14":"product-type-simple"},"_links":{"self":[{"href":"https:\/\/ralkont.al\/sq\/wp-json\/wp\/v2\/product\/10123","targetHints":{"allow":["GET"]}}],"collection":[{"href":"https:\/\/ralkont.al\/sq\/wp-json\/wp\/v2\/product"}],"about":[{"href":"https:\/\/ralkont.al\/sq\/wp-json\/wp\/v2\/types\/product"}],"wp:featuredmedia":[{"embeddable":true,"href":"https:\/\/ralkont.al\/sq\/wp-json\/wp\/v2\/media\/10125"}],"wp:attachment":[{"href":"https:\/\/ralkont.al\/sq\/wp-json\/wp\/v2\/media?parent=10123"}],"wp:term":[{"taxonomy":"product_brand","embeddable":true,"href":"https:\/\/ralkont.al\/sq\/wp-json\/wp\/v2\/product_brand?post=10123"},{"taxonomy":"product_cat","embeddable":true,"href":"https:\/\/ralkont.al\/sq\/wp-json\/wp\/v2\/product_cat?post=10123"},{"taxonomy":"product_tag","embeddable":true,"href":"https:\/\/ralkont.al\/sq\/wp-json\/wp\/v2\/product_tag?post=10123"}],"curies":[{"name":"wp","href":"https:\/\/api.w.org\/{rel}","templated":true}]}}