{"id":10111,"date":"2026-04-11T10:59:33","date_gmt":"2026-04-11T10:59:33","guid":{"rendered":"https:\/\/ralkont.al\/?post_type=product&#038;p=10111"},"modified":"2026-04-11T11:10:17","modified_gmt":"2026-04-11T11:10:17","slug":"susta-kazani","status":"publish","type":"product","link":"https:\/\/ralkont.al\/sq\/sample-product\/susta-kazani\/","title":{"rendered":"SUSTA KAZANI"},"content":{"rendered":"<p data-start=\"54\" data-end=\"131\"><strong data-start=\"54\" data-end=\"63\">Kodi:<\/strong> 140BH40<br data-start=\"71\" data-end=\"74\" \/><strong data-start=\"74\" data-end=\"89\">P\u00ebrshkrimi:<\/strong> KIT RIPARIMI P\u00cbR DER\u00cbN E LAVASTOVIGLIES<\/p>\n<hr data-start=\"133\" data-end=\"136\" \/>\n<p data-start=\"138\" data-end=\"258\"><strong data-start=\"138\" data-end=\"159\">Kodet origjinale:<\/strong><br data-start=\"159\" data-end=\"162\" \/>BOSCH: 00611338 (<strong data-start=\"179\" data-end=\"188\">Sust\u00eb<\/strong>), 00636603 (<strong data-start=\"201\" data-end=\"210\">Litar<\/strong>)<br data-start=\"211\" data-end=\"214\" \/>BOSCH: 00754869, 00626662<br data-start=\"239\" data-end=\"242\" \/>NEFF<br data-start=\"246\" data-end=\"249\" \/>SIEMENS<\/p>\n<hr data-start=\"260\" data-end=\"263\" \/>\n<p data-start=\"265\" data-end=\"332\"><strong data-start=\"265\" data-end=\"284\">P\u00ebrputhshm\u00ebria:<\/strong><br data-start=\"284\" data-end=\"287\" \/>I p\u00ebrshtatsh\u00ebm p\u00ebr lavastovilje t\u00eb markave:<\/p>\n<ul data-start=\"333\" data-end=\"363\">\n<li data-section-id=\"1cwfakd\" data-start=\"333\" data-end=\"342\">BOSCH<\/li>\n<li data-section-id=\"siktnm\" data-start=\"343\" data-end=\"354\">SIEMENS<\/li>\n<li data-section-id=\"1tkmv37\" data-start=\"355\" data-end=\"363\">NEFF<\/li>\n<\/ul>\n<hr data-start=\"365\" data-end=\"368\" \/>\n<p data-start=\"370\" data-end=\"525\"><strong data-start=\"370\" data-end=\"382\">Sh\u00ebnime:<\/strong><br data-start=\"382\" data-end=\"385\" \/>Kit riparimi p\u00ebr der\u00ebn e lavastoviljes<br data-start=\"423\" data-end=\"426\" \/>P\u00ebrfshin: <strong data-start=\"436\" data-end=\"453\">sust\u00eb + litar<\/strong><br data-start=\"453\" data-end=\"456\" \/>P\u00ebrdoret p\u00ebr riparimin e mekanizmit t\u00eb hapjes dhe mbylljes s\u00eb der\u00ebs<\/p>\n<hr data-start=\"527\" data-end=\"530\" \/>\n<h3 data-section-id=\"5wwwhr\" data-start=\"532\" data-end=\"584\"><span role=\"text\"><strong data-start=\"536\" data-end=\"584\">Problemet \/ Simptomat kur duhet z\u00ebvend\u00ebsuar:<\/strong><\/span><\/h3>\n<ul data-start=\"585\" data-end=\"840\">\n<li data-section-id=\"1lucwir\" data-start=\"585\" data-end=\"617\">Dera bie menj\u00ebher\u00eb kur hapet<\/li>\n<li data-section-id=\"ln4zuz\" data-start=\"618\" data-end=\"650\">Dera nuk q\u00ebndron n\u00eb pozicion<\/li>\n<li data-section-id=\"ufy5cd\" data-start=\"651\" data-end=\"683\">Hapje\/mbyllje jo e balancuar<\/li>\n<li data-section-id=\"13psqtz\" data-start=\"684\" data-end=\"725\">Litari i k\u00ebputur ose susta e dob\u00ebsuar<\/li>\n<li data-section-id=\"1dkc4n2\" data-start=\"726\" data-end=\"758\">Zhurm\u00eb gjat\u00eb hapjes s\u00eb der\u00ebs<\/li>\n<li data-section-id=\"9cyagn\" data-start=\"759\" data-end=\"805\">Nj\u00ebra an\u00eb e der\u00ebs nuk funksionon si\u00e7 duhet<\/li>\n<li data-section-id=\"e13gcs\" data-start=\"806\" data-end=\"840\">V\u00ebshtir\u00ebsi n\u00eb mbylljen e der\u00ebs<\/li>\n<\/ul>","protected":false},"excerpt":{"rendered":"<p>Kodi: 140BH40P\u00ebrshkrimi: KIT RIPARIMI P\u00cbR DER\u00cbN E LAVASTOVIGLIES Kodet origjinale:BOSCH: 00611338 (Sust\u00eb), 00636603 (Litar)BOSCH: 00754869, 00626662NEFFSIEMENS P\u00ebrputhshm\u00ebria:I p\u00ebrshtatsh\u00ebm p\u00ebr lavastovilje t\u00eb markave: BOSCH SIEMENS NEFF Sh\u00ebnime:Kit riparimi p\u00ebr der\u00ebn e lavastoviljesP\u00ebrfshin: sust\u00eb + litarP\u00ebrdoret p\u00ebr riparimin e mekanizmit t\u00eb hapjes dhe mbylljes s\u00eb der\u00ebs Problemet \/ Simptomat kur duhet z\u00ebvend\u00ebsuar: Dera bie menj\u00ebher\u00eb kur hapet<\/p>\n<div class=\"klb-readmore button\"><a class=\"btn link\" href=\"https:\/\/ralkont.al\/sq\/sample-product\/susta-kazani\/\">Read More <i class=\"klbth-icon-right-arrow\"><\/i><\/a><\/div>","protected":false},"featured_media":10112,"template":"","meta":[],"product_brand":[],"product_cat":[346,363],"product_tag":[],"class_list":{"0":"post-10111","1":"product","2":"type-product","3":"status-publish","4":"has-post-thumbnail","6":"product_cat-larje","7":"product_cat-lopata-kazani","9":"first","10":"instock","11":"taxable","12":"shipping-taxable","13":"purchasable","14":"product-type-simple"},"_links":{"self":[{"href":"https:\/\/ralkont.al\/sq\/wp-json\/wp\/v2\/product\/10111","targetHints":{"allow":["GET"]}}],"collection":[{"href":"https:\/\/ralkont.al\/sq\/wp-json\/wp\/v2\/product"}],"about":[{"href":"https:\/\/ralkont.al\/sq\/wp-json\/wp\/v2\/types\/product"}],"wp:featuredmedia":[{"embeddable":true,"href":"https:\/\/ralkont.al\/sq\/wp-json\/wp\/v2\/media\/10112"}],"wp:attachment":[{"href":"https:\/\/ralkont.al\/sq\/wp-json\/wp\/v2\/media?parent=10111"}],"wp:term":[{"taxonomy":"product_brand","embeddable":true,"href":"https:\/\/ralkont.al\/sq\/wp-json\/wp\/v2\/product_brand?post=10111"},{"taxonomy":"product_cat","embeddable":true,"href":"https:\/\/ralkont.al\/sq\/wp-json\/wp\/v2\/product_cat?post=10111"},{"taxonomy":"product_tag","embeddable":true,"href":"https:\/\/ralkont.al\/sq\/wp-json\/wp\/v2\/product_tag?post=10111"}],"curies":[{"name":"wp","href":"https:\/\/api.w.org\/{rel}","templated":true}]}}