{"id":10109,"date":"2026-04-11T10:57:39","date_gmt":"2026-04-11T10:57:39","guid":{"rendered":"https:\/\/ralkont.al\/?post_type=product&#038;p=10109"},"modified":"2026-04-11T10:58:58","modified_gmt":"2026-04-11T10:58:58","slug":"lopate-kazani-3","status":"publish","type":"product","link":"https:\/\/ralkont.al\/sq\/sample-product\/lopate-kazani-3\/","title":{"rendered":"LOPATE KAZANI"},"content":{"rendered":"<p data-start=\"69\" data-end=\"137\"><strong data-start=\"69\" data-end=\"78\">Kodi:<\/strong> 140BH33<br data-start=\"86\" data-end=\"89\" \/><strong data-start=\"89\" data-end=\"104\">P\u00ebrshkrimi:<\/strong> P\u00cbRZIER\u00cbS KAZANI P\u00cbR LAVATRI\u00c7E<\/p>\n<hr data-start=\"139\" data-end=\"142\" \/>\n<p data-start=\"144\" data-end=\"195\"><strong data-start=\"144\" data-end=\"165\">Kodet origjinale:<\/strong><br data-start=\"165\" data-end=\"168\" \/>BOSCH: 00669833<br data-start=\"183\" data-end=\"186\" \/>SIEMENS<\/p>\n<hr data-start=\"197\" data-end=\"200\" \/>\n<p data-start=\"202\" data-end=\"266\"><strong data-start=\"202\" data-end=\"221\">P\u00ebrputhshm\u00ebria:<\/strong><br data-start=\"221\" data-end=\"224\" \/>I p\u00ebrshtatsh\u00ebm p\u00ebr lavatri\u00e7e t\u00eb markave:<\/p>\n<ul data-start=\"267\" data-end=\"288\">\n<li data-section-id=\"1cwfakd\" data-start=\"267\" data-end=\"276\">BOSCH<\/li>\n<li data-section-id=\"siktnm\" data-start=\"277\" data-end=\"288\">SIEMENS<\/li>\n<\/ul>\n<hr data-start=\"290\" data-end=\"293\" \/>\n<p data-start=\"295\" data-end=\"401\"><strong data-start=\"295\" data-end=\"307\">Sh\u00ebnime:<\/strong><br data-start=\"307\" data-end=\"310\" \/>P\u00ebrziers kazani (drum paddle)<br data-start=\"339\" data-end=\"342\" \/>Ndihmon n\u00eb p\u00ebrzierjen dhe l\u00ebvizjen e rrobave gjat\u00eb larjes<\/p>\n<hr data-start=\"403\" data-end=\"406\" \/>\n<h3 data-section-id=\"5wwwhr\" data-start=\"408\" data-end=\"460\"><span role=\"text\"><strong data-start=\"412\" data-end=\"460\">Problemet \/ Simptomat kur duhet z\u00ebvend\u00ebsuar:<\/strong><\/span><\/h3>\n<ul data-start=\"461\" data-end=\"741\">\n<li data-section-id=\"dzyno5\" data-start=\"461\" data-end=\"490\">Rrobat nuk pastrohen mir\u00eb<\/li>\n<li data-section-id=\"kmcwee\" data-start=\"491\" data-end=\"535\">L\u00ebvizje jo e rregullt e rrobave n\u00eb kazan<\/li>\n<li data-section-id=\"1dvcpun\" data-start=\"536\" data-end=\"578\">P\u00ebrziersi i thyer, i \u00e7ar\u00eb ose i liruar<\/li>\n<li data-section-id=\"2rrm3m\" data-start=\"579\" data-end=\"618\">Zhurm\u00eb gjat\u00eb rrotullimit t\u00eb kazanit<\/li>\n<li data-section-id=\"4wp36a\" data-start=\"619\" data-end=\"661\">Rrobat kapen ose d\u00ebmtohen gjat\u00eb larjes<\/li>\n<li data-section-id=\"1sambhd\" data-start=\"662\" data-end=\"706\">Pjes\u00eb e kazanit nuk funksionon si\u00e7 duhet<\/li>\n<li data-section-id=\"1qzl560\" data-start=\"707\" data-end=\"741\">R\u00ebnie e performanc\u00ebs s\u00eb larjes<\/li>\n<\/ul>","protected":false},"excerpt":{"rendered":"<p>Kodi: 140BH33P\u00ebrshkrimi: P\u00cbRZIER\u00cbS KAZANI P\u00cbR LAVATRI\u00c7E Kodet origjinale:BOSCH: 00669833SIEMENS P\u00ebrputhshm\u00ebria:I p\u00ebrshtatsh\u00ebm p\u00ebr lavatri\u00e7e t\u00eb markave: BOSCH SIEMENS Sh\u00ebnime:P\u00ebrziers kazani (drum paddle)Ndihmon n\u00eb p\u00ebrzierjen dhe l\u00ebvizjen e rrobave gjat\u00eb larjes Problemet \/ Simptomat kur duhet z\u00ebvend\u00ebsuar: Rrobat nuk pastrohen mir\u00eb L\u00ebvizje jo e rregullt e rrobave n\u00eb kazan P\u00ebrziersi i thyer, i \u00e7ar\u00eb ose i liruar<\/p>\n<div class=\"klb-readmore button\"><a class=\"btn link\" href=\"https:\/\/ralkont.al\/sq\/sample-product\/lopate-kazani-3\/\">Read More <i class=\"klbth-icon-right-arrow\"><\/i><\/a><\/div>","protected":false},"featured_media":10110,"template":"","meta":[],"product_brand":[],"product_cat":[346,363],"product_tag":[],"class_list":{"0":"post-10109","1":"product","2":"type-product","3":"status-publish","4":"has-post-thumbnail","6":"product_cat-larje","7":"product_cat-lopata-kazani","9":"first","10":"instock","11":"taxable","12":"shipping-taxable","13":"purchasable","14":"product-type-simple"},"_links":{"self":[{"href":"https:\/\/ralkont.al\/sq\/wp-json\/wp\/v2\/product\/10109","targetHints":{"allow":["GET"]}}],"collection":[{"href":"https:\/\/ralkont.al\/sq\/wp-json\/wp\/v2\/product"}],"about":[{"href":"https:\/\/ralkont.al\/sq\/wp-json\/wp\/v2\/types\/product"}],"wp:featuredmedia":[{"embeddable":true,"href":"https:\/\/ralkont.al\/sq\/wp-json\/wp\/v2\/media\/10110"}],"wp:attachment":[{"href":"https:\/\/ralkont.al\/sq\/wp-json\/wp\/v2\/media?parent=10109"}],"wp:term":[{"taxonomy":"product_brand","embeddable":true,"href":"https:\/\/ralkont.al\/sq\/wp-json\/wp\/v2\/product_brand?post=10109"},{"taxonomy":"product_cat","embeddable":true,"href":"https:\/\/ralkont.al\/sq\/wp-json\/wp\/v2\/product_cat?post=10109"},{"taxonomy":"product_tag","embeddable":true,"href":"https:\/\/ralkont.al\/sq\/wp-json\/wp\/v2\/product_tag?post=10109"}],"curies":[{"name":"wp","href":"https:\/\/api.w.org\/{rel}","templated":true}]}}