{"id":10107,"date":"2026-04-11T10:51:24","date_gmt":"2026-04-11T10:51:24","guid":{"rendered":"https:\/\/ralkont.al\/?post_type=product&#038;p=10107"},"modified":"2026-04-11T10:54:09","modified_gmt":"2026-04-11T10:54:09","slug":"skatull-pompe","status":"publish","type":"product","link":"https:\/\/ralkont.al\/sq\/sample-product\/skatull-pompe\/","title":{"rendered":"SKATULL POMPE"},"content":{"rendered":"<p data-start=\"69\" data-end=\"134\"><strong data-start=\"69\" data-end=\"78\">Kodi:<\/strong> 140AR35<br data-start=\"86\" data-end=\"89\" \/><strong data-start=\"89\" data-end=\"104\">P\u00ebrshkrimi:<\/strong> SKATULL POMPE P\u00cbR LAVATRI\u00c7E<\/p>\n<hr data-start=\"136\" data-end=\"139\" \/>\n<p data-start=\"141\" data-end=\"183\"><strong data-start=\"141\" data-end=\"160\">Kodi origjinal:<\/strong><br data-start=\"160\" data-end=\"163\" \/>INDESIT: C00085617<\/p>\n<hr data-start=\"185\" data-end=\"188\" \/>\n<p data-start=\"190\" data-end=\"253\"><strong data-start=\"190\" data-end=\"209\">P\u00ebrputhshm\u00ebria:<\/strong><br data-start=\"209\" data-end=\"212\" \/>I p\u00ebrshtatsh\u00ebm p\u00ebr lavatri\u00e7e t\u00eb mark\u00ebs:<\/p>\n<ul data-start=\"254\" data-end=\"265\">\n<li data-section-id=\"1ehzjmo\" data-start=\"254\" data-end=\"265\">INDESIT<\/li>\n<\/ul>\n<hr data-start=\"267\" data-end=\"270\" \/>\n<p data-start=\"272\" data-end=\"430\"><strong data-start=\"272\" data-end=\"284\">Sh\u00ebnime:<\/strong><br data-start=\"284\" data-end=\"287\" \/>Skatull pompe komplet (complete body pump)<br data-start=\"329\" data-end=\"332\" \/>P\u00ebr pomp\u00eb: <strong data-start=\"343\" data-end=\"365\">085617 (163 AR 14)<\/strong><br data-start=\"365\" data-end=\"368\" \/>Sh\u00ebrben p\u00ebr qarkullimin dhe shkarkimin e ujit nga lavatri\u00e7ja<\/p>\n<hr data-start=\"432\" data-end=\"435\" \/>\n<h3 data-section-id=\"5wwwhr\" data-start=\"437\" data-end=\"489\"><span role=\"text\"><strong data-start=\"441\" data-end=\"489\">Problemet \/ Simptomat kur duhet z\u00ebvend\u00ebsuar:<\/strong><\/span><\/h3>\n<ul data-start=\"490\" data-end=\"734\">\n<li data-section-id=\"ttj1e8\" data-start=\"490\" data-end=\"522\">Lavatri\u00e7ja nuk shkarkon ujin<\/li>\n<li data-section-id=\"14y0ezu\" data-start=\"523\" data-end=\"557\">Uji mbetet n\u00eb kazan pas larjes<\/li>\n<li data-section-id=\"1m4g2s9\" data-start=\"558\" data-end=\"584\">Rrjedhje uji nga pompa<\/li>\n<li data-section-id=\"83ix95\" data-start=\"585\" data-end=\"624\">Zhurm\u00eb gjat\u00eb funksionimit t\u00eb pomp\u00ebs<\/li>\n<li data-section-id=\"elslz2\" data-start=\"625\" data-end=\"653\">Bllokim nga papast\u00ebrtit\u00eb<\/li>\n<li data-section-id=\"1ftfw5g\" data-start=\"654\" data-end=\"689\">Performanc\u00eb e dob\u00ebt n\u00eb shkarkim<\/li>\n<li data-section-id=\"l6y2v6\" data-start=\"690\" data-end=\"734\">Pajisja jep gabim gjat\u00eb ciklit t\u00eb larjes<\/li>\n<\/ul>","protected":false},"excerpt":{"rendered":"<p>Kodi: 140AR35P\u00ebrshkrimi: SKATULL POMPE P\u00cbR LAVATRI\u00c7E Kodi origjinal:INDESIT: C00085617 P\u00ebrputhshm\u00ebria:I p\u00ebrshtatsh\u00ebm p\u00ebr lavatri\u00e7e t\u00eb mark\u00ebs: INDESIT Sh\u00ebnime:Skatull pompe komplet (complete body pump)P\u00ebr pomp\u00eb: 085617 (163 AR 14)Sh\u00ebrben p\u00ebr qarkullimin dhe shkarkimin e ujit nga lavatri\u00e7ja Problemet \/ Simptomat kur duhet z\u00ebvend\u00ebsuar: Lavatri\u00e7ja nuk shkarkon ujin Uji mbetet n\u00eb kazan pas larjes Rrjedhje uji nga pompa<\/p>\n<div class=\"klb-readmore button\"><a class=\"btn link\" href=\"https:\/\/ralkont.al\/sq\/sample-product\/skatull-pompe\/\">Read More <i class=\"klbth-icon-right-arrow\"><\/i><\/a><\/div>","protected":false},"featured_media":10106,"template":"","meta":[],"product_brand":[],"product_cat":[346,363],"product_tag":[],"class_list":{"0":"post-10107","1":"product","2":"type-product","3":"status-publish","4":"has-post-thumbnail","6":"product_cat-larje","7":"product_cat-lopata-kazani","9":"first","10":"instock","11":"taxable","12":"shipping-taxable","13":"purchasable","14":"product-type-simple"},"_links":{"self":[{"href":"https:\/\/ralkont.al\/sq\/wp-json\/wp\/v2\/product\/10107","targetHints":{"allow":["GET"]}}],"collection":[{"href":"https:\/\/ralkont.al\/sq\/wp-json\/wp\/v2\/product"}],"about":[{"href":"https:\/\/ralkont.al\/sq\/wp-json\/wp\/v2\/types\/product"}],"wp:featuredmedia":[{"embeddable":true,"href":"https:\/\/ralkont.al\/sq\/wp-json\/wp\/v2\/media\/10106"}],"wp:attachment":[{"href":"https:\/\/ralkont.al\/sq\/wp-json\/wp\/v2\/media?parent=10107"}],"wp:term":[{"taxonomy":"product_brand","embeddable":true,"href":"https:\/\/ralkont.al\/sq\/wp-json\/wp\/v2\/product_brand?post=10107"},{"taxonomy":"product_cat","embeddable":true,"href":"https:\/\/ralkont.al\/sq\/wp-json\/wp\/v2\/product_cat?post=10107"},{"taxonomy":"product_tag","embeddable":true,"href":"https:\/\/ralkont.al\/sq\/wp-json\/wp\/v2\/product_tag?post=10107"}],"curies":[{"name":"wp","href":"https:\/\/api.w.org\/{rel}","templated":true}]}}