{"id":10104,"date":"2026-04-11T09:07:56","date_gmt":"2026-04-11T09:07:56","guid":{"rendered":"https:\/\/ralkont.al\/?post_type=product&#038;p=10104"},"modified":"2026-04-11T10:43:44","modified_gmt":"2026-04-11T10:43:44","slug":"lopate-kazani-2","status":"publish","type":"product","link":"https:\/\/ralkont.al\/sq\/sample-product\/lopate-kazani-2\/","title":{"rendered":"LOPATE KAZANI"},"content":{"rendered":"<p data-start=\"84\" data-end=\"152\"><strong data-start=\"84\" data-end=\"93\">Kodi:<\/strong> 140AR31<br data-start=\"101\" data-end=\"104\" \/><strong data-start=\"104\" data-end=\"119\">P\u00ebrshkrimi:<\/strong> P\u00cbRZIER\u00cbS KAZANI P\u00cbR LAVATRI\u00c7E<\/p>\n<hr data-start=\"154\" data-end=\"157\" \/>\n<p data-start=\"159\" data-end=\"272\"><strong data-start=\"159\" data-end=\"180\">Kodet origjinale:<\/strong><br data-start=\"180\" data-end=\"183\" \/>ARISTON: C00064789, C00799111<br data-start=\"212\" data-end=\"215\" \/>INDESIT: C00268109<br data-start=\"233\" data-end=\"236\" \/>WHIRLPOOL: 482000023096<br data-start=\"259\" data-end=\"262\" \/>HOTPOINT<\/p>\n<hr data-start=\"274\" data-end=\"277\" \/>\n<p data-start=\"279\" data-end=\"343\"><strong data-start=\"279\" data-end=\"298\">P\u00ebrputhshm\u00ebria:<\/strong><br data-start=\"298\" data-end=\"301\" \/>I p\u00ebrshtatsh\u00ebm p\u00ebr lavatri\u00e7e t\u00eb markave:<\/p>\n<ul data-start=\"344\" data-end=\"394\">\n<li data-section-id=\"13pkhf8\" data-start=\"344\" data-end=\"355\">ARISTON<\/li>\n<li data-section-id=\"9zp3r\" data-start=\"356\" data-end=\"368\">HOTPOINT<\/li>\n<li data-section-id=\"1ehzjmo\" data-start=\"369\" data-end=\"380\">INDESIT<\/li>\n<li data-section-id=\"oll3ks\" data-start=\"381\" data-end=\"394\">WHIRLPOOL<\/li>\n<\/ul>\n<hr data-start=\"396\" data-end=\"399\" \/>\n<p data-start=\"401\" data-end=\"541\"><strong data-start=\"401\" data-end=\"413\">Sh\u00ebnime:<\/strong><br data-start=\"413\" data-end=\"416\" \/>P\u00ebrziers kazani (drum paddle)<br data-start=\"445\" data-end=\"448\" \/>Produkt <strong data-start=\"456\" data-end=\"479\">ORIGJINAL \u2013 GENUINE<\/strong><br data-start=\"479\" data-end=\"482\" \/>Ndihmon n\u00eb p\u00ebrzierjen dhe l\u00ebvizjen e rrobave gjat\u00eb larjes<\/p>\n<hr data-start=\"543\" data-end=\"546\" \/>\n<h3 data-section-id=\"5wwwhr\" data-start=\"548\" data-end=\"600\"><span role=\"text\"><strong data-start=\"552\" data-end=\"600\">Problemet \/ Simptomat kur duhet z\u00ebvend\u00ebsuar:<\/strong><\/span><\/h3>\n<ul data-start=\"601\" data-end=\"881\">\n<li data-section-id=\"dzyno5\" data-start=\"601\" data-end=\"630\">Rrobat nuk pastrohen mir\u00eb<\/li>\n<li data-section-id=\"kmcwee\" data-start=\"631\" data-end=\"675\">L\u00ebvizje jo e rregullt e rrobave n\u00eb kazan<\/li>\n<li data-section-id=\"1dvcpun\" data-start=\"676\" data-end=\"718\">P\u00ebrziersi i thyer, i \u00e7ar\u00eb ose i liruar<\/li>\n<li data-section-id=\"2rrm3m\" data-start=\"719\" data-end=\"758\">Zhurm\u00eb gjat\u00eb rrotullimit t\u00eb kazanit<\/li>\n<li data-section-id=\"4wp36a\" data-start=\"759\" data-end=\"801\">Rrobat kapen ose d\u00ebmtohen gjat\u00eb larjes<\/li>\n<li data-section-id=\"1sambhd\" data-start=\"802\" data-end=\"846\">Pjes\u00eb e kazanit nuk funksionon si\u00e7 duhet<\/li>\n<li data-section-id=\"1qzl560\" data-start=\"847\" data-end=\"881\">R\u00ebnie e performanc\u00ebs s\u00eb larjes<\/li>\n<\/ul>","protected":false},"excerpt":{"rendered":"<p>Kodi: 140AR31P\u00ebrshkrimi: P\u00cbRZIER\u00cbS KAZANI P\u00cbR LAVATRI\u00c7E Kodet origjinale:ARISTON: C00064789, C00799111INDESIT: C00268109WHIRLPOOL: 482000023096HOTPOINT P\u00ebrputhshm\u00ebria:I p\u00ebrshtatsh\u00ebm p\u00ebr lavatri\u00e7e t\u00eb markave: ARISTON HOTPOINT INDESIT WHIRLPOOL Sh\u00ebnime:P\u00ebrziers kazani (drum paddle)Produkt ORIGJINAL \u2013 GENUINENdihmon n\u00eb p\u00ebrzierjen dhe l\u00ebvizjen e rrobave gjat\u00eb larjes Problemet \/ Simptomat kur duhet z\u00ebvend\u00ebsuar: Rrobat nuk pastrohen mir\u00eb L\u00ebvizje jo e rregullt e rrobave n\u00eb kazan<\/p>\n<div class=\"klb-readmore button\"><a class=\"btn link\" href=\"https:\/\/ralkont.al\/sq\/sample-product\/lopate-kazani-2\/\">Read More <i class=\"klbth-icon-right-arrow\"><\/i><\/a><\/div>","protected":false},"featured_media":10105,"template":"","meta":[],"product_brand":[],"product_cat":[346,363],"product_tag":[],"class_list":{"0":"post-10104","1":"product","2":"type-product","3":"status-publish","4":"has-post-thumbnail","6":"product_cat-larje","7":"product_cat-lopata-kazani","9":"first","10":"instock","11":"taxable","12":"shipping-taxable","13":"purchasable","14":"product-type-simple"},"_links":{"self":[{"href":"https:\/\/ralkont.al\/sq\/wp-json\/wp\/v2\/product\/10104","targetHints":{"allow":["GET"]}}],"collection":[{"href":"https:\/\/ralkont.al\/sq\/wp-json\/wp\/v2\/product"}],"about":[{"href":"https:\/\/ralkont.al\/sq\/wp-json\/wp\/v2\/types\/product"}],"wp:featuredmedia":[{"embeddable":true,"href":"https:\/\/ralkont.al\/sq\/wp-json\/wp\/v2\/media\/10105"}],"wp:attachment":[{"href":"https:\/\/ralkont.al\/sq\/wp-json\/wp\/v2\/media?parent=10104"}],"wp:term":[{"taxonomy":"product_brand","embeddable":true,"href":"https:\/\/ralkont.al\/sq\/wp-json\/wp\/v2\/product_brand?post=10104"},{"taxonomy":"product_cat","embeddable":true,"href":"https:\/\/ralkont.al\/sq\/wp-json\/wp\/v2\/product_cat?post=10104"},{"taxonomy":"product_tag","embeddable":true,"href":"https:\/\/ralkont.al\/sq\/wp-json\/wp\/v2\/product_tag?post=10104"}],"curies":[{"name":"wp","href":"https:\/\/api.w.org\/{rel}","templated":true}]}}