{"id":10102,"date":"2026-04-11T08:55:12","date_gmt":"2026-04-11T08:55:12","guid":{"rendered":"https:\/\/ralkont.al\/?post_type=product&#038;p=10102"},"modified":"2026-04-11T08:58:41","modified_gmt":"2026-04-11T08:58:41","slug":"lopate-kazani","status":"publish","type":"product","link":"https:\/\/ralkont.al\/sq\/sample-product\/lopate-kazani\/","title":{"rendered":"LOPATE KAZANI"},"content":{"rendered":"<p data-start=\"42\" data-end=\"110\"><strong data-start=\"42\" data-end=\"51\">Kodi:<\/strong> 140AR25<br data-start=\"59\" data-end=\"62\" \/><strong data-start=\"62\" data-end=\"77\">P\u00ebrshkrimi:<\/strong> P\u00cbRZIER\u00cbS KAZANI P\u00cbR LAVATRI\u00c7E<\/p>\n<hr data-start=\"112\" data-end=\"115\" \/>\n<p data-start=\"117\" data-end=\"204\"><strong data-start=\"117\" data-end=\"138\">Kodet origjinale:<\/strong><br data-start=\"138\" data-end=\"141\" \/>INDESIT: C00065463<br data-start=\"159\" data-end=\"162\" \/>WHIRLPOOL: 482000022670<br data-start=\"185\" data-end=\"188\" \/>ARDO<br data-start=\"192\" data-end=\"195\" \/>MERLONI<\/p>\n<hr data-start=\"206\" data-end=\"209\" \/>\n<p data-start=\"211\" data-end=\"275\"><strong data-start=\"211\" data-end=\"230\">P\u00ebrputhshm\u00ebria:<\/strong><br data-start=\"230\" data-end=\"233\" \/>I p\u00ebrshtatsh\u00ebm p\u00ebr lavatri\u00e7e t\u00eb markave:<\/p>\n<ul data-start=\"276\" data-end=\"322\">\n<li data-section-id=\"1w01wuo\" data-start=\"276\" data-end=\"284\">ARDO<\/li>\n<li data-section-id=\"1ehzjmo\" data-start=\"285\" data-end=\"296\">INDESIT<\/li>\n<li data-section-id=\"e0kady\" data-start=\"297\" data-end=\"308\">MERLONI<\/li>\n<li data-section-id=\"oll3ks\" data-start=\"309\" data-end=\"322\">WHIRLPOOL<\/li>\n<\/ul>\n<hr data-start=\"324\" data-end=\"327\" \/>\n<p data-start=\"329\" data-end=\"435\"><strong data-start=\"329\" data-end=\"341\">Sh\u00ebnime:<\/strong><br data-start=\"341\" data-end=\"344\" \/>P\u00ebrziers kazani (drum paddle)<br data-start=\"373\" data-end=\"376\" \/>Ndihmon n\u00eb p\u00ebrzierjen dhe l\u00ebvizjen e rrobave gjat\u00eb larjes<\/p>\n<hr data-start=\"437\" data-end=\"440\" \/>\n<h3 data-section-id=\"5wwwhr\" data-start=\"442\" data-end=\"494\"><span role=\"text\"><strong data-start=\"446\" data-end=\"494\">Problemet \/ Simptomat kur duhet z\u00ebvend\u00ebsuar:<\/strong><\/span><\/h3>\n<ul data-start=\"495\" data-end=\"775\">\n<li data-section-id=\"dzyno5\" data-start=\"495\" data-end=\"524\">Rrobat nuk pastrohen mir\u00eb<\/li>\n<li data-section-id=\"kmcwee\" data-start=\"525\" data-end=\"569\">L\u00ebvizje jo e rregullt e rrobave n\u00eb kazan<\/li>\n<li data-section-id=\"1dvcpun\" data-start=\"570\" data-end=\"612\">P\u00ebrziersi i thyer, i \u00e7ar\u00eb ose i liruar<\/li>\n<li data-section-id=\"2rrm3m\" data-start=\"613\" data-end=\"652\">Zhurm\u00eb gjat\u00eb rrotullimit t\u00eb kazanit<\/li>\n<li data-section-id=\"4wp36a\" data-start=\"653\" data-end=\"695\">Rrobat kapen ose d\u00ebmtohen gjat\u00eb larjes<\/li>\n<li data-section-id=\"1sambhd\" data-start=\"696\" data-end=\"740\">Pjes\u00eb e kazanit nuk funksionon si\u00e7 duhet<\/li>\n<li data-section-id=\"1qzl560\" data-start=\"741\" data-end=\"775\">R\u00ebnie e performanc\u00ebs s\u00eb larjes<\/li>\n<\/ul>","protected":false},"excerpt":{"rendered":"<p>Kodi: 140AR25P\u00ebrshkrimi: P\u00cbRZIER\u00cbS KAZANI P\u00cbR LAVATRI\u00c7E Kodet origjinale:INDESIT: C00065463WHIRLPOOL: 482000022670ARDOMERLONI P\u00ebrputhshm\u00ebria:I p\u00ebrshtatsh\u00ebm p\u00ebr lavatri\u00e7e t\u00eb markave: ARDO INDESIT MERLONI WHIRLPOOL Sh\u00ebnime:P\u00ebrziers kazani (drum paddle)Ndihmon n\u00eb p\u00ebrzierjen dhe l\u00ebvizjen e rrobave gjat\u00eb larjes Problemet \/ Simptomat kur duhet z\u00ebvend\u00ebsuar: Rrobat nuk pastrohen mir\u00eb L\u00ebvizje jo e rregullt e rrobave n\u00eb kazan P\u00ebrziersi i thyer, i \u00e7ar\u00eb<\/p>\n<div class=\"klb-readmore button\"><a class=\"btn link\" href=\"https:\/\/ralkont.al\/sq\/sample-product\/lopate-kazani\/\">Read More <i class=\"klbth-icon-right-arrow\"><\/i><\/a><\/div>","protected":false},"featured_media":10103,"template":"","meta":[],"product_brand":[],"product_cat":[346,363],"product_tag":[],"class_list":{"0":"post-10102","1":"product","2":"type-product","3":"status-publish","4":"has-post-thumbnail","6":"product_cat-larje","7":"product_cat-lopata-kazani","9":"first","10":"instock","11":"taxable","12":"shipping-taxable","13":"purchasable","14":"product-type-simple"},"_links":{"self":[{"href":"https:\/\/ralkont.al\/sq\/wp-json\/wp\/v2\/product\/10102","targetHints":{"allow":["GET"]}}],"collection":[{"href":"https:\/\/ralkont.al\/sq\/wp-json\/wp\/v2\/product"}],"about":[{"href":"https:\/\/ralkont.al\/sq\/wp-json\/wp\/v2\/types\/product"}],"wp:featuredmedia":[{"embeddable":true,"href":"https:\/\/ralkont.al\/sq\/wp-json\/wp\/v2\/media\/10103"}],"wp:attachment":[{"href":"https:\/\/ralkont.al\/sq\/wp-json\/wp\/v2\/media?parent=10102"}],"wp:term":[{"taxonomy":"product_brand","embeddable":true,"href":"https:\/\/ralkont.al\/sq\/wp-json\/wp\/v2\/product_brand?post=10102"},{"taxonomy":"product_cat","embeddable":true,"href":"https:\/\/ralkont.al\/sq\/wp-json\/wp\/v2\/product_cat?post=10102"},{"taxonomy":"product_tag","embeddable":true,"href":"https:\/\/ralkont.al\/sq\/wp-json\/wp\/v2\/product_tag?post=10102"}],"curies":[{"name":"wp","href":"https:\/\/api.w.org\/{rel}","templated":true}]}}