{"id":10098,"date":"2026-04-11T08:11:36","date_gmt":"2026-04-11T08:11:36","guid":{"rendered":"https:\/\/ralkont.al\/?post_type=product&#038;p=10098"},"modified":"2026-04-11T08:23:28","modified_gmt":"2026-04-11T08:23:28","slug":"susta-per-lavastovilie","status":"publish","type":"product","link":"https:\/\/ralkont.al\/sq\/sample-product\/susta-per-lavastovilie\/","title":{"rendered":"SUSTA PER LAVASTOVILIE"},"content":{"rendered":"<p data-start=\"34\" data-end=\"108\"><strong data-start=\"34\" data-end=\"43\">Kodi:<\/strong> 140AC29<br data-start=\"51\" data-end=\"54\" \/><strong data-start=\"54\" data-end=\"69\">P\u00ebrshkrimi:<\/strong> SUSTA E DER\u00cbS S\u00cb LAVASTOVIGLIES BEKO<\/p>\n<hr data-start=\"110\" data-end=\"113\" \/>\n<p data-start=\"115\" data-end=\"167\"><strong data-start=\"115\" data-end=\"136\">Kodet origjinale:<\/strong><br data-start=\"136\" data-end=\"139\" \/>BEKO: 1783160200<br data-start=\"155\" data-end=\"158\" \/>ARCELIK<\/p>\n<hr data-start=\"169\" data-end=\"172\" \/>\n<p data-start=\"174\" data-end=\"241\"><strong data-start=\"174\" data-end=\"193\">P\u00ebrputhshm\u00ebria:<\/strong><br data-start=\"193\" data-end=\"196\" \/>I p\u00ebrshtatsh\u00ebm p\u00ebr lavastovilje t\u00eb markave:<\/p>\n<ul data-start=\"242\" data-end=\"262\">\n<li data-section-id=\"1wb7l8r\" data-start=\"242\" data-end=\"250\">BEKO<\/li>\n<li data-section-id=\"p5vygj\" data-start=\"251\" data-end=\"262\">ARCELIK<\/li>\n<\/ul>\n<hr data-start=\"264\" data-end=\"267\" \/>\n<p data-start=\"269\" data-end=\"397\"><strong data-start=\"269\" data-end=\"281\">Sh\u00ebnime:<\/strong><br data-start=\"281\" data-end=\"284\" \/>Sust\u00eb p\u00ebr mekanizmin e der\u00ebs s\u00eb lavastoviljes<br data-start=\"329\" data-end=\"332\" \/>Ndihmon n\u00eb balancimin dhe kontrollin e hapjes\/mbylljes s\u00eb der\u00ebs<\/p>\n<hr data-start=\"399\" data-end=\"402\" \/>\n<h3 data-section-id=\"5wwwhr\" data-start=\"404\" data-end=\"456\"><span role=\"text\"><strong data-start=\"408\" data-end=\"456\">Problemet \/ Simptomat kur duhet z\u00ebvend\u00ebsuar:<\/strong><\/span><\/h3>\n<ul data-start=\"457\" data-end=\"730\">\n<li data-section-id=\"y6k89f\" data-start=\"457\" data-end=\"499\">Dera bie posht\u00eb shum\u00eb shpejt kur hapet<\/li>\n<li data-section-id=\"ln4zuz\" data-start=\"500\" data-end=\"532\">Dera nuk q\u00ebndron n\u00eb pozicion<\/li>\n<li data-section-id=\"ufy5cd\" data-start=\"533\" data-end=\"565\">Hapje\/mbyllje jo e balancuar<\/li>\n<li data-section-id=\"zrwqim\" data-start=\"566\" data-end=\"602\">Zhurm\u00eb gjat\u00eb hapjes ose mbylljes<\/li>\n<li data-section-id=\"c794fd\" data-start=\"603\" data-end=\"648\">Susta e dob\u00ebsuar, e k\u00ebputur ose e d\u00ebmtuar<\/li>\n<li data-section-id=\"9cyagn\" data-start=\"649\" data-end=\"695\">Nj\u00ebra an\u00eb e der\u00ebs nuk funksionon si\u00e7 duhet<\/li>\n<li data-section-id=\"e13gcs\" data-start=\"696\" data-end=\"730\">V\u00ebshtir\u00ebsi n\u00eb mbylljen e der\u00ebs<\/li>\n<\/ul>","protected":false},"excerpt":{"rendered":"<p>Kodi: 140AC29P\u00ebrshkrimi: SUSTA E DER\u00cbS S\u00cb LAVASTOVIGLIES BEKO Kodet origjinale:BEKO: 1783160200ARCELIK P\u00ebrputhshm\u00ebria:I p\u00ebrshtatsh\u00ebm p\u00ebr lavastovilje t\u00eb markave: BEKO ARCELIK Sh\u00ebnime:Sust\u00eb p\u00ebr mekanizmin e der\u00ebs s\u00eb lavastoviljesNdihmon n\u00eb balancimin dhe kontrollin e hapjes\/mbylljes s\u00eb der\u00ebs Problemet \/ Simptomat kur duhet z\u00ebvend\u00ebsuar: Dera bie posht\u00eb shum\u00eb shpejt kur hapet Dera nuk q\u00ebndron n\u00eb pozicion Hapje\/mbyllje jo e<\/p>\n<div class=\"klb-readmore button\"><a class=\"btn link\" href=\"https:\/\/ralkont.al\/sq\/sample-product\/susta-per-lavastovilie\/\">Read More <i class=\"klbth-icon-right-arrow\"><\/i><\/a><\/div>","protected":false},"featured_media":10099,"template":"","meta":[],"product_brand":[],"product_cat":[371,346],"product_tag":[],"class_list":{"0":"post-10098","1":"product","2":"type-product","3":"status-publish","4":"has-post-thumbnail","6":"product_cat-aksesor","7":"product_cat-larje","9":"first","10":"instock","11":"taxable","12":"shipping-taxable","13":"purchasable","14":"product-type-simple"},"_links":{"self":[{"href":"https:\/\/ralkont.al\/sq\/wp-json\/wp\/v2\/product\/10098","targetHints":{"allow":["GET"]}}],"collection":[{"href":"https:\/\/ralkont.al\/sq\/wp-json\/wp\/v2\/product"}],"about":[{"href":"https:\/\/ralkont.al\/sq\/wp-json\/wp\/v2\/types\/product"}],"wp:featuredmedia":[{"embeddable":true,"href":"https:\/\/ralkont.al\/sq\/wp-json\/wp\/v2\/media\/10099"}],"wp:attachment":[{"href":"https:\/\/ralkont.al\/sq\/wp-json\/wp\/v2\/media?parent=10098"}],"wp:term":[{"taxonomy":"product_brand","embeddable":true,"href":"https:\/\/ralkont.al\/sq\/wp-json\/wp\/v2\/product_brand?post=10098"},{"taxonomy":"product_cat","embeddable":true,"href":"https:\/\/ralkont.al\/sq\/wp-json\/wp\/v2\/product_cat?post=10098"},{"taxonomy":"product_tag","embeddable":true,"href":"https:\/\/ralkont.al\/sq\/wp-json\/wp\/v2\/product_tag?post=10098"}],"curies":[{"name":"wp","href":"https:\/\/api.w.org\/{rel}","templated":true}]}}