{"id":10096,"date":"2026-04-11T07:23:49","date_gmt":"2026-04-11T07:23:49","guid":{"rendered":"https:\/\/ralkont.al\/?post_type=product&#038;p=10096"},"modified":"2026-04-11T08:10:58","modified_gmt":"2026-04-11T08:10:58","slug":"litare-per-menteshat-e-lavastoviljes","status":"publish","type":"product","link":"https:\/\/ralkont.al\/sq\/sample-product\/litare-per-menteshat-e-lavastoviljes\/","title":{"rendered":"LITARE PER MENTESHAT E LAVASTOVILJES"},"content":{"rendered":"<p data-start=\"34\" data-end=\"135\"><strong data-start=\"34\" data-end=\"43\">Kodi:<\/strong> 140AC28<br data-start=\"51\" data-end=\"54\" \/><strong data-start=\"54\" data-end=\"69\">P\u00ebrshkrimi:<\/strong> LITAR P\u00cbR MENTESH\u00cbN E DER\u00cbS S\u00cb LAVASTOVIGLIES BEKO (SET 2 COP\u00cb)<\/p>\n<hr data-start=\"137\" data-end=\"140\" \/>\n<p data-start=\"142\" data-end=\"215\"><strong data-start=\"142\" data-end=\"163\">Kodet origjinale:<\/strong><br data-start=\"163\" data-end=\"166\" \/>BEKO: 1881050300<br data-start=\"182\" data-end=\"185\" \/>INDESIT: C00912654<br data-start=\"203\" data-end=\"206\" \/>ARCELIK<\/p>\n<hr data-start=\"217\" data-end=\"220\" \/>\n<p data-start=\"222\" data-end=\"289\"><strong data-start=\"222\" data-end=\"241\">P\u00ebrputhshm\u00ebria:<\/strong><br data-start=\"241\" data-end=\"244\" \/>I p\u00ebrshtatsh\u00ebm p\u00ebr lavastovilje t\u00eb markave:<\/p>\n<ul data-start=\"290\" data-end=\"322\">\n<li data-section-id=\"1wb7l8r\" data-start=\"290\" data-end=\"298\">BEKO<\/li>\n<li data-section-id=\"p5vygj\" data-start=\"299\" data-end=\"310\">ARCELIK<\/li>\n<li data-section-id=\"1ehzjmo\" data-start=\"311\" data-end=\"322\">INDESIT<\/li>\n<\/ul>\n<hr data-start=\"324\" data-end=\"327\" \/>\n<p data-start=\"329\" data-end=\"482\"><strong data-start=\"329\" data-end=\"341\">Sh\u00ebnime:<\/strong><br data-start=\"341\" data-end=\"344\" \/>Litar p\u00ebr mekanizmin e mentesh\u00ebs s\u00eb der\u00ebs<br data-start=\"385\" data-end=\"388\" \/>Set: <strong data-start=\"393\" data-end=\"409\">2 cop\u00eb (KIT)<\/strong><br data-start=\"409\" data-end=\"412\" \/>Ndihmon n\u00eb hapjen dhe mbylljen e balancuar t\u00eb der\u00ebs s\u00eb lavastoviljes<\/p>\n<hr data-start=\"484\" data-end=\"487\" \/>\n<h3 data-section-id=\"5wwwhr\" data-start=\"489\" data-end=\"541\"><span role=\"text\"><strong data-start=\"493\" data-end=\"541\">Problemet \/ Simptomat kur duhet z\u00ebvend\u00ebsuar:<\/strong><\/span><\/h3>\n<ul data-start=\"542\" data-end=\"799\">\n<li data-section-id=\"18diig\" data-start=\"542\" data-end=\"581\">Dera bie posht\u00eb menj\u00ebher\u00eb kur hapet<\/li>\n<li data-section-id=\"ln4zuz\" data-start=\"582\" data-end=\"614\">Dera nuk q\u00ebndron n\u00eb pozicion<\/li>\n<li data-section-id=\"ufy5cd\" data-start=\"615\" data-end=\"647\">Hapje\/mbyllje jo e balancuar<\/li>\n<li data-section-id=\"1dkc4n2\" data-start=\"648\" data-end=\"680\">Zhurm\u00eb gjat\u00eb hapjes s\u00eb der\u00ebs<\/li>\n<li data-section-id=\"if6iob\" data-start=\"681\" data-end=\"717\">Litari i k\u00ebputur ose i konsumuar<\/li>\n<li data-section-id=\"54r1en\" data-start=\"718\" data-end=\"764\">Nj\u00ebra an\u00eb e der\u00ebs punon ndryshe nga tjetra<\/li>\n<li data-section-id=\"e13gcs\" data-start=\"765\" data-end=\"799\">V\u00ebshtir\u00ebsi n\u00eb mbylljen e der\u00ebs<\/li>\n<\/ul>","protected":false},"excerpt":{"rendered":"<p>Kodi: 140AC28P\u00ebrshkrimi: LITAR P\u00cbR MENTESH\u00cbN E DER\u00cbS S\u00cb LAVASTOVIGLIES BEKO (SET 2 COP\u00cb) Kodet origjinale:BEKO: 1881050300INDESIT: C00912654ARCELIK P\u00ebrputhshm\u00ebria:I p\u00ebrshtatsh\u00ebm p\u00ebr lavastovilje t\u00eb markave: BEKO ARCELIK INDESIT Sh\u00ebnime:Litar p\u00ebr mekanizmin e mentesh\u00ebs s\u00eb der\u00ebsSet: 2 cop\u00eb (KIT)Ndihmon n\u00eb hapjen dhe mbylljen e balancuar t\u00eb der\u00ebs s\u00eb lavastoviljes Problemet \/ Simptomat kur duhet z\u00ebvend\u00ebsuar: Dera bie posht\u00eb<\/p>\n<div class=\"klb-readmore button\"><a class=\"btn link\" href=\"https:\/\/ralkont.al\/sq\/sample-product\/litare-per-menteshat-e-lavastoviljes\/\">Read More <i class=\"klbth-icon-right-arrow\"><\/i><\/a><\/div>","protected":false},"featured_media":10097,"template":"","meta":[],"product_brand":[],"product_cat":[371,346],"product_tag":[],"class_list":{"0":"post-10096","1":"product","2":"type-product","3":"status-publish","4":"has-post-thumbnail","6":"product_cat-aksesor","7":"product_cat-larje","9":"first","10":"instock","11":"taxable","12":"shipping-taxable","13":"purchasable","14":"product-type-simple"},"_links":{"self":[{"href":"https:\/\/ralkont.al\/sq\/wp-json\/wp\/v2\/product\/10096","targetHints":{"allow":["GET"]}}],"collection":[{"href":"https:\/\/ralkont.al\/sq\/wp-json\/wp\/v2\/product"}],"about":[{"href":"https:\/\/ralkont.al\/sq\/wp-json\/wp\/v2\/types\/product"}],"wp:featuredmedia":[{"embeddable":true,"href":"https:\/\/ralkont.al\/sq\/wp-json\/wp\/v2\/media\/10097"}],"wp:attachment":[{"href":"https:\/\/ralkont.al\/sq\/wp-json\/wp\/v2\/media?parent=10096"}],"wp:term":[{"taxonomy":"product_brand","embeddable":true,"href":"https:\/\/ralkont.al\/sq\/wp-json\/wp\/v2\/product_brand?post=10096"},{"taxonomy":"product_cat","embeddable":true,"href":"https:\/\/ralkont.al\/sq\/wp-json\/wp\/v2\/product_cat?post=10096"},{"taxonomy":"product_tag","embeddable":true,"href":"https:\/\/ralkont.al\/sq\/wp-json\/wp\/v2\/product_tag?post=10096"}],"curies":[{"name":"wp","href":"https:\/\/api.w.org\/{rel}","templated":true}]}}