{"id":10093,"date":"2026-04-10T12:35:55","date_gmt":"2026-04-10T12:35:55","guid":{"rendered":"https:\/\/ralkont.al\/?post_type=product&#038;p=10093"},"modified":"2026-04-11T07:23:45","modified_gmt":"2026-04-11T07:23:45","slug":"perziers-kazani","status":"publish","type":"product","link":"https:\/\/ralkont.al\/sq\/sample-product\/perziers-kazani\/","title":{"rendered":"PERZIERS KAZANI"},"content":{"rendered":"<p data-start=\"65\" data-end=\"146\"><strong data-start=\"65\" data-end=\"74\">Kodi:<\/strong> 140AC03<br data-start=\"82\" data-end=\"85\" \/><strong data-start=\"85\" data-end=\"100\">P\u00ebrshkrimi:<\/strong> TRASMETUES (PADDLE) I KAZANIT P\u00cbR LAVATRI\u00c7E<\/p>\n<hr data-start=\"148\" data-end=\"151\" \/>\n<p data-start=\"153\" data-end=\"241\"><strong data-start=\"153\" data-end=\"174\">Kodet origjinale:<\/strong><br data-start=\"174\" data-end=\"177\" \/>BEKO: 2827760100, 2812260300, 2827790100, 2812260100<br data-start=\"229\" data-end=\"232\" \/>ARCELIK<\/p>\n<hr data-start=\"243\" data-end=\"246\" \/>\n<p data-start=\"248\" data-end=\"312\"><strong data-start=\"248\" data-end=\"267\">P\u00ebrputhshm\u00ebria:<\/strong><br data-start=\"267\" data-end=\"270\" \/>I p\u00ebrshtatsh\u00ebm p\u00ebr lavatri\u00e7e t\u00eb markave:<\/p>\n<ul data-start=\"313\" data-end=\"333\">\n<li data-section-id=\"1wb7l8r\" data-start=\"313\" data-end=\"321\">BEKO<\/li>\n<li data-section-id=\"p5vygj\" data-start=\"322\" data-end=\"333\">ARCELIK<\/li>\n<\/ul>\n<hr data-start=\"335\" data-end=\"338\" \/>\n<p data-start=\"340\" data-end=\"446\"><strong data-start=\"340\" data-end=\"352\">Sh\u00ebnime:<\/strong><br data-start=\"352\" data-end=\"355\" \/>Trascinatore (paddle) i kazanit<br data-start=\"386\" data-end=\"389\" \/>Ndihmon n\u00eb p\u00ebrzierjen dhe l\u00ebvizjen e rrobave gjat\u00eb larjes<\/p>\n<hr data-start=\"448\" data-end=\"451\" \/>\n<h3 data-section-id=\"5wwwhr\" data-start=\"453\" data-end=\"505\"><span role=\"text\"><strong data-start=\"457\" data-end=\"505\">Problemet \/ Simptomat kur duhet z\u00ebvend\u00ebsuar:<\/strong><\/span><\/h3>\n<ul data-start=\"506\" data-end=\"782\">\n<li data-section-id=\"dzyno5\" data-start=\"506\" data-end=\"535\">Rrobat nuk pastrohen mir\u00eb<\/li>\n<li data-section-id=\"kmcwee\" data-start=\"536\" data-end=\"580\">L\u00ebvizje jo e rregullt e rrobave n\u00eb kazan<\/li>\n<li data-section-id=\"1y1ix80\" data-start=\"581\" data-end=\"620\">Paddle i thyer, i \u00e7ar\u00eb ose i liruar<\/li>\n<li data-section-id=\"2rrm3m\" data-start=\"621\" data-end=\"660\">Zhurm\u00eb gjat\u00eb rrotullimit t\u00eb kazanit<\/li>\n<li data-section-id=\"4wp36a\" data-start=\"661\" data-end=\"703\">Rrobat kapen ose d\u00ebmtohen gjat\u00eb larjes<\/li>\n<li data-section-id=\"gzistk\" data-start=\"704\" data-end=\"747\">Nj\u00eb pjes\u00eb e kazanit nuk punon si\u00e7 duhet<\/li>\n<li data-section-id=\"1qzl560\" data-start=\"748\" data-end=\"782\">R\u00ebnie e performanc\u00ebs s\u00eb larjes<\/li>\n<\/ul>\n<p>&nbsp;<\/p>","protected":false},"excerpt":{"rendered":"<p>Kodi: 140AC03P\u00ebrshkrimi: TRASMETUES (PADDLE) I KAZANIT P\u00cbR LAVATRI\u00c7E Kodet origjinale:BEKO: 2827760100, 2812260300, 2827790100, 2812260100ARCELIK P\u00ebrputhshm\u00ebria:I p\u00ebrshtatsh\u00ebm p\u00ebr lavatri\u00e7e t\u00eb markave: BEKO ARCELIK Sh\u00ebnime:Trascinatore (paddle) i kazanitNdihmon n\u00eb p\u00ebrzierjen dhe l\u00ebvizjen e rrobave gjat\u00eb larjes Problemet \/ Simptomat kur duhet z\u00ebvend\u00ebsuar: Rrobat nuk pastrohen mir\u00eb L\u00ebvizje jo e rregullt e rrobave n\u00eb kazan Paddle i thyer,<\/p>\n<div class=\"klb-readmore button\"><a class=\"btn link\" href=\"https:\/\/ralkont.al\/sq\/sample-product\/perziers-kazani\/\">Read More <i class=\"klbth-icon-right-arrow\"><\/i><\/a><\/div>","protected":false},"featured_media":10094,"template":"","meta":[],"product_brand":[],"product_cat":[346,370],"product_tag":[],"class_list":{"0":"post-10093","1":"product","2":"type-product","3":"status-publish","4":"has-post-thumbnail","6":"product_cat-larje","7":"product_cat-perzieres-kazani","9":"first","10":"instock","11":"taxable","12":"shipping-taxable","13":"purchasable","14":"product-type-simple"},"_links":{"self":[{"href":"https:\/\/ralkont.al\/sq\/wp-json\/wp\/v2\/product\/10093","targetHints":{"allow":["GET"]}}],"collection":[{"href":"https:\/\/ralkont.al\/sq\/wp-json\/wp\/v2\/product"}],"about":[{"href":"https:\/\/ralkont.al\/sq\/wp-json\/wp\/v2\/types\/product"}],"wp:featuredmedia":[{"embeddable":true,"href":"https:\/\/ralkont.al\/sq\/wp-json\/wp\/v2\/media\/10094"}],"wp:attachment":[{"href":"https:\/\/ralkont.al\/sq\/wp-json\/wp\/v2\/media?parent=10093"}],"wp:term":[{"taxonomy":"product_brand","embeddable":true,"href":"https:\/\/ralkont.al\/sq\/wp-json\/wp\/v2\/product_brand?post=10093"},{"taxonomy":"product_cat","embeddable":true,"href":"https:\/\/ralkont.al\/sq\/wp-json\/wp\/v2\/product_cat?post=10093"},{"taxonomy":"product_tag","embeddable":true,"href":"https:\/\/ralkont.al\/sq\/wp-json\/wp\/v2\/product_tag?post=10093"}],"curies":[{"name":"wp","href":"https:\/\/api.w.org\/{rel}","templated":true}]}}