{"id":10091,"date":"2026-04-10T10:50:17","date_gmt":"2026-04-10T10:50:17","guid":{"rendered":"https:\/\/ralkont.al\/?post_type=product&#038;p=10091"},"modified":"2026-04-10T10:59:27","modified_gmt":"2026-04-10T10:59:27","slug":"elektrovalvule-hekuri-4","status":"publish","type":"product","link":"https:\/\/ralkont.al\/sq\/sample-product\/elektrovalvule-hekuri-4\/","title":{"rendered":"ELEKTROVALVULE HEKURI"},"content":{"rendered":"<p data-start=\"65\" data-end=\"117\"><strong data-start=\"65\" data-end=\"74\">Kodi:<\/strong> 807PE08<br data-start=\"82\" data-end=\"85\" \/><strong data-start=\"85\" data-end=\"100\">P\u00ebrshkrimi:<\/strong> ELEKTROVALVUL\u00cb<\/p>\n<hr data-start=\"119\" data-end=\"122\" \/>\n<p data-start=\"124\" data-end=\"225\"><strong data-start=\"124\" data-end=\"145\">Kodet origjinale:<\/strong><br data-start=\"145\" data-end=\"148\" \/>ARIETE: AT2111400010<br data-start=\"168\" data-end=\"171\" \/>MICROMAX: SC5174800<br data-start=\"190\" data-end=\"193\" \/>VETRELLA: VT157016<br data-start=\"211\" data-end=\"214\" \/>UNIVERSAL<\/p>\n<hr data-start=\"227\" data-end=\"230\" \/>\n<p data-start=\"232\" data-end=\"255\"><strong data-start=\"232\" data-end=\"246\">Prodhuesi:<\/strong><br data-start=\"246\" data-end=\"249\" \/>OLAB<\/p>\n<hr data-start=\"257\" data-end=\"260\" \/>\n<p data-start=\"262\" data-end=\"414\"><strong data-start=\"262\" data-end=\"274\">Sh\u00ebnime:<\/strong><br data-start=\"274\" data-end=\"277\" \/>Elektrovalvul\u00eb<br data-start=\"291\" data-end=\"294\" \/>Lidhje: <strong data-start=\"302\" data-end=\"325\">1\/8 mashkull (male)<\/strong> + dalje p\u00ebr zorr\u00eb n\u00eb <strong data-start=\"347\" data-end=\"373\">k\u00ebnd (angolare) majtas<\/strong><br data-start=\"373\" data-end=\"376\" \/>Fuqia: <strong data-start=\"383\" data-end=\"390\">4 W<\/strong><br data-start=\"390\" data-end=\"393\" \/>Tensioni: <strong data-start=\"403\" data-end=\"412\">220 V<\/strong><\/p>\n<hr data-start=\"416\" data-end=\"419\" \/>\n<h3 data-section-id=\"5wwwhr\" data-start=\"421\" data-end=\"473\"><span role=\"text\"><strong data-start=\"425\" data-end=\"473\">Problemet \/ Simptomat kur duhet z\u00ebvend\u00ebsuar:<\/strong><\/span><\/h3>\n<ul data-start=\"474\" data-end=\"775\">\n<li data-section-id=\"13mc7p1\" data-start=\"474\" data-end=\"520\">Nuk kalon uj\u00eb\/gaz kur pajisja \u00ebsht\u00eb aktive<\/li>\n<li data-section-id=\"epqmit\" data-start=\"521\" data-end=\"565\">Elektrovalvula nuk hapet ose nuk mbyllet<\/li>\n<li data-section-id=\"1xr4uc9\" data-start=\"566\" data-end=\"590\">Rrjedhje nga valvula<\/li>\n<li data-section-id=\"ck376l\" data-start=\"591\" data-end=\"627\">Zhurm\u00eb \u201cklik\u201d pa funksionim real<\/li>\n<li data-section-id=\"kn2ze5\" data-start=\"628\" data-end=\"664\">Pajisja nuk furnizohet si\u00e7 duhet<\/li>\n<li data-section-id=\"y4tfan\" data-start=\"665\" data-end=\"688\">Mbinxehje e bobin\u00ebs<\/li>\n<li data-section-id=\"1gcbm7n\" data-start=\"689\" data-end=\"727\">Er\u00eb djegieje ose d\u00ebmtime elektrike<\/li>\n<li data-section-id=\"17ev38g\" data-start=\"728\" data-end=\"775\">Probleme me presionin ose rrjedh\u00ebn e l\u00ebngut<\/li>\n<\/ul>\n<p>&nbsp;<\/p>","protected":false},"excerpt":{"rendered":"<p>Kodi: 807PE08P\u00ebrshkrimi: ELEKTROVALVUL\u00cb Kodet origjinale:ARIETE: AT2111400010MICROMAX: SC5174800VETRELLA: VT157016UNIVERSAL Prodhuesi:OLAB Sh\u00ebnime:Elektrovalvul\u00ebLidhje: 1\/8 mashkull (male) + dalje p\u00ebr zorr\u00eb n\u00eb k\u00ebnd (angolare) majtasFuqia: 4 WTensioni: 220 V Problemet \/ Simptomat kur duhet z\u00ebvend\u00ebsuar: Nuk kalon uj\u00eb\/gaz kur pajisja \u00ebsht\u00eb aktive Elektrovalvula nuk hapet ose nuk mbyllet Rrjedhje nga valvula Zhurm\u00eb \u201cklik\u201d pa funksionim real Pajisja nuk furnizohet<\/p>\n<div class=\"klb-readmore button\"><a class=\"btn link\" href=\"https:\/\/ralkont.al\/sq\/sample-product\/elektrovalvule-hekuri-4\/\">Read More <i class=\"klbth-icon-right-arrow\"><\/i><\/a><\/div>","protected":false},"featured_media":10092,"template":"","meta":[],"product_brand":[],"product_cat":[392,388],"product_tag":[],"class_list":{"0":"post-10091","1":"product","2":"type-product","3":"status-publish","4":"has-post-thumbnail","6":"product_cat-bobina","7":"product_cat-paisje-te-vogla","9":"first","10":"instock","11":"taxable","12":"shipping-taxable","13":"purchasable","14":"product-type-simple"},"_links":{"self":[{"href":"https:\/\/ralkont.al\/sq\/wp-json\/wp\/v2\/product\/10091","targetHints":{"allow":["GET"]}}],"collection":[{"href":"https:\/\/ralkont.al\/sq\/wp-json\/wp\/v2\/product"}],"about":[{"href":"https:\/\/ralkont.al\/sq\/wp-json\/wp\/v2\/types\/product"}],"wp:featuredmedia":[{"embeddable":true,"href":"https:\/\/ralkont.al\/sq\/wp-json\/wp\/v2\/media\/10092"}],"wp:attachment":[{"href":"https:\/\/ralkont.al\/sq\/wp-json\/wp\/v2\/media?parent=10091"}],"wp:term":[{"taxonomy":"product_brand","embeddable":true,"href":"https:\/\/ralkont.al\/sq\/wp-json\/wp\/v2\/product_brand?post=10091"},{"taxonomy":"product_cat","embeddable":true,"href":"https:\/\/ralkont.al\/sq\/wp-json\/wp\/v2\/product_cat?post=10091"},{"taxonomy":"product_tag","embeddable":true,"href":"https:\/\/ralkont.al\/sq\/wp-json\/wp\/v2\/product_tag?post=10091"}],"curies":[{"name":"wp","href":"https:\/\/api.w.org\/{rel}","templated":true}]}}