{"id":10089,"date":"2026-04-10T10:44:27","date_gmt":"2026-04-10T10:44:27","guid":{"rendered":"https:\/\/ralkont.al\/?post_type=product&#038;p=10089"},"modified":"2026-04-10T10:49:12","modified_gmt":"2026-04-10T10:49:12","slug":"elektrovalvule-hekuri-3","status":"publish","type":"product","link":"https:\/\/ralkont.al\/sq\/sample-product\/elektrovalvule-hekuri-3\/","title":{"rendered":"ELEKTROVALVULE HEKURI"},"content":{"rendered":"<p data-start=\"65\" data-end=\"117\"><strong data-start=\"65\" data-end=\"74\">Kodi:<\/strong> 807PE07<br data-start=\"82\" data-end=\"85\" \/><strong data-start=\"85\" data-end=\"100\">P\u00ebrshkrimi:<\/strong> ELEKTROVALVUL\u00cb<\/p>\n<hr data-start=\"119\" data-end=\"122\" \/>\n<p data-start=\"124\" data-end=\"200\"><strong data-start=\"124\" data-end=\"145\">Kodet origjinale:<\/strong><br data-start=\"145\" data-end=\"148\" \/>MICROMAX: SC25020038<br data-start=\"168\" data-end=\"171\" \/>POLTI: M0003727<br data-start=\"186\" data-end=\"189\" \/>UNIVERSAL<\/p>\n<hr data-start=\"202\" data-end=\"205\" \/>\n<p data-start=\"207\" data-end=\"230\"><strong data-start=\"207\" data-end=\"221\">Prodhuesi:<\/strong><br data-start=\"221\" data-end=\"224\" \/>OLAB<\/p>\n<hr data-start=\"232\" data-end=\"235\" \/>\n<p data-start=\"237\" data-end=\"391\"><strong data-start=\"237\" data-end=\"249\">Sh\u00ebnime:<\/strong><br data-start=\"249\" data-end=\"252\" \/>Elektrovalvul\u00eb<br data-start=\"266\" data-end=\"269\" \/>Lidhje: <strong data-start=\"277\" data-end=\"300\">1\/8 mashkull (male)<\/strong> + dalje p\u00ebr zorr\u00eb n\u00eb <strong data-start=\"322\" data-end=\"350\">k\u00ebnd (angolare) djathtas<\/strong><br data-start=\"350\" data-end=\"353\" \/>Fuqia: <strong data-start=\"360\" data-end=\"367\">4 W<\/strong><br data-start=\"367\" data-end=\"370\" \/>Tensioni: <strong data-start=\"380\" data-end=\"389\">220 V<\/strong><\/p>\n<hr data-start=\"393\" data-end=\"396\" \/>\n<h3 data-section-id=\"5wwwhr\" data-start=\"398\" data-end=\"450\"><span role=\"text\"><strong data-start=\"402\" data-end=\"450\">Problemet \/ Simptomat kur duhet z\u00ebvend\u00ebsuar:<\/strong><\/span><\/h3>\n<ul data-start=\"451\" data-end=\"757\">\n<li data-section-id=\"13mc7p1\" data-start=\"451\" data-end=\"497\">Nuk kalon uj\u00eb\/gaz kur pajisja \u00ebsht\u00eb aktive<\/li>\n<li data-section-id=\"epqmit\" data-start=\"498\" data-end=\"542\">Elektrovalvula nuk hapet ose nuk mbyllet<\/li>\n<li data-section-id=\"1xr4uc9\" data-start=\"543\" data-end=\"567\">Rrjedhje nga valvula<\/li>\n<li data-section-id=\"ck376l\" data-start=\"568\" data-end=\"604\">Zhurm\u00eb \u201cklik\u201d pa funksionim real<\/li>\n<li data-section-id=\"kn2ze5\" data-start=\"605\" data-end=\"641\">Pajisja nuk furnizohet si\u00e7 duhet<\/li>\n<li data-section-id=\"y4tfan\" data-start=\"642\" data-end=\"665\">Mbinxehje e bobin\u00ebs<\/li>\n<li data-section-id=\"1gcbm7n\" data-start=\"666\" data-end=\"704\">Er\u00eb djegieje ose d\u00ebmtime elektrike<\/li>\n<li data-section-id=\"rm4nq3\" data-start=\"705\" data-end=\"757\">Probleme me furnizimin (presion i paq\u00ebndruesh\u00ebm)<\/li>\n<\/ul>","protected":false},"excerpt":{"rendered":"<p>Kodi: 807PE07P\u00ebrshkrimi: ELEKTROVALVUL\u00cb Kodet origjinale:MICROMAX: SC25020038POLTI: M0003727UNIVERSAL Prodhuesi:OLAB Sh\u00ebnime:Elektrovalvul\u00ebLidhje: 1\/8 mashkull (male) + dalje p\u00ebr zorr\u00eb n\u00eb k\u00ebnd (angolare) djathtasFuqia: 4 WTensioni: 220 V Problemet \/ Simptomat kur duhet z\u00ebvend\u00ebsuar: Nuk kalon uj\u00eb\/gaz kur pajisja \u00ebsht\u00eb aktive Elektrovalvula nuk hapet ose nuk mbyllet Rrjedhje nga valvula Zhurm\u00eb \u201cklik\u201d pa funksionim real Pajisja nuk furnizohet si\u00e7<\/p>\n<div class=\"klb-readmore button\"><a class=\"btn link\" href=\"https:\/\/ralkont.al\/sq\/sample-product\/elektrovalvule-hekuri-3\/\">Read More <i class=\"klbth-icon-right-arrow\"><\/i><\/a><\/div>","protected":false},"featured_media":10090,"template":"","meta":[],"product_brand":[],"product_cat":[392,388],"product_tag":[],"class_list":{"0":"post-10089","1":"product","2":"type-product","3":"status-publish","4":"has-post-thumbnail","6":"product_cat-bobina","7":"product_cat-paisje-te-vogla","9":"first","10":"instock","11":"taxable","12":"shipping-taxable","13":"purchasable","14":"product-type-simple"},"_links":{"self":[{"href":"https:\/\/ralkont.al\/sq\/wp-json\/wp\/v2\/product\/10089","targetHints":{"allow":["GET"]}}],"collection":[{"href":"https:\/\/ralkont.al\/sq\/wp-json\/wp\/v2\/product"}],"about":[{"href":"https:\/\/ralkont.al\/sq\/wp-json\/wp\/v2\/types\/product"}],"wp:featuredmedia":[{"embeddable":true,"href":"https:\/\/ralkont.al\/sq\/wp-json\/wp\/v2\/media\/10090"}],"wp:attachment":[{"href":"https:\/\/ralkont.al\/sq\/wp-json\/wp\/v2\/media?parent=10089"}],"wp:term":[{"taxonomy":"product_brand","embeddable":true,"href":"https:\/\/ralkont.al\/sq\/wp-json\/wp\/v2\/product_brand?post=10089"},{"taxonomy":"product_cat","embeddable":true,"href":"https:\/\/ralkont.al\/sq\/wp-json\/wp\/v2\/product_cat?post=10089"},{"taxonomy":"product_tag","embeddable":true,"href":"https:\/\/ralkont.al\/sq\/wp-json\/wp\/v2\/product_tag?post=10089"}],"curies":[{"name":"wp","href":"https:\/\/api.w.org\/{rel}","templated":true}]}}