{"id":10087,"date":"2026-04-10T10:25:21","date_gmt":"2026-04-10T10:25:21","guid":{"rendered":"https:\/\/ralkont.al\/?post_type=product&#038;p=10087"},"modified":"2026-04-10T10:44:21","modified_gmt":"2026-04-10T10:44:21","slug":"elektrovalvule-hekuri-2","status":"publish","type":"product","link":"https:\/\/ralkont.al\/sq\/sample-product\/elektrovalvule-hekuri-2\/","title":{"rendered":"ELEKTROVALVULE HEKURI"},"content":{"rendered":"<p data-start=\"65\" data-end=\"117\"><strong data-start=\"65\" data-end=\"74\">Kodi:<\/strong> 807PE06<br data-start=\"82\" data-end=\"85\" \/><strong data-start=\"85\" data-end=\"100\">P\u00ebrshkrimi:<\/strong> ELEKTROVALVUL\u00cb<\/p>\n<hr data-start=\"119\" data-end=\"122\" \/>\n<p data-start=\"124\" data-end=\"157\"><strong data-start=\"124\" data-end=\"143\">Kodi origjinal:<\/strong><br data-start=\"143\" data-end=\"146\" \/>UNIVERSAL<\/p>\n<hr data-start=\"159\" data-end=\"162\" \/>\n<p data-start=\"164\" data-end=\"187\"><strong data-start=\"164\" data-end=\"178\">Prodhuesi:<\/strong><br data-start=\"178\" data-end=\"181\" \/>CEME<\/p>\n<hr data-start=\"189\" data-end=\"192\" \/>\n<p data-start=\"194\" data-end=\"327\"><strong data-start=\"194\" data-end=\"206\">Sh\u00ebnime:<\/strong><br data-start=\"206\" data-end=\"209\" \/>Elektrovalvul\u00eb<br data-start=\"223\" data-end=\"226\" \/>Lidhje: <strong data-start=\"234\" data-end=\"257\">1\/8 mashkull (male)<\/strong> + dalje p\u00ebr zorr\u00eb n\u00eb <strong data-start=\"279\" data-end=\"286\">90\u00b0<\/strong><br data-start=\"286\" data-end=\"289\" \/>Fuqia: <strong data-start=\"296\" data-end=\"303\">4 W<\/strong><br data-start=\"303\" data-end=\"306\" \/>Tensioni: <strong data-start=\"316\" data-end=\"325\">220 V<\/strong><\/p>\n<hr data-start=\"329\" data-end=\"332\" \/>\n<h3 data-section-id=\"5wwwhr\" data-start=\"334\" data-end=\"386\"><span role=\"text\"><strong data-start=\"338\" data-end=\"386\">Problemet \/ Simptomat kur duhet z\u00ebvend\u00ebsuar:<\/strong><\/span><\/h3>\n<ul data-start=\"387\" data-end=\"693\">\n<li data-section-id=\"13mc7p1\" data-start=\"387\" data-end=\"433\">Nuk kalon uj\u00eb\/gaz kur pajisja \u00ebsht\u00eb aktive<\/li>\n<li data-section-id=\"epqmit\" data-start=\"434\" data-end=\"478\">Elektrovalvula nuk hapet ose nuk mbyllet<\/li>\n<li data-section-id=\"1xr4uc9\" data-start=\"479\" data-end=\"503\">Rrjedhje nga valvula<\/li>\n<li data-section-id=\"ck376l\" data-start=\"504\" data-end=\"540\">Zhurm\u00eb \u201cklik\u201d pa funksionim real<\/li>\n<li data-section-id=\"1ary0us\" data-start=\"541\" data-end=\"593\">Pajisja nuk mbushet ose nuk furnizohet si\u00e7 duhet<\/li>\n<li data-section-id=\"y4tfan\" data-start=\"594\" data-end=\"617\">Mbinxehje e bobin\u00ebs<\/li>\n<li data-section-id=\"1gcbm7n\" data-start=\"618\" data-end=\"656\">Er\u00eb djegieje ose d\u00ebmtime elektrike<\/li>\n<li data-section-id=\"ki0dos\" data-start=\"657\" data-end=\"693\">Bie siguresa \/ shkakton shkurtim<\/li>\n<\/ul>","protected":false},"excerpt":{"rendered":"<p>Kodi: 807PE06P\u00ebrshkrimi: ELEKTROVALVUL\u00cb Kodi origjinal:UNIVERSAL Prodhuesi:CEME Sh\u00ebnime:Elektrovalvul\u00ebLidhje: 1\/8 mashkull (male) + dalje p\u00ebr zorr\u00eb n\u00eb 90\u00b0Fuqia: 4 WTensioni: 220 V Problemet \/ Simptomat kur duhet z\u00ebvend\u00ebsuar: Nuk kalon uj\u00eb\/gaz kur pajisja \u00ebsht\u00eb aktive Elektrovalvula nuk hapet ose nuk mbyllet Rrjedhje nga valvula Zhurm\u00eb \u201cklik\u201d pa funksionim real Pajisja nuk mbushet ose nuk furnizohet si\u00e7 duhet<\/p>\n<div class=\"klb-readmore button\"><a class=\"btn link\" href=\"https:\/\/ralkont.al\/sq\/sample-product\/elektrovalvule-hekuri-2\/\">Read More <i class=\"klbth-icon-right-arrow\"><\/i><\/a><\/div>","protected":false},"featured_media":10088,"template":"","meta":[],"product_brand":[],"product_cat":[392,388],"product_tag":[],"class_list":{"0":"post-10087","1":"product","2":"type-product","3":"status-publish","4":"has-post-thumbnail","6":"product_cat-bobina","7":"product_cat-paisje-te-vogla","9":"first","10":"instock","11":"taxable","12":"shipping-taxable","13":"purchasable","14":"product-type-simple"},"_links":{"self":[{"href":"https:\/\/ralkont.al\/sq\/wp-json\/wp\/v2\/product\/10087","targetHints":{"allow":["GET"]}}],"collection":[{"href":"https:\/\/ralkont.al\/sq\/wp-json\/wp\/v2\/product"}],"about":[{"href":"https:\/\/ralkont.al\/sq\/wp-json\/wp\/v2\/types\/product"}],"wp:featuredmedia":[{"embeddable":true,"href":"https:\/\/ralkont.al\/sq\/wp-json\/wp\/v2\/media\/10088"}],"wp:attachment":[{"href":"https:\/\/ralkont.al\/sq\/wp-json\/wp\/v2\/media?parent=10087"}],"wp:term":[{"taxonomy":"product_brand","embeddable":true,"href":"https:\/\/ralkont.al\/sq\/wp-json\/wp\/v2\/product_brand?post=10087"},{"taxonomy":"product_cat","embeddable":true,"href":"https:\/\/ralkont.al\/sq\/wp-json\/wp\/v2\/product_cat?post=10087"},{"taxonomy":"product_tag","embeddable":true,"href":"https:\/\/ralkont.al\/sq\/wp-json\/wp\/v2\/product_tag?post=10087"}],"curies":[{"name":"wp","href":"https:\/\/api.w.org\/{rel}","templated":true}]}}