{"id":10084,"date":"2026-04-10T10:18:09","date_gmt":"2026-04-10T10:18:09","guid":{"rendered":"https:\/\/ralkont.al\/?post_type=product&#038;p=10084"},"modified":"2026-04-10T10:25:16","modified_gmt":"2026-04-10T10:25:16","slug":"elektrovalvule-hekuri","status":"publish","type":"product","link":"https:\/\/ralkont.al\/sq\/sample-product\/elektrovalvule-hekuri\/","title":{"rendered":"ELEKTROVALVULE HEKURI"},"content":{"rendered":"<p data-start=\"65\" data-end=\"117\"><strong data-start=\"65\" data-end=\"74\">Kodi:<\/strong> 807PE05<br data-start=\"82\" data-end=\"85\" \/><strong data-start=\"85\" data-end=\"100\">P\u00ebrshkrimi:<\/strong> ELEKTROVALVUL\u00cb<\/p>\n<hr data-start=\"119\" data-end=\"122\" \/>\n<p data-start=\"124\" data-end=\"157\"><strong data-start=\"124\" data-end=\"143\">Kodi origjinal:<\/strong><br data-start=\"143\" data-end=\"146\" \/>UNIVERSAL<\/p>\n<hr data-start=\"159\" data-end=\"162\" \/>\n<p data-start=\"164\" data-end=\"187\"><strong data-start=\"164\" data-end=\"178\">Prodhuesi:<\/strong><br data-start=\"178\" data-end=\"181\" \/>OLAB<\/p>\n<hr data-start=\"189\" data-end=\"192\" \/>\n<p data-start=\"194\" data-end=\"328\"><strong data-start=\"194\" data-end=\"206\">Sh\u00ebnime:<\/strong><br data-start=\"206\" data-end=\"209\" \/>Elektrovalvul\u00eb<br data-start=\"223\" data-end=\"226\" \/>Lidhje: <strong data-start=\"234\" data-end=\"257\">1\/8 mashkull (male)<\/strong> + dalje p\u00ebr zorr\u00eb n\u00eb <strong data-start=\"279\" data-end=\"287\">180\u00b0<\/strong><br data-start=\"287\" data-end=\"290\" \/>Fuqia: <strong data-start=\"297\" data-end=\"304\">4 W<\/strong><br data-start=\"304\" data-end=\"307\" \/>Tensioni: <strong data-start=\"317\" data-end=\"326\">220 V<\/strong><\/p>\n<hr data-start=\"330\" data-end=\"333\" \/>\n<h3 data-section-id=\"5wwwhr\" data-start=\"335\" data-end=\"387\"><span role=\"text\"><strong data-start=\"339\" data-end=\"387\">Problemet \/ Simptomat kur duhet z\u00ebvend\u00ebsuar:<\/strong><\/span><\/h3>\n<ul data-start=\"388\" data-end=\"694\">\n<li data-section-id=\"13mc7p1\" data-start=\"388\" data-end=\"434\">Nuk kalon uj\u00eb\/gaz kur pajisja \u00ebsht\u00eb aktive<\/li>\n<li data-section-id=\"epqmit\" data-start=\"435\" data-end=\"479\">Elektrovalvula nuk hapet ose nuk mbyllet<\/li>\n<li data-section-id=\"1xr4uc9\" data-start=\"480\" data-end=\"504\">Rrjedhje nga valvula<\/li>\n<li data-section-id=\"ck376l\" data-start=\"505\" data-end=\"541\">Zhurm\u00eb \u201cklik\u201d pa funksionim real<\/li>\n<li data-section-id=\"1ary0us\" data-start=\"542\" data-end=\"594\">Pajisja nuk mbushet ose nuk furnizohet si\u00e7 duhet<\/li>\n<li data-section-id=\"y4tfan\" data-start=\"595\" data-end=\"618\">Mbinxehje e bobin\u00ebs<\/li>\n<li data-section-id=\"1gcbm7n\" data-start=\"619\" data-end=\"657\">Er\u00eb djegieje ose d\u00ebmtime elektrike<\/li>\n<li data-section-id=\"ki0dos\" data-start=\"658\" data-end=\"694\">Bie siguresa \/ shkakton shkurtim<\/li>\n<\/ul>","protected":false},"excerpt":{"rendered":"<p>Kodi: 807PE05P\u00ebrshkrimi: ELEKTROVALVUL\u00cb Kodi origjinal:UNIVERSAL Prodhuesi:OLAB Sh\u00ebnime:Elektrovalvul\u00ebLidhje: 1\/8 mashkull (male) + dalje p\u00ebr zorr\u00eb n\u00eb 180\u00b0Fuqia: 4 WTensioni: 220 V Problemet \/ Simptomat kur duhet z\u00ebvend\u00ebsuar: Nuk kalon uj\u00eb\/gaz kur pajisja \u00ebsht\u00eb aktive Elektrovalvula nuk hapet ose nuk mbyllet Rrjedhje nga valvula Zhurm\u00eb \u201cklik\u201d pa funksionim real Pajisja nuk mbushet ose nuk furnizohet si\u00e7 duhet<\/p>\n<div class=\"klb-readmore button\"><a class=\"btn link\" href=\"https:\/\/ralkont.al\/sq\/sample-product\/elektrovalvule-hekuri\/\">Read More <i class=\"klbth-icon-right-arrow\"><\/i><\/a><\/div>","protected":false},"featured_media":10086,"template":"","meta":[],"product_brand":[],"product_cat":[392,388],"product_tag":[],"class_list":{"0":"post-10084","1":"product","2":"type-product","3":"status-publish","4":"has-post-thumbnail","6":"product_cat-bobina","7":"product_cat-paisje-te-vogla","9":"first","10":"instock","11":"taxable","12":"shipping-taxable","13":"purchasable","14":"product-type-simple"},"_links":{"self":[{"href":"https:\/\/ralkont.al\/sq\/wp-json\/wp\/v2\/product\/10084","targetHints":{"allow":["GET"]}}],"collection":[{"href":"https:\/\/ralkont.al\/sq\/wp-json\/wp\/v2\/product"}],"about":[{"href":"https:\/\/ralkont.al\/sq\/wp-json\/wp\/v2\/types\/product"}],"wp:featuredmedia":[{"embeddable":true,"href":"https:\/\/ralkont.al\/sq\/wp-json\/wp\/v2\/media\/10086"}],"wp:attachment":[{"href":"https:\/\/ralkont.al\/sq\/wp-json\/wp\/v2\/media?parent=10084"}],"wp:term":[{"taxonomy":"product_brand","embeddable":true,"href":"https:\/\/ralkont.al\/sq\/wp-json\/wp\/v2\/product_brand?post=10084"},{"taxonomy":"product_cat","embeddable":true,"href":"https:\/\/ralkont.al\/sq\/wp-json\/wp\/v2\/product_cat?post=10084"},{"taxonomy":"product_tag","embeddable":true,"href":"https:\/\/ralkont.al\/sq\/wp-json\/wp\/v2\/product_tag?post=10084"}],"curies":[{"name":"wp","href":"https:\/\/api.w.org\/{rel}","templated":true}]}}