{"id":10078,"date":"2026-04-10T09:44:19","date_gmt":"2026-04-10T09:44:19","guid":{"rendered":"https:\/\/ralkont.al\/?post_type=product&#038;p=10078"},"modified":"2026-04-10T09:47:22","modified_gmt":"2026-04-10T09:47:22","slug":"ventilator-tangencial-9","status":"publish","type":"product","link":"https:\/\/ralkont.al\/sq\/sample-product\/ventilator-tangencial-9\/","title":{"rendered":"VENTILATOR TANGENCIAL"},"content":{"rendered":"<p data-start=\"65\" data-end=\"149\"><strong data-start=\"65\" data-end=\"74\">Kodi:<\/strong> 315TG14<br data-start=\"82\" data-end=\"85\" \/><strong data-start=\"85\" data-end=\"100\">P\u00ebrshkrimi:<\/strong> MOTOR VENTILATOR TANGJENCIAL I DYFISHT\u00cb 180 mm<\/p>\n<hr data-start=\"151\" data-end=\"154\" \/>\n<p data-start=\"156\" data-end=\"189\"><strong data-start=\"156\" data-end=\"175\">Kodi origjinal:<\/strong><br data-start=\"175\" data-end=\"178\" \/>UNIVERSAL<\/p>\n<hr data-start=\"191\" data-end=\"194\" \/>\n<p data-start=\"196\" data-end=\"364\"><strong data-start=\"196\" data-end=\"208\">Sh\u00ebnime:<\/strong><br data-start=\"208\" data-end=\"211\" \/>Motor ventilatori tangjencial <strong data-start=\"241\" data-end=\"264\">i dyfisht\u00eb (double)<\/strong><br data-start=\"264\" data-end=\"267\" \/>Gjat\u00ebsia: <strong data-start=\"277\" data-end=\"287\">180 mm<\/strong><br data-start=\"287\" data-end=\"290\" \/><strong data-start=\"290\" data-end=\"307\">Made in Italy<\/strong><br data-start=\"307\" data-end=\"310\" \/>Siguron qarkullim m\u00eb t\u00eb madh ajri (dy dalje ventilimi)<\/p>\n<hr data-start=\"366\" data-end=\"369\" \/>\n<h3 data-section-id=\"5wwwhr\" data-start=\"371\" data-end=\"423\"><span role=\"text\"><strong data-start=\"375\" data-end=\"423\">Problemet \/ Simptomat kur duhet z\u00ebvend\u00ebsuar:<\/strong><\/span><\/h3>\n<ul data-start=\"424\" data-end=\"738\">\n<li data-section-id=\"1kt8kkt\" data-start=\"424\" data-end=\"455\">Ventilatori nuk ndizet fare<\/li>\n<li data-section-id=\"169k5pl\" data-start=\"456\" data-end=\"510\">Nj\u00ebra an\u00eb nuk punon (rrjedhje ajri jo e barabart\u00eb)<\/li>\n<li data-section-id=\"1tgmhsg\" data-start=\"511\" data-end=\"556\">Zhurm\u00eb e fort\u00eb ose jo normale gjat\u00eb pun\u00ebs<\/li>\n<li data-section-id=\"rgfaaq\" data-start=\"557\" data-end=\"586\">Qarkullim i dob\u00ebt i ajrit<\/li>\n<li data-section-id=\"fbvzfu\" data-start=\"587\" data-end=\"639\">Pajisja mbinxehet (furr\u00eb, sob\u00eb, aspirator, etj.)<\/li>\n<li data-section-id=\"1n1ztht\" data-start=\"640\" data-end=\"667\">Er\u00eb djegieje nga motori<\/li>\n<li data-section-id=\"fuaeat\" data-start=\"668\" data-end=\"707\">Rrotullim i ngadalt\u00eb ose i bllokuar<\/li>\n<li data-section-id=\"djz5df\" data-start=\"708\" data-end=\"738\">Dridhje gjat\u00eb funksionimit<\/li>\n<\/ul>","protected":false},"excerpt":{"rendered":"<p>Kodi: 315TG14P\u00ebrshkrimi: MOTOR VENTILATOR TANGJENCIAL I DYFISHT\u00cb 180 mm Kodi origjinal:UNIVERSAL Sh\u00ebnime:Motor ventilatori tangjencial i dyfisht\u00eb (double)Gjat\u00ebsia: 180 mmMade in ItalySiguron qarkullim m\u00eb t\u00eb madh ajri (dy dalje ventilimi) Problemet \/ Simptomat kur duhet z\u00ebvend\u00ebsuar: Ventilatori nuk ndizet fare Nj\u00ebra an\u00eb nuk punon (rrjedhje ajri jo e barabart\u00eb) Zhurm\u00eb e fort\u00eb ose jo normale gjat\u00eb<\/p>\n<div class=\"klb-readmore button\"><a class=\"btn link\" href=\"https:\/\/ralkont.al\/sq\/sample-product\/ventilator-tangencial-9\/\">Read More <i class=\"klbth-icon-right-arrow\"><\/i><\/a><\/div>","protected":false},"featured_media":10079,"template":"","meta":[],"product_brand":[],"product_cat":[309,312],"product_tag":[],"class_list":{"0":"post-10078","1":"product","2":"type-product","3":"status-publish","4":"has-post-thumbnail","6":"product_cat-frigorifer","7":"product_cat-ventilator","9":"first","10":"instock","11":"taxable","12":"shipping-taxable","13":"purchasable","14":"product-type-simple"},"_links":{"self":[{"href":"https:\/\/ralkont.al\/sq\/wp-json\/wp\/v2\/product\/10078","targetHints":{"allow":["GET"]}}],"collection":[{"href":"https:\/\/ralkont.al\/sq\/wp-json\/wp\/v2\/product"}],"about":[{"href":"https:\/\/ralkont.al\/sq\/wp-json\/wp\/v2\/types\/product"}],"wp:featuredmedia":[{"embeddable":true,"href":"https:\/\/ralkont.al\/sq\/wp-json\/wp\/v2\/media\/10079"}],"wp:attachment":[{"href":"https:\/\/ralkont.al\/sq\/wp-json\/wp\/v2\/media?parent=10078"}],"wp:term":[{"taxonomy":"product_brand","embeddable":true,"href":"https:\/\/ralkont.al\/sq\/wp-json\/wp\/v2\/product_brand?post=10078"},{"taxonomy":"product_cat","embeddable":true,"href":"https:\/\/ralkont.al\/sq\/wp-json\/wp\/v2\/product_cat?post=10078"},{"taxonomy":"product_tag","embeddable":true,"href":"https:\/\/ralkont.al\/sq\/wp-json\/wp\/v2\/product_tag?post=10078"}],"curies":[{"name":"wp","href":"https:\/\/api.w.org\/{rel}","templated":true}]}}