{"id":10074,"date":"2026-04-10T08:24:11","date_gmt":"2026-04-10T08:24:11","guid":{"rendered":"https:\/\/ralkont.al\/?post_type=product&#038;p=10074"},"modified":"2026-04-10T08:33:16","modified_gmt":"2026-04-10T08:33:16","slug":"ventilator-tangencial-7","status":"publish","type":"product","link":"https:\/\/ralkont.al\/sq\/sample-product\/ventilator-tangencial-7\/","title":{"rendered":"VENTILATOR TANGENCIAL"},"content":{"rendered":"<p data-start=\"65\" data-end=\"149\"><strong data-start=\"65\" data-end=\"74\">Kodi:<\/strong> 315TG10<br data-start=\"82\" data-end=\"85\" \/><strong data-start=\"85\" data-end=\"100\">P\u00ebrshkrimi:<\/strong> MOTOR VENTILATOR TANGJENCIAL 300 mm (Djathtas)<\/p>\n<hr data-start=\"151\" data-end=\"154\" \/>\n<p data-start=\"156\" data-end=\"189\"><strong data-start=\"156\" data-end=\"175\">Kodi origjinal:<\/strong><br data-start=\"175\" data-end=\"178\" \/>UNIVERSAL<\/p>\n<hr data-start=\"191\" data-end=\"194\" \/>\n<p data-start=\"196\" data-end=\"350\"><strong data-start=\"196\" data-end=\"208\">Sh\u00ebnime:<\/strong><br data-start=\"208\" data-end=\"211\" \/>Motor ventilatori tangjencial<br data-start=\"240\" data-end=\"243\" \/>Gjat\u00ebsia: <strong data-start=\"253\" data-end=\"263\">300 mm<\/strong><br data-start=\"263\" data-end=\"266\" \/>Drejtimi: <strong data-start=\"276\" data-end=\"296\">Djathtas (Right)<\/strong><br data-start=\"296\" data-end=\"299\" \/>Rrotullim: <strong data-start=\"310\" data-end=\"330\">Orar (Clockwise)<\/strong><br data-start=\"330\" data-end=\"333\" \/><strong data-start=\"333\" data-end=\"350\">Made in Italy<\/strong><\/p>\n<hr data-start=\"352\" data-end=\"355\" \/>\n<h3 data-section-id=\"5wwwhr\" data-start=\"357\" data-end=\"409\"><span role=\"text\"><strong data-start=\"361\" data-end=\"409\">Problemet \/ Simptomat kur duhet z\u00ebvend\u00ebsuar:<\/strong><\/span><\/h3>\n<ul data-start=\"410\" data-end=\"706\">\n<li data-section-id=\"1kt8kkt\" data-start=\"410\" data-end=\"441\">Ventilatori nuk ndizet fare<\/li>\n<li data-section-id=\"1tgmhsg\" data-start=\"442\" data-end=\"487\">Zhurm\u00eb e fort\u00eb ose jo normale gjat\u00eb pun\u00ebs<\/li>\n<li data-section-id=\"rgfaaq\" data-start=\"488\" data-end=\"517\">Qarkullim i dob\u00ebt i ajrit<\/li>\n<li data-section-id=\"fbvzfu\" data-start=\"518\" data-end=\"570\">Pajisja mbinxehet (furr\u00eb, sob\u00eb, aspirator, etj.)<\/li>\n<li data-section-id=\"1n1ztht\" data-start=\"571\" data-end=\"598\">Er\u00eb djegieje nga motori<\/li>\n<li data-section-id=\"fuaeat\" data-start=\"599\" data-end=\"638\">Rrotullim i ngadalt\u00eb ose i bllokuar<\/li>\n<li data-section-id=\"1hll37z\" data-start=\"639\" data-end=\"675\">Ndalesa t\u00eb papritura gjat\u00eb pun\u00ebs<\/li>\n<li data-section-id=\"djz5df\" data-start=\"676\" data-end=\"706\">Dridhje gjat\u00eb funksionimit<\/li>\n<\/ul>","protected":false},"excerpt":{"rendered":"<p>Kodi: 315TG10P\u00ebrshkrimi: MOTOR VENTILATOR TANGJENCIAL 300 mm (Djathtas) Kodi origjinal:UNIVERSAL Sh\u00ebnime:Motor ventilatori tangjencialGjat\u00ebsia: 300 mmDrejtimi: Djathtas (Right)Rrotullim: Orar (Clockwise)Made in Italy Problemet \/ Simptomat kur duhet z\u00ebvend\u00ebsuar: Ventilatori nuk ndizet fare Zhurm\u00eb e fort\u00eb ose jo normale gjat\u00eb pun\u00ebs Qarkullim i dob\u00ebt i ajrit Pajisja mbinxehet (furr\u00eb, sob\u00eb, aspirator, etj.) Er\u00eb djegieje nga motori Rrotullim<\/p>\n<div class=\"klb-readmore button\"><a class=\"btn link\" href=\"https:\/\/ralkont.al\/sq\/sample-product\/ventilator-tangencial-7\/\">Read More <i class=\"klbth-icon-right-arrow\"><\/i><\/a><\/div>","protected":false},"featured_media":10075,"template":"","meta":[],"product_brand":[],"product_cat":[309,312],"product_tag":[],"class_list":{"0":"post-10074","1":"product","2":"type-product","3":"status-publish","4":"has-post-thumbnail","6":"product_cat-frigorifer","7":"product_cat-ventilator","9":"first","10":"instock","11":"taxable","12":"shipping-taxable","13":"purchasable","14":"product-type-simple"},"_links":{"self":[{"href":"https:\/\/ralkont.al\/sq\/wp-json\/wp\/v2\/product\/10074","targetHints":{"allow":["GET"]}}],"collection":[{"href":"https:\/\/ralkont.al\/sq\/wp-json\/wp\/v2\/product"}],"about":[{"href":"https:\/\/ralkont.al\/sq\/wp-json\/wp\/v2\/types\/product"}],"wp:featuredmedia":[{"embeddable":true,"href":"https:\/\/ralkont.al\/sq\/wp-json\/wp\/v2\/media\/10075"}],"wp:attachment":[{"href":"https:\/\/ralkont.al\/sq\/wp-json\/wp\/v2\/media?parent=10074"}],"wp:term":[{"taxonomy":"product_brand","embeddable":true,"href":"https:\/\/ralkont.al\/sq\/wp-json\/wp\/v2\/product_brand?post=10074"},{"taxonomy":"product_cat","embeddable":true,"href":"https:\/\/ralkont.al\/sq\/wp-json\/wp\/v2\/product_cat?post=10074"},{"taxonomy":"product_tag","embeddable":true,"href":"https:\/\/ralkont.al\/sq\/wp-json\/wp\/v2\/product_tag?post=10074"}],"curies":[{"name":"wp","href":"https:\/\/api.w.org\/{rel}","templated":true}]}}