{"id":10068,"date":"2026-04-10T08:13:47","date_gmt":"2026-04-10T08:13:47","guid":{"rendered":"https:\/\/ralkont.al\/?post_type=product&#038;p=10068"},"modified":"2026-04-10T08:17:01","modified_gmt":"2026-04-10T08:17:01","slug":"ventilator-tangencial-4","status":"publish","type":"product","link":"https:\/\/ralkont.al\/sq\/sample-product\/ventilator-tangencial-4\/","title":{"rendered":"VENTILATOR TANGENCIAL"},"content":{"rendered":"<p data-start=\"65\" data-end=\"147\"><strong data-start=\"65\" data-end=\"74\">Kodi:<\/strong> 315TG07<br data-start=\"82\" data-end=\"85\" \/><strong data-start=\"85\" data-end=\"100\">P\u00ebrshkrimi:<\/strong> MOTOR VENTILATOR TANGJENCIAL 240 mm (Majtas)<\/p>\n<hr data-start=\"149\" data-end=\"152\" \/>\n<p data-start=\"154\" data-end=\"187\"><strong data-start=\"154\" data-end=\"173\">Kodi origjinal:<\/strong><br data-start=\"173\" data-end=\"176\" \/>UNIVERSAL<\/p>\n<hr data-start=\"189\" data-end=\"192\" \/>\n<p data-start=\"194\" data-end=\"353\"><strong data-start=\"194\" data-end=\"206\">Sh\u00ebnime:<\/strong><br data-start=\"206\" data-end=\"209\" \/>Motor ventilatori tangjencial<br data-start=\"238\" data-end=\"241\" \/>Gjat\u00ebsia: <strong data-start=\"251\" data-end=\"261\">240 mm<\/strong><br data-start=\"261\" data-end=\"264\" \/>Drejtimi: <strong data-start=\"274\" data-end=\"291\">Majtas (Left)<\/strong><br data-start=\"291\" data-end=\"294\" \/>Rrotullim: <strong data-start=\"305\" data-end=\"333\">Antiorar (Anticlockwise)<\/strong><br data-start=\"333\" data-end=\"336\" \/><strong data-start=\"336\" data-end=\"353\">Made in Italy<\/strong><\/p>\n<hr data-start=\"355\" data-end=\"358\" \/>\n<h3 data-section-id=\"5wwwhr\" data-start=\"360\" data-end=\"412\"><span role=\"text\"><strong data-start=\"364\" data-end=\"412\">Problemet \/ Simptomat kur duhet z\u00ebvend\u00ebsuar:<\/strong><\/span><\/h3>\n<ul data-start=\"413\" data-end=\"709\">\n<li data-section-id=\"1kt8kkt\" data-start=\"413\" data-end=\"444\">Ventilatori nuk ndizet fare<\/li>\n<li data-section-id=\"1tgmhsg\" data-start=\"445\" data-end=\"490\">Zhurm\u00eb e fort\u00eb ose jo normale gjat\u00eb pun\u00ebs<\/li>\n<li data-section-id=\"rgfaaq\" data-start=\"491\" data-end=\"520\">Qarkullim i dob\u00ebt i ajrit<\/li>\n<li data-section-id=\"fbvzfu\" data-start=\"521\" data-end=\"573\">Pajisja mbinxehet (furr\u00eb, sob\u00eb, aspirator, etj.)<\/li>\n<li data-section-id=\"1n1ztht\" data-start=\"574\" data-end=\"601\">Er\u00eb djegieje nga motori<\/li>\n<li data-section-id=\"fuaeat\" data-start=\"602\" data-end=\"641\">Rrotullim i ngadalt\u00eb ose i bllokuar<\/li>\n<li data-section-id=\"1hll37z\" data-start=\"642\" data-end=\"678\">Ndalesa t\u00eb papritura gjat\u00eb pun\u00ebs<\/li>\n<li data-section-id=\"djz5df\" data-start=\"679\" data-end=\"709\">Dridhje gjat\u00eb funksionimit<\/li>\n<\/ul>","protected":false},"excerpt":{"rendered":"<p>Kodi: 315TG07P\u00ebrshkrimi: MOTOR VENTILATOR TANGJENCIAL 240 mm (Majtas) Kodi origjinal:UNIVERSAL Sh\u00ebnime:Motor ventilatori tangjencialGjat\u00ebsia: 240 mmDrejtimi: Majtas (Left)Rrotullim: Antiorar (Anticlockwise)Made in Italy Problemet \/ Simptomat kur duhet z\u00ebvend\u00ebsuar: Ventilatori nuk ndizet fare Zhurm\u00eb e fort\u00eb ose jo normale gjat\u00eb pun\u00ebs Qarkullim i dob\u00ebt i ajrit Pajisja mbinxehet (furr\u00eb, sob\u00eb, aspirator, etj.) Er\u00eb djegieje nga motori Rrotullim<\/p>\n<div class=\"klb-readmore button\"><a class=\"btn link\" href=\"https:\/\/ralkont.al\/sq\/sample-product\/ventilator-tangencial-4\/\">Read More <i class=\"klbth-icon-right-arrow\"><\/i><\/a><\/div>","protected":false},"featured_media":10069,"template":"","meta":[],"product_brand":[],"product_cat":[309,312],"product_tag":[],"class_list":{"0":"post-10068","1":"product","2":"type-product","3":"status-publish","4":"has-post-thumbnail","6":"product_cat-frigorifer","7":"product_cat-ventilator","9":"first","10":"instock","11":"taxable","12":"shipping-taxable","13":"purchasable","14":"product-type-simple"},"_links":{"self":[{"href":"https:\/\/ralkont.al\/sq\/wp-json\/wp\/v2\/product\/10068","targetHints":{"allow":["GET"]}}],"collection":[{"href":"https:\/\/ralkont.al\/sq\/wp-json\/wp\/v2\/product"}],"about":[{"href":"https:\/\/ralkont.al\/sq\/wp-json\/wp\/v2\/types\/product"}],"wp:featuredmedia":[{"embeddable":true,"href":"https:\/\/ralkont.al\/sq\/wp-json\/wp\/v2\/media\/10069"}],"wp:attachment":[{"href":"https:\/\/ralkont.al\/sq\/wp-json\/wp\/v2\/media?parent=10068"}],"wp:term":[{"taxonomy":"product_brand","embeddable":true,"href":"https:\/\/ralkont.al\/sq\/wp-json\/wp\/v2\/product_brand?post=10068"},{"taxonomy":"product_cat","embeddable":true,"href":"https:\/\/ralkont.al\/sq\/wp-json\/wp\/v2\/product_cat?post=10068"},{"taxonomy":"product_tag","embeddable":true,"href":"https:\/\/ralkont.al\/sq\/wp-json\/wp\/v2\/product_tag?post=10068"}],"curies":[{"name":"wp","href":"https:\/\/api.w.org\/{rel}","templated":true}]}}