{"id":10063,"date":"2026-04-10T06:50:00","date_gmt":"2026-04-10T06:50:00","guid":{"rendered":"https:\/\/ralkont.al\/?post_type=product&#038;p=10063"},"modified":"2026-04-10T08:12:02","modified_gmt":"2026-04-10T08:12:02","slug":"ventilator-tangencial-2","status":"publish","type":"product","link":"https:\/\/ralkont.al\/sq\/sample-product\/ventilator-tangencial-2\/","title":{"rendered":"VENTILATOR TANGENCIAL"},"content":{"rendered":"<p data-start=\"65\" data-end=\"147\"><strong data-start=\"65\" data-end=\"74\">Kodi:<\/strong> 315TG05<br data-start=\"82\" data-end=\"85\" \/><strong data-start=\"85\" data-end=\"100\">P\u00ebrshkrimi:<\/strong> MOTOR VENTILATOR TANGJENCIAL 180 mm (Majtas)<\/p>\n<hr data-start=\"149\" data-end=\"152\" \/>\n<p data-start=\"154\" data-end=\"187\"><strong data-start=\"154\" data-end=\"173\">Kodi origjinal:<\/strong><br data-start=\"173\" data-end=\"176\" \/>UNIVERSAL<\/p>\n<hr data-start=\"189\" data-end=\"192\" \/>\n<p data-start=\"194\" data-end=\"238\"><strong data-start=\"194\" data-end=\"208\">Prodhuesi:<\/strong><br data-start=\"208\" data-end=\"211\" \/>I.M.S SRL \u2013 Made in Italy<\/p>\n<hr data-start=\"240\" data-end=\"243\" \/>\n<p data-start=\"245\" data-end=\"386\"><strong data-start=\"245\" data-end=\"257\">Sh\u00ebnime:<\/strong><br data-start=\"257\" data-end=\"260\" \/>Motor ventilatori tangjencial<br data-start=\"289\" data-end=\"292\" \/>Gjat\u00ebsia: <strong data-start=\"302\" data-end=\"312\">180 mm<\/strong><br data-start=\"312\" data-end=\"315\" \/>Drejtimi: <strong data-start=\"325\" data-end=\"342\">Majtas (Left)<\/strong><br data-start=\"342\" data-end=\"345\" \/>Rrotullim: <strong data-start=\"356\" data-end=\"384\">Antiorar (Anticlockwise)<\/strong><\/p>\n<hr data-start=\"388\" data-end=\"391\" \/>\n<h3 data-section-id=\"5wwwhr\" data-start=\"393\" data-end=\"445\"><span role=\"text\"><strong data-start=\"397\" data-end=\"445\">Problemet \/ Simptomat kur duhet z\u00ebvend\u00ebsuar:<\/strong><\/span><\/h3>\n<ul data-start=\"446\" data-end=\"731\">\n<li data-section-id=\"1kt8kkt\" data-start=\"446\" data-end=\"477\">Ventilatori nuk ndizet fare<\/li>\n<li data-section-id=\"1tgmhsg\" data-start=\"478\" data-end=\"523\">Zhurm\u00eb e fort\u00eb ose jo normale gjat\u00eb pun\u00ebs<\/li>\n<li data-section-id=\"rgfaaq\" data-start=\"524\" data-end=\"553\">Qarkullim i dob\u00ebt i ajrit<\/li>\n<li data-section-id=\"1cwua3b\" data-start=\"554\" data-end=\"595\">Pajisja mbinxehet (furr\u00eb, sob\u00eb, etj.)<\/li>\n<li data-section-id=\"1n1ztht\" data-start=\"596\" data-end=\"623\">Er\u00eb djegieje nga motori<\/li>\n<li data-section-id=\"1wwi42t\" data-start=\"624\" data-end=\"663\">Rrotullim i bllokuar ose i ngadalt\u00eb<\/li>\n<li data-section-id=\"1hll37z\" data-start=\"664\" data-end=\"700\">Ndalesa t\u00eb papritura gjat\u00eb pun\u00ebs<\/li>\n<li data-section-id=\"djz5df\" data-start=\"701\" data-end=\"731\">Dridhje gjat\u00eb funksionimit<\/li>\n<\/ul>","protected":false},"excerpt":{"rendered":"<p>Kodi: 315TG05P\u00ebrshkrimi: MOTOR VENTILATOR TANGJENCIAL 180 mm (Majtas) Kodi origjinal:UNIVERSAL Prodhuesi:I.M.S SRL \u2013 Made in Italy Sh\u00ebnime:Motor ventilatori tangjencialGjat\u00ebsia: 180 mmDrejtimi: Majtas (Left)Rrotullim: Antiorar (Anticlockwise) Problemet \/ Simptomat kur duhet z\u00ebvend\u00ebsuar: Ventilatori nuk ndizet fare Zhurm\u00eb e fort\u00eb ose jo normale gjat\u00eb pun\u00ebs Qarkullim i dob\u00ebt i ajrit Pajisja mbinxehet (furr\u00eb, sob\u00eb, etj.) Er\u00eb djegieje<\/p>\n<div class=\"klb-readmore button\"><a class=\"btn link\" href=\"https:\/\/ralkont.al\/sq\/sample-product\/ventilator-tangencial-2\/\">Read More <i class=\"klbth-icon-right-arrow\"><\/i><\/a><\/div>","protected":false},"featured_media":10065,"template":"","meta":[],"product_brand":[],"product_cat":[309,312],"product_tag":[],"class_list":{"0":"post-10063","1":"product","2":"type-product","3":"status-publish","4":"has-post-thumbnail","6":"product_cat-frigorifer","7":"product_cat-ventilator","9":"first","10":"instock","11":"taxable","12":"shipping-taxable","13":"purchasable","14":"product-type-simple"},"_links":{"self":[{"href":"https:\/\/ralkont.al\/sq\/wp-json\/wp\/v2\/product\/10063","targetHints":{"allow":["GET"]}}],"collection":[{"href":"https:\/\/ralkont.al\/sq\/wp-json\/wp\/v2\/product"}],"about":[{"href":"https:\/\/ralkont.al\/sq\/wp-json\/wp\/v2\/types\/product"}],"wp:featuredmedia":[{"embeddable":true,"href":"https:\/\/ralkont.al\/sq\/wp-json\/wp\/v2\/media\/10065"}],"wp:attachment":[{"href":"https:\/\/ralkont.al\/sq\/wp-json\/wp\/v2\/media?parent=10063"}],"wp:term":[{"taxonomy":"product_brand","embeddable":true,"href":"https:\/\/ralkont.al\/sq\/wp-json\/wp\/v2\/product_brand?post=10063"},{"taxonomy":"product_cat","embeddable":true,"href":"https:\/\/ralkont.al\/sq\/wp-json\/wp\/v2\/product_cat?post=10063"},{"taxonomy":"product_tag","embeddable":true,"href":"https:\/\/ralkont.al\/sq\/wp-json\/wp\/v2\/product_tag?post=10063"}],"curies":[{"name":"wp","href":"https:\/\/api.w.org\/{rel}","templated":true}]}}