{"id":10050,"date":"2026-04-09T12:28:54","date_gmt":"2026-04-09T12:28:54","guid":{"rendered":"https:\/\/ralkont.al\/?post_type=product&#038;p=10050"},"modified":"2026-04-09T12:31:09","modified_gmt":"2026-04-09T12:31:09","slug":"filter-fshese-universal-6","status":"publish","type":"product","link":"https:\/\/ralkont.al\/sq\/sample-product\/filter-fshese-universal-6\/","title":{"rendered":"FILTER FSHESE UNIVERSAL"},"content":{"rendered":"<p data-start=\"65\" data-end=\"141\"><strong data-start=\"65\" data-end=\"74\">Kodi:<\/strong> 803PE57<br data-start=\"82\" data-end=\"85\" \/><strong data-start=\"85\" data-end=\"100\">P\u00ebrshkrimi:<\/strong> FILT\u00cbR HEPA I P\u00cbRSHTATSH\u00cbM P\u00cbR PHILIPS<\/p>\n<hr data-start=\"143\" data-end=\"146\" \/>\n<p data-start=\"148\" data-end=\"193\"><strong data-start=\"148\" data-end=\"167\">Kodi origjinal:<\/strong><br data-start=\"167\" data-end=\"170\" \/>PHILIPS: 432200493801<\/p>\n<hr data-start=\"195\" data-end=\"198\" \/>\n<p data-start=\"200\" data-end=\"281\"><strong data-start=\"200\" data-end=\"219\">P\u00ebrputhshm\u00ebria:<\/strong><br data-start=\"219\" data-end=\"222\" \/>I p\u00ebrshtatsh\u00ebm p\u00ebr fshesa me korent <strong data-start=\"258\" data-end=\"269\">PHILIPS<\/strong><br data-start=\"269\" data-end=\"272\" \/>Serit\u00eb:<\/p>\n<ul data-start=\"282\" data-end=\"374\">\n<li data-section-id=\"1q9ty1l\" data-start=\"282\" data-end=\"312\">nga <strong data-start=\"288\" data-end=\"310\">FC8470 deri FC8473<\/strong><\/li>\n<li data-section-id=\"6ra7qw\" data-start=\"313\" data-end=\"343\">nga <strong data-start=\"319\" data-end=\"341\">FC8630 deri FC8645<\/strong><\/li>\n<li data-section-id=\"1q9flsv\" data-start=\"344\" data-end=\"374\">nga <strong data-start=\"350\" data-end=\"372\">FC9320 deri FC9325<\/strong><\/li>\n<\/ul>\n<hr data-start=\"376\" data-end=\"379\" \/>\n<p data-start=\"381\" data-end=\"459\"><strong data-start=\"381\" data-end=\"393\">Sh\u00ebnime:<\/strong><br data-start=\"393\" data-end=\"396\" \/>Filt\u00ebr HEPA<br data-start=\"407\" data-end=\"410\" \/>Siguron filtrimin e pluhurit dhe grimcave t\u00eb imta<\/p>\n<hr data-start=\"461\" data-end=\"464\" \/>\n<h3 data-section-id=\"5wwwhr\" data-start=\"466\" data-end=\"518\"><span role=\"text\"><strong data-start=\"470\" data-end=\"518\">Problemet \/ Simptomat kur duhet z\u00ebvend\u00ebsuar:<\/strong><\/span><\/h3>\n<ul data-start=\"519\" data-end=\"782\">\n<li data-section-id=\"31j5hh\" data-start=\"519\" data-end=\"548\">Ulje e fuqis\u00eb s\u00eb thithjes<\/li>\n<li data-section-id=\"yvxrlv\" data-start=\"549\" data-end=\"577\">Dalje pluhuri nga fshesa<\/li>\n<li data-section-id=\"18m55kz\" data-start=\"578\" data-end=\"615\">Er\u00eb e pak\u00ebndshme gjat\u00eb p\u00ebrdorimit<\/li>\n<li data-section-id=\"5q1683\" data-start=\"616\" data-end=\"656\">Filtri i bllokuar ose shum\u00eb i ndotur<\/li>\n<li data-section-id=\"iaxqeh\" data-start=\"657\" data-end=\"680\">Mbinxehje e motorit<\/li>\n<li data-section-id=\"18ujnp5\" data-start=\"681\" data-end=\"715\">Zhurm\u00eb m\u00eb e lart\u00eb se zakonisht<\/li>\n<li data-section-id=\"kvt8hn\" data-start=\"716\" data-end=\"749\">Performanc\u00eb e dob\u00ebt e fshes\u00ebs<\/li>\n<li data-section-id=\"14d1w65\" data-start=\"750\" data-end=\"782\">Filtri nuk pastrohet m\u00eb mir\u00eb<\/li>\n<\/ul>","protected":false},"excerpt":{"rendered":"<p>Kodi: 803PE57P\u00ebrshkrimi: FILT\u00cbR HEPA I P\u00cbRSHTATSH\u00cbM P\u00cbR PHILIPS Kodi origjinal:PHILIPS: 432200493801 P\u00ebrputhshm\u00ebria:I p\u00ebrshtatsh\u00ebm p\u00ebr fshesa me korent PHILIPSSerit\u00eb: nga FC8470 deri FC8473 nga FC8630 deri FC8645 nga FC9320 deri FC9325 Sh\u00ebnime:Filt\u00ebr HEPASiguron filtrimin e pluhurit dhe grimcave t\u00eb imta Problemet \/ Simptomat kur duhet z\u00ebvend\u00ebsuar: Ulje e fuqis\u00eb s\u00eb thithjes Dalje pluhuri nga fshesa Er\u00eb<\/p>\n<div class=\"klb-readmore button\"><a class=\"btn link\" href=\"https:\/\/ralkont.al\/sq\/sample-product\/filter-fshese-universal-6\/\">Read More <i class=\"klbth-icon-right-arrow\"><\/i><\/a><\/div>","protected":false},"featured_media":10051,"template":"","meta":[],"product_brand":[],"product_cat":[389,388],"product_tag":[],"class_list":{"0":"post-10050","1":"product","2":"type-product","3":"status-publish","4":"has-post-thumbnail","6":"product_cat-motor-fshesash","7":"product_cat-paisje-te-vogla","9":"first","10":"instock","11":"taxable","12":"shipping-taxable","13":"purchasable","14":"product-type-simple"},"_links":{"self":[{"href":"https:\/\/ralkont.al\/sq\/wp-json\/wp\/v2\/product\/10050","targetHints":{"allow":["GET"]}}],"collection":[{"href":"https:\/\/ralkont.al\/sq\/wp-json\/wp\/v2\/product"}],"about":[{"href":"https:\/\/ralkont.al\/sq\/wp-json\/wp\/v2\/types\/product"}],"wp:featuredmedia":[{"embeddable":true,"href":"https:\/\/ralkont.al\/sq\/wp-json\/wp\/v2\/media\/10051"}],"wp:attachment":[{"href":"https:\/\/ralkont.al\/sq\/wp-json\/wp\/v2\/media?parent=10050"}],"wp:term":[{"taxonomy":"product_brand","embeddable":true,"href":"https:\/\/ralkont.al\/sq\/wp-json\/wp\/v2\/product_brand?post=10050"},{"taxonomy":"product_cat","embeddable":true,"href":"https:\/\/ralkont.al\/sq\/wp-json\/wp\/v2\/product_cat?post=10050"},{"taxonomy":"product_tag","embeddable":true,"href":"https:\/\/ralkont.al\/sq\/wp-json\/wp\/v2\/product_tag?post=10050"}],"curies":[{"name":"wp","href":"https:\/\/api.w.org\/{rel}","templated":true}]}}