{"id":10041,"date":"2026-04-09T11:43:23","date_gmt":"2026-04-09T11:43:23","guid":{"rendered":"https:\/\/ralkont.al\/?post_type=product&#038;p=10041"},"modified":"2026-05-11T11:22:29","modified_gmt":"2026-05-11T11:22:29","slug":"filter-fshese-universal-3","status":"publish","type":"product","link":"https:\/\/ralkont.al\/sq\/sample-product\/filter-fshese-universal-3\/","title":{"rendered":"FILTER FSHESE UNIVERSAL ROWENTA"},"content":{"rendered":"<p data-start=\"65\" data-end=\"136\"><strong data-start=\"65\" data-end=\"74\">Kodi:<\/strong> 803PE71<br data-start=\"82\" data-end=\"85\" \/><strong data-start=\"85\" data-end=\"100\">P\u00ebrshkrimi:<\/strong> SET FILTRASH HEPA + FILT\u00cbR MOTORI<\/p>\n<hr data-start=\"138\" data-end=\"141\" \/>\n<p data-start=\"143\" data-end=\"184\"><strong data-start=\"143\" data-end=\"162\">Kodi origjinal:<\/strong><br data-start=\"162\" data-end=\"165\" \/>ROWENTA: ZR005901<\/p>\n<hr data-start=\"186\" data-end=\"189\" \/>\n<p data-start=\"191\" data-end=\"295\"><strong data-start=\"191\" data-end=\"210\">P\u00ebrputhshm\u00ebria:<\/strong><br data-start=\"210\" data-end=\"213\" \/>P\u00ebr fshesa <strong data-start=\"224\" data-end=\"258\">Rowenta Compact Power Cyclonic<\/strong><br data-start=\"258\" data-end=\"261\" \/>Modele: <strong data-start=\"269\" data-end=\"295\">RO3731, RO3753, RO3786<\/strong><\/p>\n<hr data-start=\"297\" data-end=\"300\" \/>\n<p data-start=\"302\" data-end=\"332\"><strong data-start=\"302\" data-end=\"314\">Sh\u00ebnime:<\/strong><br data-start=\"314\" data-end=\"317\" \/>Set p\u00ebrfshin:<\/p>\n<ul data-start=\"333\" data-end=\"370\">\n<li data-section-id=\"7bvciz\" data-start=\"333\" data-end=\"350\">1 filt\u00ebr HEPA<\/li>\n<li data-section-id=\"zpr32t\" data-start=\"351\" data-end=\"370\">1 filt\u00ebr motori<\/li>\n<\/ul>\n<p data-start=\"372\" data-end=\"424\">Siguron filtrimin e pluhurit dhe mbrojtjen e motorit<\/p>\n<hr data-start=\"426\" data-end=\"429\" \/>\n<h3 data-section-id=\"5wwwhr\" data-start=\"431\" data-end=\"483\"><span role=\"text\"><strong data-start=\"435\" data-end=\"483\">Problemet \/ Simptomat kur duhet z\u00ebvend\u00ebsuar:<\/strong><\/span><\/h3>\n<ul data-start=\"484\" data-end=\"767\">\n<li data-section-id=\"wsucwb\" data-start=\"484\" data-end=\"513\">Thithje e dob\u00ebt e fshes\u00ebs<\/li>\n<li data-section-id=\"lq72q3\" data-start=\"514\" data-end=\"539\">Dalje pluhuri nga pas<\/li>\n<li data-section-id=\"18m55kz\" data-start=\"540\" data-end=\"577\">Er\u00eb e pak\u00ebndshme gjat\u00eb p\u00ebrdorimit<\/li>\n<li data-section-id=\"u2167w\" data-start=\"578\" data-end=\"628\">Filtri i motorit shum\u00eb i ndotur ose i bllokuar<\/li>\n<li data-section-id=\"iaxqeh\" data-start=\"629\" data-end=\"652\">Mbinxehje e motorit<\/li>\n<li data-section-id=\"543vem\" data-start=\"653\" data-end=\"683\">Zhurm\u00eb e lart\u00eb gjat\u00eb pun\u00ebs<\/li>\n<li data-section-id=\"1c13lb\" data-start=\"684\" data-end=\"722\">Fshesa humbet performanc\u00ebn normale<\/li>\n<li data-section-id=\"1x2n5jf\" data-start=\"723\" data-end=\"767\">Filtrat nuk pastrohen m\u00eb edhe pas larjes<\/li>\n<\/ul>","protected":false},"excerpt":{"rendered":"<p>Kodi: 803PE71P\u00ebrshkrimi: SET FILTRASH HEPA + FILT\u00cbR MOTORI Kodi origjinal:ROWENTA: ZR005901 P\u00ebrputhshm\u00ebria:P\u00ebr fshesa Rowenta Compact Power CyclonicModele: RO3731, RO3753, RO3786 Sh\u00ebnime:Set p\u00ebrfshin: 1 filt\u00ebr HEPA 1 filt\u00ebr motori Siguron filtrimin e pluhurit dhe mbrojtjen e motorit Problemet \/ Simptomat kur duhet z\u00ebvend\u00ebsuar: Thithje e dob\u00ebt e fshes\u00ebs Dalje pluhuri nga pas Er\u00eb e pak\u00ebndshme gjat\u00eb<\/p>\n<div class=\"klb-readmore button\"><a class=\"btn link\" href=\"https:\/\/ralkont.al\/sq\/sample-product\/filter-fshese-universal-3\/\">Read More <i class=\"klbth-icon-right-arrow\"><\/i><\/a><\/div>","protected":false},"featured_media":10043,"template":"","meta":[],"product_brand":[],"product_cat":[389,388],"product_tag":[],"class_list":{"0":"post-10041","1":"product","2":"type-product","3":"status-publish","4":"has-post-thumbnail","6":"product_cat-motor-fshesash","7":"product_cat-paisje-te-vogla","9":"first","10":"instock","11":"taxable","12":"shipping-taxable","13":"purchasable","14":"product-type-simple"},"_links":{"self":[{"href":"https:\/\/ralkont.al\/sq\/wp-json\/wp\/v2\/product\/10041","targetHints":{"allow":["GET"]}}],"collection":[{"href":"https:\/\/ralkont.al\/sq\/wp-json\/wp\/v2\/product"}],"about":[{"href":"https:\/\/ralkont.al\/sq\/wp-json\/wp\/v2\/types\/product"}],"wp:featuredmedia":[{"embeddable":true,"href":"https:\/\/ralkont.al\/sq\/wp-json\/wp\/v2\/media\/10043"}],"wp:attachment":[{"href":"https:\/\/ralkont.al\/sq\/wp-json\/wp\/v2\/media?parent=10041"}],"wp:term":[{"taxonomy":"product_brand","embeddable":true,"href":"https:\/\/ralkont.al\/sq\/wp-json\/wp\/v2\/product_brand?post=10041"},{"taxonomy":"product_cat","embeddable":true,"href":"https:\/\/ralkont.al\/sq\/wp-json\/wp\/v2\/product_cat?post=10041"},{"taxonomy":"product_tag","embeddable":true,"href":"https:\/\/ralkont.al\/sq\/wp-json\/wp\/v2\/product_tag?post=10041"}],"curies":[{"name":"wp","href":"https:\/\/api.w.org\/{rel}","templated":true}]}}