{"id":10039,"date":"2026-04-09T11:37:11","date_gmt":"2026-04-09T11:37:11","guid":{"rendered":"https:\/\/ralkont.al\/?post_type=product&#038;p=10039"},"modified":"2026-05-11T11:22:50","modified_gmt":"2026-05-11T11:22:50","slug":"filter-fshese-universal-2","status":"publish","type":"product","link":"https:\/\/ralkont.al\/sq\/sample-product\/filter-fshese-universal-2\/","title":{"rendered":"FILTER FSHESE UNIVERSAL ELECTROLUX"},"content":{"rendered":"<p data-start=\"84\" data-end=\"154\"><strong data-start=\"84\" data-end=\"93\">Kodi:<\/strong> 803PE70<br data-start=\"101\" data-end=\"104\" \/><strong data-start=\"104\" data-end=\"119\">P\u00ebrshkrimi:<\/strong> FILT\u00cbR HEPA ORIGJINAL ELECTROLUX<\/p>\n<hr data-start=\"156\" data-end=\"159\" \/>\n<p data-start=\"161\" data-end=\"377\"><strong data-start=\"161\" data-end=\"182\">Kodet origjinale:<\/strong><br data-start=\"182\" data-end=\"185\" \/>ELECTROLUX: 1130032012, 1130032038, 1130232018, 1130684010, 1130684028, 1130915075, 1131247023, 1131300012, 2193435019, 4055125621, 4055126348, 9001677682, 9001690586, 9001951202, 9002564053<\/p>\n<hr data-start=\"379\" data-end=\"382\" \/>\n<p data-start=\"384\" data-end=\"405\"><strong data-start=\"384\" data-end=\"403\">P\u00ebrputhshm\u00ebria:<\/strong><\/p>\n<ul data-start=\"406\" data-end=\"546\">\n<li data-section-id=\"eshvp\" data-start=\"406\" data-end=\"449\">ELECTROLUX (Accelerator, Oxygen, Ultra)<\/li>\n<li data-section-id=\"biazki\" data-start=\"450\" data-end=\"476\">AEG (AirMax, UltraOne)<\/li>\n<li data-section-id=\"1l007lt\" data-start=\"477\" data-end=\"516\">PHILIPS (AutoClean, ErgoFit, Jewel)<\/li>\n<li data-section-id=\"20tuup\" data-start=\"517\" data-end=\"546\">TORNADO (TO6720 \u2013 TO6726)<\/li>\n<\/ul>\n<hr data-start=\"548\" data-end=\"551\" \/>\n<p data-start=\"553\" data-end=\"655\"><strong data-start=\"553\" data-end=\"565\">Sh\u00ebnime:<\/strong><br data-start=\"565\" data-end=\"568\" \/>Filt\u00ebr HEPA <strong data-start=\"580\" data-end=\"604\">i lar\u00ebsh\u00ebm (lavab\u00ebl)<\/strong><br data-start=\"604\" data-end=\"607\" \/>Produkt <strong data-start=\"615\" data-end=\"655\">ORIGJINAL \u2013 i paketuar nga prodhuesi<\/strong><\/p>\n<hr data-start=\"657\" data-end=\"660\" \/>\n<h3 data-section-id=\"5wwwhr\" data-start=\"662\" data-end=\"714\"><span role=\"text\"><strong data-start=\"666\" data-end=\"714\">Problemet \/ Simptomat kur duhet z\u00ebvend\u00ebsuar:<\/strong><\/span><\/h3>\n<ul data-start=\"715\" data-end=\"1015\">\n<li data-section-id=\"gx7csu\" data-start=\"715\" data-end=\"755\">Ulje e fuqis\u00eb s\u00eb thithjes s\u00eb fshes\u00ebs<\/li>\n<li data-section-id=\"4xgv8n\" data-start=\"756\" data-end=\"794\">Dalje pluhuri ose grimcash n\u00eb aj\u00ebr<\/li>\n<li data-section-id=\"18m55kz\" data-start=\"795\" data-end=\"832\">Er\u00eb e pak\u00ebndshme gjat\u00eb p\u00ebrdorimit<\/li>\n<li data-section-id=\"bqxp7x\" data-start=\"833\" data-end=\"876\">Filtri nuk pastrohet m\u00eb edhe pas larjes<\/li>\n<li data-section-id=\"iaxqeh\" data-start=\"877\" data-end=\"900\">Mbinxehje e motorit<\/li>\n<li data-section-id=\"cnn5ff\" data-start=\"901\" data-end=\"934\">Fshesa fiket vet\u00eb gjat\u00eb pun\u00ebs<\/li>\n<li data-section-id=\"158gdn7\" data-start=\"935\" data-end=\"968\">Zhurm\u00eb m\u00eb e madhe se normalja<\/li>\n<li data-section-id=\"1n7sj9w\" data-start=\"969\" data-end=\"1015\">Filtri i d\u00ebmtuar ose i bllokuar plot\u00ebsisht<\/li>\n<\/ul>","protected":false},"excerpt":{"rendered":"<p>Kodi: 803PE70P\u00ebrshkrimi: FILT\u00cbR HEPA ORIGJINAL ELECTROLUX Kodet origjinale:ELECTROLUX: 1130032012, 1130032038, 1130232018, 1130684010, 1130684028, 1130915075, 1131247023, 1131300012, 2193435019, 4055125621, 4055126348, 9001677682, 9001690586, 9001951202, 9002564053 P\u00ebrputhshm\u00ebria: ELECTROLUX (Accelerator, Oxygen, Ultra) AEG (AirMax, UltraOne) PHILIPS (AutoClean, ErgoFit, Jewel) TORNADO (TO6720 \u2013 TO6726) Sh\u00ebnime:Filt\u00ebr HEPA i lar\u00ebsh\u00ebm (lavab\u00ebl)Produkt ORIGJINAL \u2013 i paketuar nga prodhuesi Problemet \/ Simptomat kur duhet<\/p>\n<div class=\"klb-readmore button\"><a class=\"btn link\" href=\"https:\/\/ralkont.al\/sq\/sample-product\/filter-fshese-universal-2\/\">Read More <i class=\"klbth-icon-right-arrow\"><\/i><\/a><\/div>","protected":false},"featured_media":10040,"template":"","meta":[],"product_brand":[],"product_cat":[389,388],"product_tag":[],"class_list":{"0":"post-10039","1":"product","2":"type-product","3":"status-publish","4":"has-post-thumbnail","6":"product_cat-motor-fshesash","7":"product_cat-paisje-te-vogla","9":"first","10":"instock","11":"taxable","12":"shipping-taxable","13":"purchasable","14":"product-type-simple"},"_links":{"self":[{"href":"https:\/\/ralkont.al\/sq\/wp-json\/wp\/v2\/product\/10039","targetHints":{"allow":["GET"]}}],"collection":[{"href":"https:\/\/ralkont.al\/sq\/wp-json\/wp\/v2\/product"}],"about":[{"href":"https:\/\/ralkont.al\/sq\/wp-json\/wp\/v2\/types\/product"}],"wp:featuredmedia":[{"embeddable":true,"href":"https:\/\/ralkont.al\/sq\/wp-json\/wp\/v2\/media\/10040"}],"wp:attachment":[{"href":"https:\/\/ralkont.al\/sq\/wp-json\/wp\/v2\/media?parent=10039"}],"wp:term":[{"taxonomy":"product_brand","embeddable":true,"href":"https:\/\/ralkont.al\/sq\/wp-json\/wp\/v2\/product_brand?post=10039"},{"taxonomy":"product_cat","embeddable":true,"href":"https:\/\/ralkont.al\/sq\/wp-json\/wp\/v2\/product_cat?post=10039"},{"taxonomy":"product_tag","embeddable":true,"href":"https:\/\/ralkont.al\/sq\/wp-json\/wp\/v2\/product_tag?post=10039"}],"curies":[{"name":"wp","href":"https:\/\/api.w.org\/{rel}","templated":true}]}}