{"id":10021,"date":"2026-04-03T13:30:34","date_gmt":"2026-04-03T13:30:34","guid":{"rendered":"https:\/\/ralkont.al\/?post_type=product&#038;p=10021"},"modified":"2026-04-03T13:33:02","modified_gmt":"2026-04-03T13:33:02","slug":"helike-sprucator-lavastovilje-16","status":"publish","type":"product","link":"https:\/\/ralkont.al\/sq\/sample-product\/helike-sprucator-lavastovilje-16\/","title":{"rendered":"HELIKE SPRUCATOR LAVASTOVILJE"},"content":{"rendered":"<p data-start=\"41\" data-end=\"112\"><strong data-start=\"41\" data-end=\"58\">Code: 140SM20<\/strong><br data-start=\"58\" data-end=\"61\" \/><strong data-start=\"61\" data-end=\"112\">HELIK\u00cb SP\u00cbRKAT\u00cbSE UJI E VOG\u00cbL P\u00cbR LAVASTOVIGLIE<\/strong><\/p>\n<p data-start=\"114\" data-end=\"250\">Helik\u00eb sp\u00ebrkat\u00ebse uji e vog\u00ebl, e p\u00ebrshtatshme p\u00ebr lavastovilje <strong data-start=\"177\" data-end=\"185\">Smeg<\/strong>, p\u00ebr shp\u00ebrndarje t\u00eb sakt\u00eb t\u00eb ujit n\u00eb zona specifike t\u00eb pajisjes.<\/p>\n<hr data-start=\"252\" data-end=\"255\" \/>\n<h3 data-section-id=\"1b9mgbo\" data-start=\"257\" data-end=\"294\">Kodet origjinale t\u00eb p\u00ebrshtatshme:<\/h3>\n<p data-start=\"295\" data-end=\"316\"><strong data-start=\"295\" data-end=\"304\">SMEG:<\/strong> 064570075<\/p>\n<hr data-start=\"318\" data-end=\"321\" \/>\n<h3 data-section-id=\"1g52jpi\" data-start=\"323\" data-end=\"347\">Specifikime teknike:<\/h3>\n<ul data-start=\"348\" data-end=\"477\">\n<li data-section-id=\"19u5zcc\" data-start=\"348\" data-end=\"393\">Tipi: <strong data-start=\"356\" data-end=\"391\">Helik\u00eb sp\u00ebrkat\u00ebse uji (e vog\u00ebl)<\/strong><\/li>\n<li data-section-id=\"1rekaqp\" data-start=\"394\" data-end=\"425\">P\u00ebrdorimi: <strong data-start=\"407\" data-end=\"423\">Lavastovilje<\/strong><\/li>\n<li data-section-id=\"1ajj6fj\" data-start=\"426\" data-end=\"450\">Gjat\u00ebsia: <strong data-start=\"438\" data-end=\"448\">225 mm<\/strong><\/li>\n<li data-section-id=\"1jlzwb3\" data-start=\"451\" data-end=\"477\">Ngjyra: <strong data-start=\"461\" data-end=\"475\">Gri (grey)<\/strong><\/li>\n<\/ul>\n<hr data-start=\"479\" data-end=\"482\" \/>\n<h3 data-section-id=\"fl7ray\" data-start=\"484\" data-end=\"499\">P\u00ebrshkrimi:<\/h3>\n<p data-start=\"500\" data-end=\"704\">Helik\u00eb sp\u00ebrkat\u00ebse uji e vog\u00ebl p\u00ebr lavastovilje Smeg, e projektuar p\u00ebr shp\u00ebrndarje t\u00eb sakt\u00eb dhe efikase t\u00eb ujit. Ideale p\u00ebr z\u00ebvend\u00ebsim t\u00eb pjes\u00ebve t\u00eb d\u00ebmtuara, duke rikthyer performanc\u00ebn optimale t\u00eb larjes.<\/p>\n<hr data-start=\"706\" data-end=\"709\" \/>\n<h3 data-section-id=\"5j7nrt\" data-start=\"711\" data-end=\"757\">Probleme t\u00eb zakonshme kur \u00ebsht\u00eb me defekt:<\/h3>\n<ul data-start=\"758\" data-end=\"1005\">\n<li data-section-id=\"1tpd4s\" data-start=\"758\" data-end=\"794\">Uji <strong data-start=\"764\" data-end=\"792\">nuk shp\u00ebrndahet si duhet<\/strong><\/li>\n<li data-section-id=\"1aah1n6\" data-start=\"795\" data-end=\"837\">Zona t\u00eb caktuara dalin <strong data-start=\"820\" data-end=\"835\">t\u00eb papastra<\/strong><\/li>\n<li data-section-id=\"1h12veq\" data-start=\"838\" data-end=\"868\">Helika <strong data-start=\"847\" data-end=\"866\">nuk rrotullohet<\/strong><\/li>\n<li data-section-id=\"i9moum\" data-start=\"869\" data-end=\"924\">Vrimat jan\u00eb <strong data-start=\"883\" data-end=\"922\">t\u00eb bllokuara nga mbetje ose g\u00eblqere<\/strong><\/li>\n<li data-section-id=\"104k5ja\" data-start=\"925\" data-end=\"962\">Presioni i ujit \u00ebsht\u00eb <strong data-start=\"949\" data-end=\"960\">i dob\u00ebt<\/strong><\/li>\n<li data-section-id=\"9rpu20\" data-start=\"963\" data-end=\"1005\">D\u00ebgjohet <strong data-start=\"974\" data-end=\"1003\">zhurm\u00eb gjat\u00eb funksionimit<\/strong><\/li>\n<\/ul>","protected":false},"excerpt":{"rendered":"<p>Code: 140SM20HELIK\u00cb SP\u00cbRKAT\u00cbSE UJI E VOG\u00cbL P\u00cbR LAVASTOVIGLIE Helik\u00eb sp\u00ebrkat\u00ebse uji e vog\u00ebl, e p\u00ebrshtatshme p\u00ebr lavastovilje Smeg, p\u00ebr shp\u00ebrndarje t\u00eb sakt\u00eb t\u00eb ujit n\u00eb zona specifike t\u00eb pajisjes. Kodet origjinale t\u00eb p\u00ebrshtatshme: SMEG: 064570075 Specifikime teknike: Tipi: Helik\u00eb sp\u00ebrkat\u00ebse uji (e vog\u00ebl) P\u00ebrdorimi: Lavastovilje Gjat\u00ebsia: 225 mm Ngjyra: Gri (grey) P\u00ebrshkrimi: Helik\u00eb sp\u00ebrkat\u00ebse uji<\/p>\n<div class=\"klb-readmore button\"><a class=\"btn link\" href=\"https:\/\/ralkont.al\/sq\/sample-product\/helike-sprucator-lavastovilje-16\/\">Read More <i class=\"klbth-icon-right-arrow\"><\/i><\/a><\/div>","protected":false},"featured_media":10022,"template":"","meta":[],"product_brand":[],"product_cat":[346,370],"product_tag":[],"class_list":{"0":"post-10021","1":"product","2":"type-product","3":"status-publish","4":"has-post-thumbnail","6":"product_cat-larje","7":"product_cat-perzieres-kazani","9":"first","10":"instock","11":"taxable","12":"shipping-taxable","13":"purchasable","14":"product-type-simple"},"_links":{"self":[{"href":"https:\/\/ralkont.al\/sq\/wp-json\/wp\/v2\/product\/10021","targetHints":{"allow":["GET"]}}],"collection":[{"href":"https:\/\/ralkont.al\/sq\/wp-json\/wp\/v2\/product"}],"about":[{"href":"https:\/\/ralkont.al\/sq\/wp-json\/wp\/v2\/types\/product"}],"wp:featuredmedia":[{"embeddable":true,"href":"https:\/\/ralkont.al\/sq\/wp-json\/wp\/v2\/media\/10022"}],"wp:attachment":[{"href":"https:\/\/ralkont.al\/sq\/wp-json\/wp\/v2\/media?parent=10021"}],"wp:term":[{"taxonomy":"product_brand","embeddable":true,"href":"https:\/\/ralkont.al\/sq\/wp-json\/wp\/v2\/product_brand?post=10021"},{"taxonomy":"product_cat","embeddable":true,"href":"https:\/\/ralkont.al\/sq\/wp-json\/wp\/v2\/product_cat?post=10021"},{"taxonomy":"product_tag","embeddable":true,"href":"https:\/\/ralkont.al\/sq\/wp-json\/wp\/v2\/product_tag?post=10021"}],"curies":[{"name":"wp","href":"https:\/\/api.w.org\/{rel}","templated":true}]}}