{"id":2349,"date":"2022-10-18T08:51:34","date_gmt":"2022-10-18T08:51:34","guid":{"rendered":"https:\/\/klbtheme.com\/partdo\/?page_id=2349"},"modified":"2024-12-07T18:29:31","modified_gmt":"2024-12-07T18:29:31","slug":"about-us","status":"publish","type":"page","link":"https:\/\/ralkont.al\/sq\/about-us\/","title":{"rendered":"About Us"},"content":{"rendered":"<div data-elementor-type=\"wp-page\" data-elementor-id=\"2349\" class=\"elementor elementor-2349\">\n\t\t\t\t\t\t<section class=\"elementor-section elementor-top-section elementor-element elementor-element-be2ed4a elementor-section-full_width elementor-section-height-default elementor-section-height-default\" data-id=\"be2ed4a\" data-element_type=\"section\">\n\t\t\t\t\t\t<div class=\"elementor-container elementor-column-gap-no\">\n\t\t\t\t\t<div class=\"elementor-column elementor-col-100 elementor-top-column elementor-element elementor-element-fdb95ef\" data-id=\"fdb95ef\" data-element_type=\"column\">\n\t\t\t<div class=\"elementor-widget-wrap elementor-element-populated\">\n\t\t\t\t\t\t<div class=\"elementor-element elementor-element-af29231 elementor-widget elementor-widget-partdo-page-banner\" data-id=\"af29231\" data-element_type=\"widget\" data-widget_type=\"partdo-page-banner.default\">\n\t\t\t\t<div class=\"elementor-widget-container\">\n\t\t\t\t\t<div class=\"entry-page-header\"><div class=\"container\"><div class=\"page-header-content\"><h1 class=\"entry-title\">Kush Jemi Ne?<\/h1><div class=\"entry-description\"> <p>Ralkont shpk \u00ebsht\u00eb nj\u00eb furnizues i besuar q\u00eb specializohet n\u00eb tregtimin e pjes\u00ebve me cil\u00ebsi t\u00eb lart\u00eb p\u00ebr pajisje sht\u00ebpiake, duke p\u00ebrfshir\u00eb frigorifer\u00eb, lavatri\u00e7e, soba dhe pajisje t\u00eb vogla, si dhe nj\u00eb gam\u00eb t\u00eb gjer\u00eb veglash pune. <\/p><\/div><\/div><\/div><div class=\"entry-image\"> <img decoding=\"async\" src=\"http:\/\/ralkont.al\/wp-content\/uploads\/2024\/12\/IMG_2767-2-scaled.jpg\"><\/div><\/div>\t\t\t\t<\/div>\n\t\t\t\t<\/div>\n\t\t\t\t\t<\/div>\n\t\t<\/div>\n\t\t\t\t\t<\/div>\n\t\t<\/section>\n\t\t<div class=\"elementor-element elementor-element-470f841 e-grid e-con-full e-con e-parent\" data-id=\"470f841\" data-element_type=\"container\">\n\t\t\t\t<div class=\"elementor-element elementor-element-77b6320 elementor-widget elementor-widget-text-editor\" data-id=\"77b6320\" data-element_type=\"widget\" data-widget_type=\"text-editor.default\">\n\t\t\t\t<div class=\"elementor-widget-container\">\n\t\t\t\t\t\t\t\t\t<p>Ralkont shpk \u00ebsht\u00eb nj\u00eb furnizues i besuar q\u00eb specializohet n\u00eb tregtimin e pjes\u00ebve me cil\u00ebsi t\u00eb lart\u00eb p\u00ebr pajisje sht\u00ebpiake, duke p\u00ebrfshir\u00eb frigorifer\u00eb, lavatri\u00e7e, soba dhe pajisje t\u00eb vogla, si dhe nj\u00eb gam\u00eb t\u00eb gjer\u00eb veglash pune. Me vite eksperienc\u00eb n\u00eb treg, ne kemi nd\u00ebrtuar nj\u00eb reputacion p\u00ebr besueshm\u00ebri dhe ekspertiz\u00eb n\u00eb ofrimin e produkteve t\u00eb q\u00ebndrueshme dhe cil\u00ebsore q\u00eb plot\u00ebsojn\u00eb nevojat e klient\u00ebve tan\u00eb. Fillimisht operonim me emrin Europarts, por s\u00eb fundmi u ribranduam si Ralkont shpk p\u00ebr t\u00eb reflektuar rritjen dhe zgjerimin e sh\u00ebrbimeve tona, duke ruajtur t\u00eb nj\u00ebjt\u00ebn p\u00ebrkushtim ndaj cil\u00ebsis\u00eb dhe k\u00ebnaq\u00ebsis\u00eb s\u00eb klient\u00ebve.<\/p><p>Ralkont shpk ndodhet n\u00eb nj\u00eb vendndodhje t\u00eb favorshme n\u00eb Rrug\u00ebn Petro Nini Luarasi, nj\u00eb zon\u00eb strategjike dhe e leht\u00eb p\u00ebr t&#8217;u aksesuar n\u00eb Tiran\u00eb. Kjo vendndodhje na lejon t\u00eb sh\u00ebrbejm\u00eb klient\u00ebt tan\u00eb me shpejt\u00ebsi dhe efikasitet, duke qen\u00eb af\u00ebr rrug\u00ebve kryesore t\u00eb transportit. Gjithashtu, af\u00ebrsia me qendr\u00ebn e qytetit dhe zonat kryesore t\u00eb biznesit e b\u00ebn m\u00eb t\u00eb leht\u00eb p\u00ebr klient\u00ebt t\u00eb na vizitojn\u00eb dhe t\u00eb gjejn\u00eb zgjidhjet q\u00eb u nevojiten p\u00ebr pjes\u00ebt dhe pajisjet sht\u00ebpiake.<\/p>\t\t\t\t\t\t\t\t<\/div>\n\t\t\t\t<\/div>\n\t\t\t\t<div class=\"elementor-element elementor-element-1ee0e38 elementor-widget elementor-widget-image-carousel\" data-id=\"1ee0e38\" data-element_type=\"widget\" data-settings=\"{&quot;slides_to_show&quot;:&quot;1&quot;,&quot;navigation&quot;:&quot;none&quot;,&quot;autoplay&quot;:&quot;yes&quot;,&quot;pause_on_hover&quot;:&quot;yes&quot;,&quot;pause_on_interaction&quot;:&quot;yes&quot;,&quot;autoplay_speed&quot;:5000,&quot;infinite&quot;:&quot;yes&quot;,&quot;effect&quot;:&quot;slide&quot;,&quot;speed&quot;:500}\" data-widget_type=\"image-carousel.default\">\n\t\t\t\t<div class=\"elementor-widget-container\">\n\t\t\t\t\t\t\t<div class=\"elementor-image-carousel-wrapper swiper\" role=\"region\" aria-roledescription=\"carousel\" aria-label=\"Image Carousel\" dir=\"ltr\">\n\t\t\t<div class=\"elementor-image-carousel swiper-wrapper\" aria-live=\"off\">\n\t\t\t\t\t\t\t\t<div class=\"swiper-slide\" role=\"group\" aria-roledescription=\"slide\" aria-label=\"1 of 4\"><figure class=\"swiper-slide-inner\"><img decoding=\"async\" class=\"swiper-slide-image\" src=\"https:\/\/ralkont.al\/wp-content\/uploads\/2024\/12\/IMG_2713-2-768x1024.jpg\" alt=\"IMG_2713 2\" \/><\/figure><\/div><div class=\"swiper-slide\" role=\"group\" aria-roledescription=\"slide\" aria-label=\"2 of 4\"><figure class=\"swiper-slide-inner\"><img decoding=\"async\" class=\"swiper-slide-image\" src=\"https:\/\/ralkont.al\/wp-content\/uploads\/2024\/12\/IMG_2711-2-768x1024.jpg\" alt=\"IMG_2711 2\" \/><\/figure><\/div><div class=\"swiper-slide\" role=\"group\" aria-roledescription=\"slide\" aria-label=\"3 of 4\"><figure class=\"swiper-slide-inner\"><img decoding=\"async\" class=\"swiper-slide-image\" src=\"https:\/\/ralkont.al\/wp-content\/uploads\/2024\/12\/IMG_3485-3-404x1024.jpg\" alt=\"IMG_3485 3\" \/><\/figure><\/div><div class=\"swiper-slide\" role=\"group\" aria-roledescription=\"slide\" aria-label=\"4 of 4\"><figure class=\"swiper-slide-inner\"><img decoding=\"async\" class=\"swiper-slide-image\" src=\"https:\/\/ralkont.al\/wp-content\/uploads\/2024\/12\/IMG_8207-2-707x1024.jpg\" alt=\"IMG_8207 2\" \/><\/figure><\/div>\t\t\t<\/div>\n\t\t\t\t\t\t\t\n\t\t\t\t\t\t\t\t\t<\/div>\n\t\t\t\t\t\t<\/div>\n\t\t\t\t<\/div>\n\t\t\t\t<\/div>\n\t\t<div class=\"elementor-element elementor-element-eeb37ed e-flex e-con-boxed e-con e-parent\" data-id=\"eeb37ed\" data-element_type=\"container\">\n\t\t\t\t\t<div class=\"e-con-inner\">\n\t\t\t\t<div class=\"elementor-element elementor-element-b6e945f elementor-widget elementor-widget-image\" data-id=\"b6e945f\" data-element_type=\"widget\" data-widget_type=\"image.default\">\n\t\t\t\t<div class=\"elementor-widget-container\">\n\t\t\t\t\t\t\t\t\t\t\t\t\t\t\t<img fetchpriority=\"high\" decoding=\"async\" width=\"450\" height=\"450\" src=\"https:\/\/ralkont.al\/wp-content\/uploads\/2024\/12\/Screenshot-2024-12-07-at-19.25.03-450x450.png\" class=\"attachment-partdo-woo-product size-partdo-woo-product wp-image-6726\" alt=\"\" srcset=\"https:\/\/ralkont.al\/wp-content\/uploads\/2024\/12\/Screenshot-2024-12-07-at-19.25.03-450x450.png 450w, https:\/\/ralkont.al\/wp-content\/uploads\/2024\/12\/Screenshot-2024-12-07-at-19.25.03-150x150.png 150w\" sizes=\"(max-width: 450px) 100vw, 450px\" \/>\t\t\t\t\t\t\t\t\t\t\t\t\t\t\t<\/div>\n\t\t\t\t<\/div>\n\t\t\t\t\t<\/div>\n\t\t\t\t<\/div>\n\t\t\t\t<\/div>","protected":false},"excerpt":{"rendered":"<p>Kush Jemi Ne? Ralkont shpk \u00ebsht\u00eb nj\u00eb furnizues i besuar q\u00eb specializohet n\u00eb tregtimin e pjes\u00ebve me cil\u00ebsi t\u00eb lart\u00eb p\u00ebr pajisje sht\u00ebpiake, duke p\u00ebrfshir\u00eb frigorifer\u00eb, lavatri\u00e7e, soba dhe pajisje t\u00eb vogla, si dhe nj\u00eb gam\u00eb t\u00eb gjer\u00eb veglash pune. Ralkont shpk \u00ebsht\u00eb nj\u00eb furnizues i besuar q\u00eb specializohet n\u00eb tregtimin e pjes\u00ebve me cil\u00ebsi<\/p>\n<div class=\"klb-readmore button\"><a class=\"btn link\" href=\"https:\/\/ralkont.al\/sq\/about-us\/\">Read More <i class=\"klbth-icon-right-arrow\"><\/i><\/a><\/div>","protected":false},"author":2,"featured_media":0,"parent":0,"menu_order":0,"comment_status":"closed","ping_status":"closed","template":"","meta":{"footnotes":""},"class_list":["post-2349","page","type-page","status-publish","hentry"],"_links":{"self":[{"href":"https:\/\/ralkont.al\/sq\/wp-json\/wp\/v2\/pages\/2349","targetHints":{"allow":["GET"]}}],"collection":[{"href":"https:\/\/ralkont.al\/sq\/wp-json\/wp\/v2\/pages"}],"about":[{"href":"https:\/\/ralkont.al\/sq\/wp-json\/wp\/v2\/types\/page"}],"author":[{"embeddable":true,"href":"https:\/\/ralkont.al\/sq\/wp-json\/wp\/v2\/users\/2"}],"replies":[{"embeddable":true,"href":"https:\/\/ralkont.al\/sq\/wp-json\/wp\/v2\/comments?post=2349"}],"version-history":[{"count":198,"href":"https:\/\/ralkont.al\/sq\/wp-json\/wp\/v2\/pages\/2349\/revisions"}],"predecessor-version":[{"id":6735,"href":"https:\/\/ralkont.al\/sq\/wp-json\/wp\/v2\/pages\/2349\/revisions\/6735"}],"wp:attachment":[{"href":"https:\/\/ralkont.al\/sq\/wp-json\/wp\/v2\/media?parent=2349"}],"curies":[{"name":"wp","href":"https:\/\/api.w.org\/{rel}","templated":true}]}}